{"id":11577,"date":"2026-01-07T23:07:10","date_gmt":"2026-01-07T21:07:10","guid":{"rendered":"https:\/\/hamatsesa.com\/product\/brandy-de-pommes-vieilli-en-fut-43-700-ml\/"},"modified":"2026-01-07T23:07:10","modified_gmt":"2026-01-07T21:07:10","slug":"brandy-de-pommes-vieilli-en-fut-43-700-ml","status":"publish","type":"product","link":"https:\/\/hamatsesa.com\/fr\/product\/brandy-de-pommes-vieilli-en-fut-43-700-ml\/","title":{"rendered":"Brandy de pommes vieilli en f\u00fbt, 43 % | 700 ml"},"content":{"rendered":"","protected":false},"excerpt":{"rendered":"<p>Brandy de pomme \u00e9labor\u00e9 \u00e0 partir de pommes Pink Lady et Gala, douces et parfaitement m\u00fbres.<\/p>\n<p>Une mati\u00e8re premi\u00e8re d\u2019exception, directement issue des vergers de la Haute-Galil\u00e9e et du plateau du Golan.<\/p>\n<p>Le brandy est vieilli en f\u00fbts de ch\u00eane am\u00e9ricain et fran\u00e7ais : le ch\u00eane am\u00e9ricain apporte de d\u00e9licates notes vanill\u00e9es, tandis que le ch\u00eane fran\u00e7ais ajoute une profondeur \u00e9l\u00e9gante et une bois\u00e9 \u00e9quilibr\u00e9e. Ensemble, ils cr\u00e9ent une robe dor\u00e9e et subtile, aux reflets bruns et orang\u00e9s d\u00e9licats. <\/p>\n<p>Ar\u00f4me : pommes fra\u00eeches, senteurs campagnardes, caramel et miel, avec une touche \u00e9pic\u00e9e inspir\u00e9e de l\u2019Extr\u00eame-Orient.<br \/>\nBouche : intensit\u00e9 pleine de la pomme, chaleur bois\u00e9e, caramel, cannelle et miel \u2014 un ensemble \u00e9quilibr\u00e9, profond et accueillant.<br \/>\nFinale : lisse et de longueur moyenne, s\u2019arrondissant sur un souvenir d\u00e9licat de pomme et de bois.<br \/>Suggestion de service :<\/p>\n<p>\u00c0 d\u00e9guster \u00e0 temp\u00e9rature ambiante ou l\u00e9g\u00e8rement rafra\u00eechi (14\u201318 \u00b0C).<br \/>\nId\u00e9al pur, dans un verre ballon, accompagn\u00e9 de desserts aux pommes, de chocolat noir ou de fromages \u00e0 p\u00e2te dure.<br \/>\nConvient \u00e9galement \u00e0 des cocktails d\u00e9licats mettant en valeur la douceur de la pomme et ses ar\u00f4mes naturels.<\/p>\n","protected":false},"featured_media":11818,"template":"","meta":{"site-sidebar-layout":"default","site-content-layout":"","ast-site-content-layout":"default","site-content-style":"default","site-sidebar-style":"default","ast-global-header-display":"","ast-banner-title-visibility":"","ast-main-header-display":"","ast-hfb-above-header-display":"","ast-hfb-below-header-display":"","ast-hfb-mobile-header-display":"","site-post-title":"","ast-breadcrumbs-content":"","ast-featured-img":"","footer-sml-layout":"","theme-transparent-header-meta":"default","adv-header-id-meta":"","stick-header-meta":"","header-above-stick-meta":"","header-main-stick-meta":"","header-below-stick-meta":"","astra-migrate-meta-layouts":"default","ast-page-background-enabled":"default","ast-page-background-meta":{"desktop":{"background-color":"","background-image":"","background-repeat":"repeat","background-position":"center center","background-size":"auto","background-attachment":"scroll","background-type":"","background-media":"","overlay-type":"","overlay-color":"","overlay-opacity":"","overlay-gradient":""},"tablet":{"background-color":"","background-image":"","background-repeat":"repeat","background-position":"center center","background-size":"auto","background-attachment":"scroll","background-type":"","background-media":"","overlay-type":"","overlay-color":"","overlay-opacity":"","overlay-gradient":""},"mobile":{"background-color":"","background-image":"","background-repeat":"repeat","background-position":"center center","background-size":"auto","background-attachment":"scroll","background-type":"","background-media":"","overlay-type":"","overlay-color":"","overlay-opacity":"","overlay-gradient":""}},"ast-content-background-meta":{"desktop":{"background-color":"var(--ast-global-color-5)","background-image":"","background-repeat":"repeat","background-position":"center center","background-size":"auto","background-attachment":"scroll","background-type":"","background-media":"","overlay-type":"","overlay-color":"","overlay-opacity":"","overlay-gradient":""},"tablet":{"background-color":"var(--ast-global-color-5)","background-image":"","background-repeat":"repeat","background-position":"center center","background-size":"auto","background-attachment":"scroll","background-type":"","background-media":"","overlay-type":"","overlay-color":"","overlay-opacity":"","overlay-gradient":""},"mobile":{"background-color":"var(--ast-global-color-5)","background-image":"","background-repeat":"repeat","background-position":"center center","background-size":"auto","background-attachment":"scroll","background-type":"","background-media":"","overlay-type":"","overlay-color":"","overlay-opacity":"","overlay-gradient":""}}},"product_brand":[],"product_cat":[121],"product_tag":[],"class_list":{"0":"post-11577","1":"product","2":"type-product","3":"status-publish","4":"has-post-thumbnail","6":"product_cat-distillats","7":"desktop-align-left","8":"tablet-align-left","9":"mobile-align-left","11":"first","12":"instock","13":"shipping-taxable","14":"purchasable","15":"product-type-simple"},"yoast_head":"<!-- This site is optimized with the Yoast SEO plugin v27.2 - https:\/\/yoast.com\/product\/yoast-seo-wordpress\/ -->\n<title>Brandy de pommes vieilli en f\u00fbt, 43 % | 700 ml | \u05d4\u05de\u05ea\u05e1\u05e1\u05d4<\/title>\n<meta name=\"robots\" content=\"index, follow, max-snippet:-1, max-image-preview:large, max-video-preview:-1\" \/>\n<link rel=\"canonical\" href=\"https:\/\/hamatsesa.com\/fr\/product\/brandy-de-pommes-vieilli-en-fut-43-700-ml\/\" \/>\n<meta property=\"og:locale\" content=\"fr_FR\" \/>\n<meta property=\"og:type\" content=\"article\" \/>\n<meta property=\"og:title\" content=\"Brandy de pommes vieilli en f\u00fbt, 43 % | 700 ml | \u05d4\u05de\u05ea\u05e1\u05e1\u05d4\" \/>\n<meta property=\"og:description\" content=\"Brandy de pomme \u00e9labor\u00e9 \u00e0 partir de pommes Pink Lady et Gala, douces et parfaitement m\u00fbres. Une mati\u00e8re premi\u00e8re d\u2019exception, directement issue des vergers de la Haute-Galil\u00e9e et du plateau du Golan. Le brandy est vieilli en f\u00fbts de ch\u00eane am\u00e9ricain et fran\u00e7ais : le ch\u00eane am\u00e9ricain apporte de d\u00e9licates notes vanill\u00e9es, tandis que le ch\u00eane fran\u00e7ais ajoute une profondeur \u00e9l\u00e9gante et une bois\u00e9 \u00e9quilibr\u00e9e. Ensemble, ils cr\u00e9ent une robe dor\u00e9e et subtile, aux reflets bruns et orang\u00e9s d\u00e9licats.  Ar\u00f4me : pommes fra\u00eeches, senteurs campagnardes, caramel et miel, avec une touche \u00e9pic\u00e9e inspir\u00e9e de l\u2019Extr\u00eame-Orient. Bouche : intensit\u00e9 pleine de la pomme, chaleur bois\u00e9e, caramel, cannelle et miel \u2014 un ensemble \u00e9quilibr\u00e9, profond et accueillant. Finale : lisse et de longueur moyenne, s\u2019arrondissant sur un souvenir d\u00e9licat de pomme et de bois.Suggestion de service : \u00c0 d\u00e9guster \u00e0 temp\u00e9rature ambiante ou l\u00e9g\u00e8rement rafra\u00eechi (14\u201318 \u00b0C). Id\u00e9al pur, dans un verre ballon, accompagn\u00e9 de desserts aux pommes, de chocolat noir ou de fromages \u00e0 p\u00e2te dure. Convient \u00e9galement \u00e0 des cocktails d\u00e9licats mettant en valeur la douceur de la pomme et ses ar\u00f4mes naturels.\" \/>\n<meta property=\"og:url\" content=\"https:\/\/hamatsesa.com\/fr\/product\/brandy-de-pommes-vieilli-en-fut-43-700-ml\/\" \/>\n<meta property=\"og:site_name\" content=\"\u05d4\u05de\u05ea\u05e1\u05e1\u05d4\" \/>\n<meta property=\"og:image\" content=\"https:\/\/hamatsesa.com\/wp-content\/uploads\/2026\/01\/final-render-for-online-square-1010x1024.png\" \/>\n\t<meta property=\"og:image:width\" content=\"1010\" \/>\n\t<meta property=\"og:image:height\" content=\"1024\" \/>\n\t<meta property=\"og:image:type\" content=\"image\/png\" \/>\n<meta name=\"twitter:card\" content=\"summary_large_image\" \/>\n<script type=\"application\/ld+json\" class=\"yoast-schema-graph\">{\"@context\":\"https:\/\/schema.org\",\"@graph\":[{\"@type\":\"WebPage\",\"@id\":\"https:\/\/hamatsesa.com\/fr\/product\/brandy-de-pommes-vieilli-en-fut-43-700-ml\/\",\"url\":\"https:\/\/hamatsesa.com\/fr\/product\/brandy-de-pommes-vieilli-en-fut-43-700-ml\/\",\"name\":\"Brandy de pommes vieilli en f\u00fbt, 43 % | 700 ml | \u05d4\u05de\u05ea\u05e1\u05e1\u05d4\",\"isPartOf\":{\"@id\":\"https:\/\/hamatsesa.com\/fr\/#website\"},\"primaryImageOfPage\":{\"@id\":\"https:\/\/hamatsesa.com\/fr\/product\/brandy-de-pommes-vieilli-en-fut-43-700-ml\/#primaryimage\"},\"image\":{\"@id\":\"https:\/\/hamatsesa.com\/fr\/product\/brandy-de-pommes-vieilli-en-fut-43-700-ml\/#primaryimage\"},\"thumbnailUrl\":\"https:\/\/hamatsesa.com\/wp-content\/uploads\/2026\/01\/final-render-for-online-scaled.jpg\",\"datePublished\":\"2026-01-07T21:07:10+00:00\",\"breadcrumb\":{\"@id\":\"https:\/\/hamatsesa.com\/fr\/product\/brandy-de-pommes-vieilli-en-fut-43-700-ml\/#breadcrumb\"},\"inLanguage\":\"fr-FR\",\"potentialAction\":[{\"@type\":\"ReadAction\",\"target\":[\"https:\/\/hamatsesa.com\/fr\/product\/brandy-de-pommes-vieilli-en-fut-43-700-ml\/\"]}]},{\"@type\":\"ImageObject\",\"inLanguage\":\"fr-FR\",\"@id\":\"https:\/\/hamatsesa.com\/fr\/product\/brandy-de-pommes-vieilli-en-fut-43-700-ml\/#primaryimage\",\"url\":\"https:\/\/hamatsesa.com\/wp-content\/uploads\/2026\/01\/final-render-for-online-scaled.jpg\",\"contentUrl\":\"https:\/\/hamatsesa.com\/wp-content\/uploads\/2026\/01\/final-render-for-online-scaled.jpg\",\"width\":2560,\"height\":1507},{\"@type\":\"BreadcrumbList\",\"@id\":\"https:\/\/hamatsesa.com\/fr\/product\/brandy-de-pommes-vieilli-en-fut-43-700-ml\/#breadcrumb\",\"itemListElement\":[{\"@type\":\"ListItem\",\"position\":1,\"name\":\"\u05d3\u05e3 \u05d4\u05d1\u05d9\u05ea\",\"item\":\"https:\/\/hamatsesa.com\/fr\/maison\/\"},{\"@type\":\"ListItem\",\"position\":2,\"name\":\"Shop\",\"item\":\"https:\/\/hamatsesa.com\/shop\/\"},{\"@type\":\"ListItem\",\"position\":3,\"name\":\"Brandy de pommes vieilli en f\u00fbt, 43 % | 700 ml\"}]},{\"@type\":\"WebSite\",\"@id\":\"https:\/\/hamatsesa.com\/fr\/#website\",\"url\":\"https:\/\/hamatsesa.com\/fr\/\",\"name\":\"\u05d4\u05de\u05ea\u05e1\u05e1\u05d4\",\"description\":\"\u05d1\u05d9\u05ea \u05e2\u05d9\u05d1\u05d5\u05d3 \u05e4\u05e8\u05d9 \u05d9\u05e9\u05e8\u05d0\u05dc\u05d9\",\"publisher\":{\"@id\":\"https:\/\/hamatsesa.com\/fr\/#organization\"},\"potentialAction\":[{\"@type\":\"SearchAction\",\"target\":{\"@type\":\"EntryPoint\",\"urlTemplate\":\"https:\/\/hamatsesa.com\/fr\/?s={search_term_string}\"},\"query-input\":{\"@type\":\"PropertyValueSpecification\",\"valueRequired\":true,\"valueName\":\"search_term_string\"}}],\"inLanguage\":\"fr-FR\"},{\"@type\":\"Organization\",\"@id\":\"https:\/\/hamatsesa.com\/fr\/#organization\",\"name\":\"\u05d4\u05de\u05ea\u05e1\u05e1\u05d4\",\"url\":\"https:\/\/hamatsesa.com\/fr\/\",\"logo\":{\"@type\":\"ImageObject\",\"inLanguage\":\"fr-FR\",\"@id\":\"https:\/\/hamatsesa.com\/fr\/#\/schema\/logo\/image\/\",\"url\":\"https:\/\/hamatsesa.com\/wp-content\/uploads\/2020\/12\/-\u05e1\u05d5\u05e4\u05d9-01-e1626073975222.png\",\"contentUrl\":\"https:\/\/hamatsesa.com\/wp-content\/uploads\/2020\/12\/-\u05e1\u05d5\u05e4\u05d9-01-e1626073975222.png\",\"width\":765,\"height\":600,\"caption\":\"\u05d4\u05de\u05ea\u05e1\u05e1\u05d4\"},\"image\":{\"@id\":\"https:\/\/hamatsesa.com\/fr\/#\/schema\/logo\/image\/\"}}]}<\/script>\n<!-- \/ Yoast SEO plugin. -->","yoast_head_json":{"title":"Brandy de pommes vieilli en f\u00fbt, 43 % | 700 ml | \u05d4\u05de\u05ea\u05e1\u05e1\u05d4","robots":{"index":"index","follow":"follow","max-snippet":"max-snippet:-1","max-image-preview":"max-image-preview:large","max-video-preview":"max-video-preview:-1"},"canonical":"https:\/\/hamatsesa.com\/fr\/product\/brandy-de-pommes-vieilli-en-fut-43-700-ml\/","og_locale":"fr_FR","og_type":"article","og_title":"Brandy de pommes vieilli en f\u00fbt, 43 % | 700 ml | \u05d4\u05de\u05ea\u05e1\u05e1\u05d4","og_description":"Brandy de pomme \u00e9labor\u00e9 \u00e0 partir de pommes Pink Lady et Gala, douces et parfaitement m\u00fbres. Une mati\u00e8re premi\u00e8re d\u2019exception, directement issue des vergers de la Haute-Galil\u00e9e et du plateau du Golan. Le brandy est vieilli en f\u00fbts de ch\u00eane am\u00e9ricain et fran\u00e7ais : le ch\u00eane am\u00e9ricain apporte de d\u00e9licates notes vanill\u00e9es, tandis que le ch\u00eane fran\u00e7ais ajoute une profondeur \u00e9l\u00e9gante et une bois\u00e9 \u00e9quilibr\u00e9e. Ensemble, ils cr\u00e9ent une robe dor\u00e9e et subtile, aux reflets bruns et orang\u00e9s d\u00e9licats.  Ar\u00f4me : pommes fra\u00eeches, senteurs campagnardes, caramel et miel, avec une touche \u00e9pic\u00e9e inspir\u00e9e de l\u2019Extr\u00eame-Orient. Bouche : intensit\u00e9 pleine de la pomme, chaleur bois\u00e9e, caramel, cannelle et miel \u2014 un ensemble \u00e9quilibr\u00e9, profond et accueillant. Finale : lisse et de longueur moyenne, s\u2019arrondissant sur un souvenir d\u00e9licat de pomme et de bois.Suggestion de service : \u00c0 d\u00e9guster \u00e0 temp\u00e9rature ambiante ou l\u00e9g\u00e8rement rafra\u00eechi (14\u201318 \u00b0C). Id\u00e9al pur, dans un verre ballon, accompagn\u00e9 de desserts aux pommes, de chocolat noir ou de fromages \u00e0 p\u00e2te dure. Convient \u00e9galement \u00e0 des cocktails d\u00e9licats mettant en valeur la douceur de la pomme et ses ar\u00f4mes naturels.","og_url":"https:\/\/hamatsesa.com\/fr\/product\/brandy-de-pommes-vieilli-en-fut-43-700-ml\/","og_site_name":"\u05d4\u05de\u05ea\u05e1\u05e1\u05d4","og_image":[{"width":1010,"height":1024,"url":"https:\/\/hamatsesa.com\/wp-content\/uploads\/2026\/01\/final-render-for-online-square-1010x1024.png","type":"image\/png"}],"twitter_card":"summary_large_image","schema":{"@context":"https:\/\/schema.org","@graph":[{"@type":"WebPage","@id":"https:\/\/hamatsesa.com\/fr\/product\/brandy-de-pommes-vieilli-en-fut-43-700-ml\/","url":"https:\/\/hamatsesa.com\/fr\/product\/brandy-de-pommes-vieilli-en-fut-43-700-ml\/","name":"Brandy de pommes vieilli en f\u00fbt, 43 % | 700 ml | \u05d4\u05de\u05ea\u05e1\u05e1\u05d4","isPartOf":{"@id":"https:\/\/hamatsesa.com\/fr\/#website"},"primaryImageOfPage":{"@id":"https:\/\/hamatsesa.com\/fr\/product\/brandy-de-pommes-vieilli-en-fut-43-700-ml\/#primaryimage"},"image":{"@id":"https:\/\/hamatsesa.com\/fr\/product\/brandy-de-pommes-vieilli-en-fut-43-700-ml\/#primaryimage"},"thumbnailUrl":"https:\/\/hamatsesa.com\/wp-content\/uploads\/2026\/01\/final-render-for-online-scaled.jpg","datePublished":"2026-01-07T21:07:10+00:00","breadcrumb":{"@id":"https:\/\/hamatsesa.com\/fr\/product\/brandy-de-pommes-vieilli-en-fut-43-700-ml\/#breadcrumb"},"inLanguage":"fr-FR","potentialAction":[{"@type":"ReadAction","target":["https:\/\/hamatsesa.com\/fr\/product\/brandy-de-pommes-vieilli-en-fut-43-700-ml\/"]}]},{"@type":"ImageObject","inLanguage":"fr-FR","@id":"https:\/\/hamatsesa.com\/fr\/product\/brandy-de-pommes-vieilli-en-fut-43-700-ml\/#primaryimage","url":"https:\/\/hamatsesa.com\/wp-content\/uploads\/2026\/01\/final-render-for-online-scaled.jpg","contentUrl":"https:\/\/hamatsesa.com\/wp-content\/uploads\/2026\/01\/final-render-for-online-scaled.jpg","width":2560,"height":1507},{"@type":"BreadcrumbList","@id":"https:\/\/hamatsesa.com\/fr\/product\/brandy-de-pommes-vieilli-en-fut-43-700-ml\/#breadcrumb","itemListElement":[{"@type":"ListItem","position":1,"name":"\u05d3\u05e3 \u05d4\u05d1\u05d9\u05ea","item":"https:\/\/hamatsesa.com\/fr\/maison\/"},{"@type":"ListItem","position":2,"name":"Shop","item":"https:\/\/hamatsesa.com\/shop\/"},{"@type":"ListItem","position":3,"name":"Brandy de pommes vieilli en f\u00fbt, 43 % | 700 ml"}]},{"@type":"WebSite","@id":"https:\/\/hamatsesa.com\/fr\/#website","url":"https:\/\/hamatsesa.com\/fr\/","name":"\u05d4\u05de\u05ea\u05e1\u05e1\u05d4","description":"\u05d1\u05d9\u05ea \u05e2\u05d9\u05d1\u05d5\u05d3 \u05e4\u05e8\u05d9 \u05d9\u05e9\u05e8\u05d0\u05dc\u05d9","publisher":{"@id":"https:\/\/hamatsesa.com\/fr\/#organization"},"potentialAction":[{"@type":"SearchAction","target":{"@type":"EntryPoint","urlTemplate":"https:\/\/hamatsesa.com\/fr\/?s={search_term_string}"},"query-input":{"@type":"PropertyValueSpecification","valueRequired":true,"valueName":"search_term_string"}}],"inLanguage":"fr-FR"},{"@type":"Organization","@id":"https:\/\/hamatsesa.com\/fr\/#organization","name":"\u05d4\u05de\u05ea\u05e1\u05e1\u05d4","url":"https:\/\/hamatsesa.com\/fr\/","logo":{"@type":"ImageObject","inLanguage":"fr-FR","@id":"https:\/\/hamatsesa.com\/fr\/#\/schema\/logo\/image\/","url":"https:\/\/hamatsesa.com\/wp-content\/uploads\/2020\/12\/-\u05e1\u05d5\u05e4\u05d9-01-e1626073975222.png","contentUrl":"https:\/\/hamatsesa.com\/wp-content\/uploads\/2020\/12\/-\u05e1\u05d5\u05e4\u05d9-01-e1626073975222.png","width":765,"height":600,"caption":"\u05d4\u05de\u05ea\u05e1\u05e1\u05d4"},"image":{"@id":"https:\/\/hamatsesa.com\/fr\/#\/schema\/logo\/image\/"}}]}},"_links":{"self":[{"href":"https:\/\/hamatsesa.com\/fr\/wp-json\/wp\/v2\/product\/11577","targetHints":{"allow":["GET"]}}],"collection":[{"href":"https:\/\/hamatsesa.com\/fr\/wp-json\/wp\/v2\/product"}],"about":[{"href":"https:\/\/hamatsesa.com\/fr\/wp-json\/wp\/v2\/types\/product"}],"version-history":[{"count":0,"href":"https:\/\/hamatsesa.com\/fr\/wp-json\/wp\/v2\/product\/11577\/revisions"}],"wp:featuredmedia":[{"embeddable":true,"href":"https:\/\/hamatsesa.com\/fr\/wp-json\/wp\/v2\/media\/11818"}],"wp:attachment":[{"href":"https:\/\/hamatsesa.com\/fr\/wp-json\/wp\/v2\/media?parent=11577"}],"wp:term":[{"taxonomy":"product_brand","embeddable":true,"href":"https:\/\/hamatsesa.com\/fr\/wp-json\/wp\/v2\/product_brand?post=11577"},{"taxonomy":"product_cat","embeddable":true,"href":"https:\/\/hamatsesa.com\/fr\/wp-json\/wp\/v2\/product_cat?post=11577"},{"taxonomy":"product_tag","embeddable":true,"href":"https:\/\/hamatsesa.com\/fr\/wp-json\/wp\/v2\/product_tag?post=11577"}],"curies":[{"name":"wp","href":"https:\/\/api.w.org\/{rel}","templated":true}]}}