{"id":11195,"date":"2025-11-09T14:18:27","date_gmt":"2025-11-09T12:18:27","guid":{"rendered":"https:\/\/hamatsesa.com\/?post_type=product&#038;p=11195"},"modified":"2025-11-09T15:19:43","modified_gmt":"2025-11-09T13:19:43","slug":"caisse-jus-de-fruits-naturel-500-ml-pommes-grand-smith-%d7%94%d7%a2%d7%aa%d7%a7-%d7%94%d7%a2%d7%aa%d7%a7-%d7%94%d7%a2%d7%aa%d7%a7-%d7%94%d7%a2%d7%aa%d7%a7-2","status":"publish","type":"product","link":"https:\/\/hamatsesa.com\/fr\/product\/caisse-jus-de-fruits-naturel-500-ml-pommes-grand-smith-%d7%94%d7%a2%d7%aa%d7%a7-%d7%94%d7%a2%d7%aa%d7%a7-%d7%94%d7%a2%d7%aa%d7%a7-%d7%94%d7%a2%d7%aa%d7%a7-2\/","title":{"rendered":"Caisse Jus de fruits naturel 500 ml\/ Pommes Grand Smith (\u05d4\u05e2\u05ea\u05e7) (\u05d4\u05e2\u05ea\u05e7) (\u05d4\u05e2\u05ea\u05e7) (\u05d4\u05e2\u05ea\u05e7)"},"content":{"rendered":"","protected":false},"excerpt":{"rendered":"<p>Caisse Jus de fruits naturel 500 ml\/ Pommes Grand Smith<\/p>\n<p>20 bouteilles par caisse<\/p>\n<p>Casher \u2013 Rabbinat<\/p>\n<p>Ingr\u00e9dients : 100 % jus de pommes (vari\u00e9t\u00e9 Grand Smith)<\/p>\n<p>Sans conservateurs, Sans ar\u00f4mes artificiels, Uniquement des ingr\u00e9dients naturels<\/p>\n<p>\u00c0 conserverau frais, sec et \u00e0 l\u2019abri de la lumi\u00e8re.<\/p>\n","protected":false},"featured_media":11210,"template":"","meta":{"site-sidebar-layout":"default","site-content-layout":"default","ast-site-content-layout":"default","site-content-style":"default","site-sidebar-style":"default","ast-global-header-display":"","ast-banner-title-visibility":"","ast-main-header-display":"","ast-hfb-above-header-display":"","ast-hfb-below-header-display":"","ast-hfb-mobile-header-display":"","site-post-title":"","ast-breadcrumbs-content":"","ast-featured-img":"","footer-sml-layout":"","theme-transparent-header-meta":"default","adv-header-id-meta":"","stick-header-meta":"","header-above-stick-meta":"","header-main-stick-meta":"","header-below-stick-meta":"","astra-migrate-meta-layouts":"set","ast-page-background-enabled":"default","ast-page-background-meta":{"desktop":{"background-color":"","background-image":"","background-repeat":"repeat","background-position":"center center","background-size":"auto","background-attachment":"scroll","background-type":"","background-media":"","overlay-type":"","overlay-color":"","overlay-opacity":"","overlay-gradient":""},"tablet":{"background-color":"","background-image":"","background-repeat":"repeat","background-position":"center center","background-size":"auto","background-attachment":"scroll","background-type":"","background-media":"","overlay-type":"","overlay-color":"","overlay-opacity":"","overlay-gradient":""},"mobile":{"background-color":"","background-image":"","background-repeat":"repeat","background-position":"center center","background-size":"auto","background-attachment":"scroll","background-type":"","background-media":"","overlay-type":"","overlay-color":"","overlay-opacity":"","overlay-gradient":""}},"ast-content-background-meta":{"desktop":{"background-color":"var(--ast-global-color-5)","background-image":"","background-repeat":"repeat","background-position":"center center","background-size":"auto","background-attachment":"scroll","background-type":"","background-media":"","overlay-type":"","overlay-color":"","overlay-opacity":"","overlay-gradient":""},"tablet":{"background-color":"var(--ast-global-color-5)","background-image":"","background-repeat":"repeat","background-position":"center center","background-size":"auto","background-attachment":"scroll","background-type":"","background-media":"","overlay-type":"","overlay-color":"","overlay-opacity":"","overlay-gradient":""},"mobile":{"background-color":"var(--ast-global-color-5)","background-image":"","background-repeat":"repeat","background-position":"center center","background-size":"auto","background-attachment":"scroll","background-type":"","background-media":"","overlay-type":"","overlay-color":"","overlay-opacity":"","overlay-gradient":""}}},"product_brand":[],"product_cat":[110],"product_tag":[],"class_list":{"0":"post-11195","1":"product","2":"type-product","3":"status-publish","4":"has-post-thumbnail","6":"product_cat-general","7":"desktop-align-left","8":"tablet-align-left","9":"mobile-align-left","11":"first","12":"instock","13":"shipping-taxable","14":"purchasable","15":"product-type-simple"},"yoast_head":"<!-- This site is optimized with the Yoast SEO plugin v27.2 - https:\/\/yoast.com\/product\/yoast-seo-wordpress\/ -->\n<title>Caisse Jus de fruits naturel 500 ml\/ Pommes Grand Smith (\u05d4\u05e2\u05ea\u05e7) (\u05d4\u05e2\u05ea\u05e7) (\u05d4\u05e2\u05ea\u05e7) (\u05d4\u05e2\u05ea\u05e7) | \u05d4\u05de\u05ea\u05e1\u05e1\u05d4<\/title>\n<meta name=\"robots\" content=\"index, follow, max-snippet:-1, max-image-preview:large, max-video-preview:-1\" \/>\n<link rel=\"canonical\" href=\"https:\/\/hamatsesa.com\/fr\/product\/caisse-jus-de-fruits-naturel-500-ml-pommes-grand-smith-%d7%94%d7%a2%d7%aa%d7%a7-%d7%94%d7%a2%d7%aa%d7%a7-%d7%94%d7%a2%d7%aa%d7%a7-%d7%94%d7%a2%d7%aa%d7%a7-2\/\" \/>\n<meta property=\"og:locale\" content=\"fr_FR\" \/>\n<meta property=\"og:type\" content=\"article\" \/>\n<meta property=\"og:title\" content=\"Caisse Jus de fruits naturel 500 ml\/ Pommes Grand Smith (\u05d4\u05e2\u05ea\u05e7) (\u05d4\u05e2\u05ea\u05e7) (\u05d4\u05e2\u05ea\u05e7) (\u05d4\u05e2\u05ea\u05e7) | \u05d4\u05de\u05ea\u05e1\u05e1\u05d4\" \/>\n<meta property=\"og:description\" content=\"Caisse Jus de fruits naturel 500 ml\/ Pommes Grand Smith  20 bouteilles par caisse  Casher \u2013 Rabbinat  Ingr\u00e9dients : 100 % jus de pommes (vari\u00e9t\u00e9 Grand Smith)  Sans conservateurs, Sans ar\u00f4mes artificiels, Uniquement des ingr\u00e9dients naturels  \u00c0 conserverau frais, sec et \u00e0 l\u2019abri de la lumi\u00e8re.\" \/>\n<meta property=\"og:url\" content=\"https:\/\/hamatsesa.com\/fr\/product\/caisse-jus-de-fruits-naturel-500-ml-pommes-grand-smith-%d7%94%d7%a2%d7%aa%d7%a7-%d7%94%d7%a2%d7%aa%d7%a7-%d7%94%d7%a2%d7%aa%d7%a7-%d7%94%d7%a2%d7%aa%d7%a7-2\/\" \/>\n<meta property=\"og:site_name\" content=\"\u05d4\u05de\u05ea\u05e1\u05e1\u05d4\" \/>\n<meta property=\"article:modified_time\" content=\"2025-11-09T13:19:43+00:00\" \/>\n<meta property=\"og:image\" content=\"https:\/\/hamatsesa.com\/wp-content\/uploads\/2025\/11\/2-\u05dc\u05d9\u05d8\u05e8-\u05de\u05d9\u05e5-\u05d0\u05d2\u05e1_.jpg\" \/>\n\t<meta property=\"og:image:width\" content=\"963\" \/>\n\t<meta property=\"og:image:height\" content=\"629\" \/>\n\t<meta property=\"og:image:type\" content=\"image\/jpeg\" \/>\n<meta name=\"twitter:card\" content=\"summary_large_image\" \/>\n<script type=\"application\/ld+json\" class=\"yoast-schema-graph\">{\"@context\":\"https:\/\/schema.org\",\"@graph\":[{\"@type\":\"WebPage\",\"@id\":\"https:\/\/hamatsesa.com\/fr\/product\/caisse-jus-de-fruits-naturel-500-ml-pommes-grand-smith-%d7%94%d7%a2%d7%aa%d7%a7-%d7%94%d7%a2%d7%aa%d7%a7-%d7%94%d7%a2%d7%aa%d7%a7-%d7%94%d7%a2%d7%aa%d7%a7-2\/\",\"url\":\"https:\/\/hamatsesa.com\/fr\/product\/caisse-jus-de-fruits-naturel-500-ml-pommes-grand-smith-%d7%94%d7%a2%d7%aa%d7%a7-%d7%94%d7%a2%d7%aa%d7%a7-%d7%94%d7%a2%d7%aa%d7%a7-%d7%94%d7%a2%d7%aa%d7%a7-2\/\",\"name\":\"Caisse Jus de fruits naturel 500 ml\/ Pommes Grand Smith (\u05d4\u05e2\u05ea\u05e7) (\u05d4\u05e2\u05ea\u05e7) (\u05d4\u05e2\u05ea\u05e7) (\u05d4\u05e2\u05ea\u05e7) | \u05d4\u05de\u05ea\u05e1\u05e1\u05d4\",\"isPartOf\":{\"@id\":\"https:\/\/hamatsesa.com\/fr\/#website\"},\"primaryImageOfPage\":{\"@id\":\"https:\/\/hamatsesa.com\/fr\/product\/caisse-jus-de-fruits-naturel-500-ml-pommes-grand-smith-%d7%94%d7%a2%d7%aa%d7%a7-%d7%94%d7%a2%d7%aa%d7%a7-%d7%94%d7%a2%d7%aa%d7%a7-%d7%94%d7%a2%d7%aa%d7%a7-2\/#primaryimage\"},\"image\":{\"@id\":\"https:\/\/hamatsesa.com\/fr\/product\/caisse-jus-de-fruits-naturel-500-ml-pommes-grand-smith-%d7%94%d7%a2%d7%aa%d7%a7-%d7%94%d7%a2%d7%aa%d7%a7-%d7%94%d7%a2%d7%aa%d7%a7-%d7%94%d7%a2%d7%aa%d7%a7-2\/#primaryimage\"},\"thumbnailUrl\":\"https:\/\/hamatsesa.com\/wp-content\/uploads\/2025\/11\/2-\u05dc\u05d9\u05d8\u05e8-\u05de\u05d9\u05e5-\u05d0\u05d2\u05e1_.jpg\",\"datePublished\":\"2025-11-09T12:18:27+00:00\",\"dateModified\":\"2025-11-09T13:19:43+00:00\",\"breadcrumb\":{\"@id\":\"https:\/\/hamatsesa.com\/fr\/product\/caisse-jus-de-fruits-naturel-500-ml-pommes-grand-smith-%d7%94%d7%a2%d7%aa%d7%a7-%d7%94%d7%a2%d7%aa%d7%a7-%d7%94%d7%a2%d7%aa%d7%a7-%d7%94%d7%a2%d7%aa%d7%a7-2\/#breadcrumb\"},\"inLanguage\":\"fr-FR\",\"potentialAction\":[{\"@type\":\"ReadAction\",\"target\":[\"https:\/\/hamatsesa.com\/fr\/product\/caisse-jus-de-fruits-naturel-500-ml-pommes-grand-smith-%d7%94%d7%a2%d7%aa%d7%a7-%d7%94%d7%a2%d7%aa%d7%a7-%d7%94%d7%a2%d7%aa%d7%a7-%d7%94%d7%a2%d7%aa%d7%a7-2\/\"]}]},{\"@type\":\"ImageObject\",\"inLanguage\":\"fr-FR\",\"@id\":\"https:\/\/hamatsesa.com\/fr\/product\/caisse-jus-de-fruits-naturel-500-ml-pommes-grand-smith-%d7%94%d7%a2%d7%aa%d7%a7-%d7%94%d7%a2%d7%aa%d7%a7-%d7%94%d7%a2%d7%aa%d7%a7-%d7%94%d7%a2%d7%aa%d7%a7-2\/#primaryimage\",\"url\":\"https:\/\/hamatsesa.com\/wp-content\/uploads\/2025\/11\/2-\u05dc\u05d9\u05d8\u05e8-\u05de\u05d9\u05e5-\u05d0\u05d2\u05e1_.jpg\",\"contentUrl\":\"https:\/\/hamatsesa.com\/wp-content\/uploads\/2025\/11\/2-\u05dc\u05d9\u05d8\u05e8-\u05de\u05d9\u05e5-\u05d0\u05d2\u05e1_.jpg\",\"width\":963,\"height\":629},{\"@type\":\"BreadcrumbList\",\"@id\":\"https:\/\/hamatsesa.com\/fr\/product\/caisse-jus-de-fruits-naturel-500-ml-pommes-grand-smith-%d7%94%d7%a2%d7%aa%d7%a7-%d7%94%d7%a2%d7%aa%d7%a7-%d7%94%d7%a2%d7%aa%d7%a7-%d7%94%d7%a2%d7%aa%d7%a7-2\/#breadcrumb\",\"itemListElement\":[{\"@type\":\"ListItem\",\"position\":1,\"name\":\"\u05d3\u05e3 \u05d4\u05d1\u05d9\u05ea\",\"item\":\"https:\/\/hamatsesa.com\/fr\/maison\/\"},{\"@type\":\"ListItem\",\"position\":2,\"name\":\"Shop\",\"item\":\"https:\/\/hamatsesa.com\/shop\/\"},{\"@type\":\"ListItem\",\"position\":3,\"name\":\"Caisse Jus de fruits naturel 500 ml\/ Pommes Grand Smith (\u05d4\u05e2\u05ea\u05e7) (\u05d4\u05e2\u05ea\u05e7) (\u05d4\u05e2\u05ea\u05e7) (\u05d4\u05e2\u05ea\u05e7)\"}]},{\"@type\":\"WebSite\",\"@id\":\"https:\/\/hamatsesa.com\/fr\/#website\",\"url\":\"https:\/\/hamatsesa.com\/fr\/\",\"name\":\"\u05d4\u05de\u05ea\u05e1\u05e1\u05d4\",\"description\":\"\u05d1\u05d9\u05ea \u05e2\u05d9\u05d1\u05d5\u05d3 \u05e4\u05e8\u05d9 \u05d9\u05e9\u05e8\u05d0\u05dc\u05d9\",\"publisher\":{\"@id\":\"https:\/\/hamatsesa.com\/fr\/#organization\"},\"potentialAction\":[{\"@type\":\"SearchAction\",\"target\":{\"@type\":\"EntryPoint\",\"urlTemplate\":\"https:\/\/hamatsesa.com\/fr\/?s={search_term_string}\"},\"query-input\":{\"@type\":\"PropertyValueSpecification\",\"valueRequired\":true,\"valueName\":\"search_term_string\"}}],\"inLanguage\":\"fr-FR\"},{\"@type\":\"Organization\",\"@id\":\"https:\/\/hamatsesa.com\/fr\/#organization\",\"name\":\"\u05d4\u05de\u05ea\u05e1\u05e1\u05d4\",\"url\":\"https:\/\/hamatsesa.com\/fr\/\",\"logo\":{\"@type\":\"ImageObject\",\"inLanguage\":\"fr-FR\",\"@id\":\"https:\/\/hamatsesa.com\/fr\/#\/schema\/logo\/image\/\",\"url\":\"https:\/\/hamatsesa.com\/wp-content\/uploads\/2020\/12\/-\u05e1\u05d5\u05e4\u05d9-01-e1626073975222.png\",\"contentUrl\":\"https:\/\/hamatsesa.com\/wp-content\/uploads\/2020\/12\/-\u05e1\u05d5\u05e4\u05d9-01-e1626073975222.png\",\"width\":765,\"height\":600,\"caption\":\"\u05d4\u05de\u05ea\u05e1\u05e1\u05d4\"},\"image\":{\"@id\":\"https:\/\/hamatsesa.com\/fr\/#\/schema\/logo\/image\/\"}}]}<\/script>\n<!-- \/ Yoast SEO plugin. -->","yoast_head_json":{"title":"Caisse Jus de fruits naturel 500 ml\/ Pommes Grand Smith (\u05d4\u05e2\u05ea\u05e7) (\u05d4\u05e2\u05ea\u05e7) (\u05d4\u05e2\u05ea\u05e7) (\u05d4\u05e2\u05ea\u05e7) | \u05d4\u05de\u05ea\u05e1\u05e1\u05d4","robots":{"index":"index","follow":"follow","max-snippet":"max-snippet:-1","max-image-preview":"max-image-preview:large","max-video-preview":"max-video-preview:-1"},"canonical":"https:\/\/hamatsesa.com\/fr\/product\/caisse-jus-de-fruits-naturel-500-ml-pommes-grand-smith-%d7%94%d7%a2%d7%aa%d7%a7-%d7%94%d7%a2%d7%aa%d7%a7-%d7%94%d7%a2%d7%aa%d7%a7-%d7%94%d7%a2%d7%aa%d7%a7-2\/","og_locale":"fr_FR","og_type":"article","og_title":"Caisse Jus de fruits naturel 500 ml\/ Pommes Grand Smith (\u05d4\u05e2\u05ea\u05e7) (\u05d4\u05e2\u05ea\u05e7) (\u05d4\u05e2\u05ea\u05e7) (\u05d4\u05e2\u05ea\u05e7) | \u05d4\u05de\u05ea\u05e1\u05e1\u05d4","og_description":"Caisse Jus de fruits naturel 500 ml\/ Pommes Grand Smith  20 bouteilles par caisse  Casher \u2013 Rabbinat  Ingr\u00e9dients : 100 % jus de pommes (vari\u00e9t\u00e9 Grand Smith)  Sans conservateurs, Sans ar\u00f4mes artificiels, Uniquement des ingr\u00e9dients naturels  \u00c0 conserverau frais, sec et \u00e0 l\u2019abri de la lumi\u00e8re.","og_url":"https:\/\/hamatsesa.com\/fr\/product\/caisse-jus-de-fruits-naturel-500-ml-pommes-grand-smith-%d7%94%d7%a2%d7%aa%d7%a7-%d7%94%d7%a2%d7%aa%d7%a7-%d7%94%d7%a2%d7%aa%d7%a7-%d7%94%d7%a2%d7%aa%d7%a7-2\/","og_site_name":"\u05d4\u05de\u05ea\u05e1\u05e1\u05d4","article_modified_time":"2025-11-09T13:19:43+00:00","og_image":[{"width":963,"height":629,"url":"https:\/\/hamatsesa.com\/wp-content\/uploads\/2025\/11\/2-\u05dc\u05d9\u05d8\u05e8-\u05de\u05d9\u05e5-\u05d0\u05d2\u05e1_.jpg","type":"image\/jpeg"}],"twitter_card":"summary_large_image","schema":{"@context":"https:\/\/schema.org","@graph":[{"@type":"WebPage","@id":"https:\/\/hamatsesa.com\/fr\/product\/caisse-jus-de-fruits-naturel-500-ml-pommes-grand-smith-%d7%94%d7%a2%d7%aa%d7%a7-%d7%94%d7%a2%d7%aa%d7%a7-%d7%94%d7%a2%d7%aa%d7%a7-%d7%94%d7%a2%d7%aa%d7%a7-2\/","url":"https:\/\/hamatsesa.com\/fr\/product\/caisse-jus-de-fruits-naturel-500-ml-pommes-grand-smith-%d7%94%d7%a2%d7%aa%d7%a7-%d7%94%d7%a2%d7%aa%d7%a7-%d7%94%d7%a2%d7%aa%d7%a7-%d7%94%d7%a2%d7%aa%d7%a7-2\/","name":"Caisse Jus de fruits naturel 500 ml\/ Pommes Grand Smith (\u05d4\u05e2\u05ea\u05e7) (\u05d4\u05e2\u05ea\u05e7) (\u05d4\u05e2\u05ea\u05e7) (\u05d4\u05e2\u05ea\u05e7) | \u05d4\u05de\u05ea\u05e1\u05e1\u05d4","isPartOf":{"@id":"https:\/\/hamatsesa.com\/fr\/#website"},"primaryImageOfPage":{"@id":"https:\/\/hamatsesa.com\/fr\/product\/caisse-jus-de-fruits-naturel-500-ml-pommes-grand-smith-%d7%94%d7%a2%d7%aa%d7%a7-%d7%94%d7%a2%d7%aa%d7%a7-%d7%94%d7%a2%d7%aa%d7%a7-%d7%94%d7%a2%d7%aa%d7%a7-2\/#primaryimage"},"image":{"@id":"https:\/\/hamatsesa.com\/fr\/product\/caisse-jus-de-fruits-naturel-500-ml-pommes-grand-smith-%d7%94%d7%a2%d7%aa%d7%a7-%d7%94%d7%a2%d7%aa%d7%a7-%d7%94%d7%a2%d7%aa%d7%a7-%d7%94%d7%a2%d7%aa%d7%a7-2\/#primaryimage"},"thumbnailUrl":"https:\/\/hamatsesa.com\/wp-content\/uploads\/2025\/11\/2-\u05dc\u05d9\u05d8\u05e8-\u05de\u05d9\u05e5-\u05d0\u05d2\u05e1_.jpg","datePublished":"2025-11-09T12:18:27+00:00","dateModified":"2025-11-09T13:19:43+00:00","breadcrumb":{"@id":"https:\/\/hamatsesa.com\/fr\/product\/caisse-jus-de-fruits-naturel-500-ml-pommes-grand-smith-%d7%94%d7%a2%d7%aa%d7%a7-%d7%94%d7%a2%d7%aa%d7%a7-%d7%94%d7%a2%d7%aa%d7%a7-%d7%94%d7%a2%d7%aa%d7%a7-2\/#breadcrumb"},"inLanguage":"fr-FR","potentialAction":[{"@type":"ReadAction","target":["https:\/\/hamatsesa.com\/fr\/product\/caisse-jus-de-fruits-naturel-500-ml-pommes-grand-smith-%d7%94%d7%a2%d7%aa%d7%a7-%d7%94%d7%a2%d7%aa%d7%a7-%d7%94%d7%a2%d7%aa%d7%a7-%d7%94%d7%a2%d7%aa%d7%a7-2\/"]}]},{"@type":"ImageObject","inLanguage":"fr-FR","@id":"https:\/\/hamatsesa.com\/fr\/product\/caisse-jus-de-fruits-naturel-500-ml-pommes-grand-smith-%d7%94%d7%a2%d7%aa%d7%a7-%d7%94%d7%a2%d7%aa%d7%a7-%d7%94%d7%a2%d7%aa%d7%a7-%d7%94%d7%a2%d7%aa%d7%a7-2\/#primaryimage","url":"https:\/\/hamatsesa.com\/wp-content\/uploads\/2025\/11\/2-\u05dc\u05d9\u05d8\u05e8-\u05de\u05d9\u05e5-\u05d0\u05d2\u05e1_.jpg","contentUrl":"https:\/\/hamatsesa.com\/wp-content\/uploads\/2025\/11\/2-\u05dc\u05d9\u05d8\u05e8-\u05de\u05d9\u05e5-\u05d0\u05d2\u05e1_.jpg","width":963,"height":629},{"@type":"BreadcrumbList","@id":"https:\/\/hamatsesa.com\/fr\/product\/caisse-jus-de-fruits-naturel-500-ml-pommes-grand-smith-%d7%94%d7%a2%d7%aa%d7%a7-%d7%94%d7%a2%d7%aa%d7%a7-%d7%94%d7%a2%d7%aa%d7%a7-%d7%94%d7%a2%d7%aa%d7%a7-2\/#breadcrumb","itemListElement":[{"@type":"ListItem","position":1,"name":"\u05d3\u05e3 \u05d4\u05d1\u05d9\u05ea","item":"https:\/\/hamatsesa.com\/fr\/maison\/"},{"@type":"ListItem","position":2,"name":"Shop","item":"https:\/\/hamatsesa.com\/shop\/"},{"@type":"ListItem","position":3,"name":"Caisse Jus de fruits naturel 500 ml\/ Pommes Grand Smith (\u05d4\u05e2\u05ea\u05e7) (\u05d4\u05e2\u05ea\u05e7) (\u05d4\u05e2\u05ea\u05e7) (\u05d4\u05e2\u05ea\u05e7)"}]},{"@type":"WebSite","@id":"https:\/\/hamatsesa.com\/fr\/#website","url":"https:\/\/hamatsesa.com\/fr\/","name":"\u05d4\u05de\u05ea\u05e1\u05e1\u05d4","description":"\u05d1\u05d9\u05ea \u05e2\u05d9\u05d1\u05d5\u05d3 \u05e4\u05e8\u05d9 \u05d9\u05e9\u05e8\u05d0\u05dc\u05d9","publisher":{"@id":"https:\/\/hamatsesa.com\/fr\/#organization"},"potentialAction":[{"@type":"SearchAction","target":{"@type":"EntryPoint","urlTemplate":"https:\/\/hamatsesa.com\/fr\/?s={search_term_string}"},"query-input":{"@type":"PropertyValueSpecification","valueRequired":true,"valueName":"search_term_string"}}],"inLanguage":"fr-FR"},{"@type":"Organization","@id":"https:\/\/hamatsesa.com\/fr\/#organization","name":"\u05d4\u05de\u05ea\u05e1\u05e1\u05d4","url":"https:\/\/hamatsesa.com\/fr\/","logo":{"@type":"ImageObject","inLanguage":"fr-FR","@id":"https:\/\/hamatsesa.com\/fr\/#\/schema\/logo\/image\/","url":"https:\/\/hamatsesa.com\/wp-content\/uploads\/2020\/12\/-\u05e1\u05d5\u05e4\u05d9-01-e1626073975222.png","contentUrl":"https:\/\/hamatsesa.com\/wp-content\/uploads\/2020\/12\/-\u05e1\u05d5\u05e4\u05d9-01-e1626073975222.png","width":765,"height":600,"caption":"\u05d4\u05de\u05ea\u05e1\u05e1\u05d4"},"image":{"@id":"https:\/\/hamatsesa.com\/fr\/#\/schema\/logo\/image\/"}}]}},"_links":{"self":[{"href":"https:\/\/hamatsesa.com\/fr\/wp-json\/wp\/v2\/product\/11195","targetHints":{"allow":["GET"]}}],"collection":[{"href":"https:\/\/hamatsesa.com\/fr\/wp-json\/wp\/v2\/product"}],"about":[{"href":"https:\/\/hamatsesa.com\/fr\/wp-json\/wp\/v2\/types\/product"}],"version-history":[{"count":1,"href":"https:\/\/hamatsesa.com\/fr\/wp-json\/wp\/v2\/product\/11195\/revisions"}],"predecessor-version":[{"id":11221,"href":"https:\/\/hamatsesa.com\/fr\/wp-json\/wp\/v2\/product\/11195\/revisions\/11221"}],"wp:featuredmedia":[{"embeddable":true,"href":"https:\/\/hamatsesa.com\/fr\/wp-json\/wp\/v2\/media\/11210"}],"wp:attachment":[{"href":"https:\/\/hamatsesa.com\/fr\/wp-json\/wp\/v2\/media?parent=11195"}],"wp:term":[{"taxonomy":"product_brand","embeddable":true,"href":"https:\/\/hamatsesa.com\/fr\/wp-json\/wp\/v2\/product_brand?post=11195"},{"taxonomy":"product_cat","embeddable":true,"href":"https:\/\/hamatsesa.com\/fr\/wp-json\/wp\/v2\/product_cat?post=11195"},{"taxonomy":"product_tag","embeddable":true,"href":"https:\/\/hamatsesa.com\/fr\/wp-json\/wp\/v2\/product_tag?post=11195"}],"curies":[{"name":"wp","href":"https:\/\/api.w.org\/{rel}","templated":true}]}}