{"id":11155,"date":"2025-11-09T14:08:23","date_gmt":"2025-11-09T12:08:23","guid":{"rendered":"https:\/\/hamatsesa.com\/?post_type=product&#038;p=11155"},"modified":"2025-11-09T14:14:58","modified_gmt":"2025-11-09T12:14:58","slug":"caisse-de-jus-naturel-500-ml-pomme-pink-lady-%d7%94%d7%a2%d7%aa%d7%a7","status":"publish","type":"product","link":"https:\/\/hamatsesa.com\/fr\/product\/caisse-de-jus-naturel-500-ml-pomme-pink-lady-%d7%94%d7%a2%d7%aa%d7%a7\/","title":{"rendered":"Caisse de jus naturel 500 ml\/ Pomme Pink Lady (\u05d4\u05e2\u05ea\u05e7)"},"content":{"rendered":"","protected":false},"excerpt":{"rendered":"<p><img decoding=\"async\" class=\"alignnone size-medium wp-image-7056\" src=\"https:\/\/hamatsesa.com\/wp-content\/uploads\/2023\/12\/500-%D7%9E%D7%B4%D7%9C-%D7%A4%D7%99%D7%A0%D7%A7-%D7%9C%D7%99%D7%99%D7%93%D7%99-1.jpg\" alt=\"\" width=\"1\" height=\"1\">Caisse de jus naturel 500 ml\/ Pomme Pink Lady<\/p>\n<p><img decoding=\"async\" class=\"alignnone size-medium wp-image-7056\" src=\"https:\/\/hamatsesa.com\/wp-content\/uploads\/2023\/12\/500-%D7%9E%D7%B4%D7%9C-%D7%A4%D7%99%D7%A0%D7%A7-%D7%9C%D7%99%D7%99%D7%93%D7%99-1.jpg\" alt=\"\" width=\"1\" height=\"1\">20 unit\u00e9s de jus de pommes.<\/p>\n<p>Casher Rabinat<\/p>\n<p>ingr\u00e9dients: Pomme Pink Lady<\/p>\n<p>100% naturel<\/p>\n<p>conserver au frais et \u00e0 l&rsquo;hombre.<\/p>\n<p>consommer frais<\/p>\n","protected":false},"featured_media":11176,"template":"","meta":{"site-sidebar-layout":"default","site-content-layout":"default","ast-site-content-layout":"default","site-content-style":"default","site-sidebar-style":"default","ast-global-header-display":"","ast-banner-title-visibility":"","ast-main-header-display":"","ast-hfb-above-header-display":"","ast-hfb-below-header-display":"","ast-hfb-mobile-header-display":"","site-post-title":"","ast-breadcrumbs-content":"","ast-featured-img":"","footer-sml-layout":"","theme-transparent-header-meta":"default","adv-header-id-meta":"","stick-header-meta":"","header-above-stick-meta":"","header-main-stick-meta":"","header-below-stick-meta":"","astra-migrate-meta-layouts":"set","ast-page-background-enabled":"default","ast-page-background-meta":{"desktop":{"background-color":"","background-image":"","background-repeat":"repeat","background-position":"center center","background-size":"auto","background-attachment":"scroll","background-type":"","background-media":"","overlay-type":"","overlay-color":"","overlay-opacity":"","overlay-gradient":""},"tablet":{"background-color":"","background-image":"","background-repeat":"repeat","background-position":"center center","background-size":"auto","background-attachment":"scroll","background-type":"","background-media":"","overlay-type":"","overlay-color":"","overlay-opacity":"","overlay-gradient":""},"mobile":{"background-color":"","background-image":"","background-repeat":"repeat","background-position":"center center","background-size":"auto","background-attachment":"scroll","background-type":"","background-media":"","overlay-type":"","overlay-color":"","overlay-opacity":"","overlay-gradient":""}},"ast-content-background-meta":{"desktop":{"background-color":"var(--ast-global-color-5)","background-image":"","background-repeat":"repeat","background-position":"center center","background-size":"auto","background-attachment":"scroll","background-type":"","background-media":"","overlay-type":"","overlay-color":"","overlay-opacity":"","overlay-gradient":""},"tablet":{"background-color":"var(--ast-global-color-5)","background-image":"","background-repeat":"repeat","background-position":"center center","background-size":"auto","background-attachment":"scroll","background-type":"","background-media":"","overlay-type":"","overlay-color":"","overlay-opacity":"","overlay-gradient":""},"mobile":{"background-color":"var(--ast-global-color-5)","background-image":"","background-repeat":"repeat","background-position":"center center","background-size":"auto","background-attachment":"scroll","background-type":"","background-media":"","overlay-type":"","overlay-color":"","overlay-opacity":"","overlay-gradient":""}}},"product_brand":[],"product_cat":[110],"product_tag":[],"class_list":{"0":"post-11155","1":"product","2":"type-product","3":"status-publish","4":"has-post-thumbnail","6":"product_cat-general","7":"desktop-align-left","8":"tablet-align-left","9":"mobile-align-left","11":"first","12":"instock","13":"shipping-taxable","14":"purchasable","15":"product-type-simple"},"yoast_head":"<!-- This site is optimized with the Yoast SEO plugin v27.2 - https:\/\/yoast.com\/product\/yoast-seo-wordpress\/ -->\n<title>Caisse de jus naturel 500 ml\/ Pomme Pink Lady (\u05d4\u05e2\u05ea\u05e7) | \u05d4\u05de\u05ea\u05e1\u05e1\u05d4<\/title>\n<meta name=\"robots\" content=\"index, follow, max-snippet:-1, max-image-preview:large, max-video-preview:-1\" \/>\n<link rel=\"canonical\" href=\"https:\/\/hamatsesa.com\/fr\/product\/caisse-de-jus-naturel-500-ml-pomme-pink-lady-%d7%94%d7%a2%d7%aa%d7%a7\/\" \/>\n<meta property=\"og:locale\" content=\"fr_FR\" \/>\n<meta property=\"og:type\" content=\"article\" \/>\n<meta property=\"og:title\" content=\"Caisse de jus naturel 500 ml\/ Pomme Pink Lady (\u05d4\u05e2\u05ea\u05e7) | \u05d4\u05de\u05ea\u05e1\u05e1\u05d4\" \/>\n<meta property=\"og:description\" content=\"Caisse de jus naturel 500 ml\/ Pomme Pink Lady 20 unit\u00e9s de jus de pommes. Casher Rabinat ingr\u00e9dients: Pomme Pink Lady 100% naturel conserver au frais et \u00e0 l&#039;hombre. consommer frais\" \/>\n<meta property=\"og:url\" content=\"https:\/\/hamatsesa.com\/fr\/product\/caisse-de-jus-naturel-500-ml-pomme-pink-lady-%d7%94%d7%a2%d7%aa%d7%a7\/\" \/>\n<meta property=\"og:site_name\" content=\"\u05d4\u05de\u05ea\u05e1\u05e1\u05d4\" \/>\n<meta property=\"article:modified_time\" content=\"2025-11-09T12:14:58+00:00\" \/>\n<meta property=\"og:image\" content=\"https:\/\/hamatsesa.com\/wp-content\/uploads\/2025\/11\/\u05e4\u05d9\u05e0\u05e7-\u05dc\u05d9\u05d9\u05d3\u05d9-500.jpg\" \/>\n\t<meta property=\"og:image:width\" content=\"1748\" \/>\n\t<meta property=\"og:image:height\" content=\"1748\" \/>\n\t<meta property=\"og:image:type\" content=\"image\/jpeg\" \/>\n<meta name=\"twitter:card\" content=\"summary_large_image\" \/>\n<script type=\"application\/ld+json\" class=\"yoast-schema-graph\">{\"@context\":\"https:\/\/schema.org\",\"@graph\":[{\"@type\":\"WebPage\",\"@id\":\"https:\/\/hamatsesa.com\/fr\/product\/caisse-de-jus-naturel-500-ml-pomme-pink-lady-%d7%94%d7%a2%d7%aa%d7%a7\/\",\"url\":\"https:\/\/hamatsesa.com\/fr\/product\/caisse-de-jus-naturel-500-ml-pomme-pink-lady-%d7%94%d7%a2%d7%aa%d7%a7\/\",\"name\":\"Caisse de jus naturel 500 ml\/ Pomme Pink Lady (\u05d4\u05e2\u05ea\u05e7) | \u05d4\u05de\u05ea\u05e1\u05e1\u05d4\",\"isPartOf\":{\"@id\":\"https:\/\/hamatsesa.com\/fr\/#website\"},\"primaryImageOfPage\":{\"@id\":\"https:\/\/hamatsesa.com\/fr\/product\/caisse-de-jus-naturel-500-ml-pomme-pink-lady-%d7%94%d7%a2%d7%aa%d7%a7\/#primaryimage\"},\"image\":{\"@id\":\"https:\/\/hamatsesa.com\/fr\/product\/caisse-de-jus-naturel-500-ml-pomme-pink-lady-%d7%94%d7%a2%d7%aa%d7%a7\/#primaryimage\"},\"thumbnailUrl\":\"https:\/\/hamatsesa.com\/wp-content\/uploads\/2025\/11\/\u05e4\u05d9\u05e0\u05e7-\u05dc\u05d9\u05d9\u05d3\u05d9-500.jpg\",\"datePublished\":\"2025-11-09T12:08:23+00:00\",\"dateModified\":\"2025-11-09T12:14:58+00:00\",\"breadcrumb\":{\"@id\":\"https:\/\/hamatsesa.com\/fr\/product\/caisse-de-jus-naturel-500-ml-pomme-pink-lady-%d7%94%d7%a2%d7%aa%d7%a7\/#breadcrumb\"},\"inLanguage\":\"fr-FR\",\"potentialAction\":[{\"@type\":\"ReadAction\",\"target\":[\"https:\/\/hamatsesa.com\/fr\/product\/caisse-de-jus-naturel-500-ml-pomme-pink-lady-%d7%94%d7%a2%d7%aa%d7%a7\/\"]}]},{\"@type\":\"ImageObject\",\"inLanguage\":\"fr-FR\",\"@id\":\"https:\/\/hamatsesa.com\/fr\/product\/caisse-de-jus-naturel-500-ml-pomme-pink-lady-%d7%94%d7%a2%d7%aa%d7%a7\/#primaryimage\",\"url\":\"https:\/\/hamatsesa.com\/wp-content\/uploads\/2025\/11\/\u05e4\u05d9\u05e0\u05e7-\u05dc\u05d9\u05d9\u05d3\u05d9-500.jpg\",\"contentUrl\":\"https:\/\/hamatsesa.com\/wp-content\/uploads\/2025\/11\/\u05e4\u05d9\u05e0\u05e7-\u05dc\u05d9\u05d9\u05d3\u05d9-500.jpg\",\"width\":1748,\"height\":1748},{\"@type\":\"BreadcrumbList\",\"@id\":\"https:\/\/hamatsesa.com\/fr\/product\/caisse-de-jus-naturel-500-ml-pomme-pink-lady-%d7%94%d7%a2%d7%aa%d7%a7\/#breadcrumb\",\"itemListElement\":[{\"@type\":\"ListItem\",\"position\":1,\"name\":\"\u05d3\u05e3 \u05d4\u05d1\u05d9\u05ea\",\"item\":\"https:\/\/hamatsesa.com\/fr\/maison\/\"},{\"@type\":\"ListItem\",\"position\":2,\"name\":\"Shop\",\"item\":\"https:\/\/hamatsesa.com\/shop\/\"},{\"@type\":\"ListItem\",\"position\":3,\"name\":\"Caisse de jus naturel 500 ml\/ Pomme Pink Lady (\u05d4\u05e2\u05ea\u05e7)\"}]},{\"@type\":\"WebSite\",\"@id\":\"https:\/\/hamatsesa.com\/fr\/#website\",\"url\":\"https:\/\/hamatsesa.com\/fr\/\",\"name\":\"\u05d4\u05de\u05ea\u05e1\u05e1\u05d4\",\"description\":\"\u05d1\u05d9\u05ea \u05e2\u05d9\u05d1\u05d5\u05d3 \u05e4\u05e8\u05d9 \u05d9\u05e9\u05e8\u05d0\u05dc\u05d9\",\"publisher\":{\"@id\":\"https:\/\/hamatsesa.com\/fr\/#organization\"},\"potentialAction\":[{\"@type\":\"SearchAction\",\"target\":{\"@type\":\"EntryPoint\",\"urlTemplate\":\"https:\/\/hamatsesa.com\/fr\/?s={search_term_string}\"},\"query-input\":{\"@type\":\"PropertyValueSpecification\",\"valueRequired\":true,\"valueName\":\"search_term_string\"}}],\"inLanguage\":\"fr-FR\"},{\"@type\":\"Organization\",\"@id\":\"https:\/\/hamatsesa.com\/fr\/#organization\",\"name\":\"\u05d4\u05de\u05ea\u05e1\u05e1\u05d4\",\"url\":\"https:\/\/hamatsesa.com\/fr\/\",\"logo\":{\"@type\":\"ImageObject\",\"inLanguage\":\"fr-FR\",\"@id\":\"https:\/\/hamatsesa.com\/fr\/#\/schema\/logo\/image\/\",\"url\":\"https:\/\/hamatsesa.com\/wp-content\/uploads\/2020\/12\/-\u05e1\u05d5\u05e4\u05d9-01-e1626073975222.png\",\"contentUrl\":\"https:\/\/hamatsesa.com\/wp-content\/uploads\/2020\/12\/-\u05e1\u05d5\u05e4\u05d9-01-e1626073975222.png\",\"width\":765,\"height\":600,\"caption\":\"\u05d4\u05de\u05ea\u05e1\u05e1\u05d4\"},\"image\":{\"@id\":\"https:\/\/hamatsesa.com\/fr\/#\/schema\/logo\/image\/\"}}]}<\/script>\n<!-- \/ Yoast SEO plugin. -->","yoast_head_json":{"title":"Caisse de jus naturel 500 ml\/ Pomme Pink Lady (\u05d4\u05e2\u05ea\u05e7) | \u05d4\u05de\u05ea\u05e1\u05e1\u05d4","robots":{"index":"index","follow":"follow","max-snippet":"max-snippet:-1","max-image-preview":"max-image-preview:large","max-video-preview":"max-video-preview:-1"},"canonical":"https:\/\/hamatsesa.com\/fr\/product\/caisse-de-jus-naturel-500-ml-pomme-pink-lady-%d7%94%d7%a2%d7%aa%d7%a7\/","og_locale":"fr_FR","og_type":"article","og_title":"Caisse de jus naturel 500 ml\/ Pomme Pink Lady (\u05d4\u05e2\u05ea\u05e7) | \u05d4\u05de\u05ea\u05e1\u05e1\u05d4","og_description":"Caisse de jus naturel 500 ml\/ Pomme Pink Lady 20 unit\u00e9s de jus de pommes. Casher Rabinat ingr\u00e9dients: Pomme Pink Lady 100% naturel conserver au frais et \u00e0 l'hombre. consommer frais","og_url":"https:\/\/hamatsesa.com\/fr\/product\/caisse-de-jus-naturel-500-ml-pomme-pink-lady-%d7%94%d7%a2%d7%aa%d7%a7\/","og_site_name":"\u05d4\u05de\u05ea\u05e1\u05e1\u05d4","article_modified_time":"2025-11-09T12:14:58+00:00","og_image":[{"width":1748,"height":1748,"url":"https:\/\/hamatsesa.com\/wp-content\/uploads\/2025\/11\/\u05e4\u05d9\u05e0\u05e7-\u05dc\u05d9\u05d9\u05d3\u05d9-500.jpg","type":"image\/jpeg"}],"twitter_card":"summary_large_image","schema":{"@context":"https:\/\/schema.org","@graph":[{"@type":"WebPage","@id":"https:\/\/hamatsesa.com\/fr\/product\/caisse-de-jus-naturel-500-ml-pomme-pink-lady-%d7%94%d7%a2%d7%aa%d7%a7\/","url":"https:\/\/hamatsesa.com\/fr\/product\/caisse-de-jus-naturel-500-ml-pomme-pink-lady-%d7%94%d7%a2%d7%aa%d7%a7\/","name":"Caisse de jus naturel 500 ml\/ Pomme Pink Lady (\u05d4\u05e2\u05ea\u05e7) | \u05d4\u05de\u05ea\u05e1\u05e1\u05d4","isPartOf":{"@id":"https:\/\/hamatsesa.com\/fr\/#website"},"primaryImageOfPage":{"@id":"https:\/\/hamatsesa.com\/fr\/product\/caisse-de-jus-naturel-500-ml-pomme-pink-lady-%d7%94%d7%a2%d7%aa%d7%a7\/#primaryimage"},"image":{"@id":"https:\/\/hamatsesa.com\/fr\/product\/caisse-de-jus-naturel-500-ml-pomme-pink-lady-%d7%94%d7%a2%d7%aa%d7%a7\/#primaryimage"},"thumbnailUrl":"https:\/\/hamatsesa.com\/wp-content\/uploads\/2025\/11\/\u05e4\u05d9\u05e0\u05e7-\u05dc\u05d9\u05d9\u05d3\u05d9-500.jpg","datePublished":"2025-11-09T12:08:23+00:00","dateModified":"2025-11-09T12:14:58+00:00","breadcrumb":{"@id":"https:\/\/hamatsesa.com\/fr\/product\/caisse-de-jus-naturel-500-ml-pomme-pink-lady-%d7%94%d7%a2%d7%aa%d7%a7\/#breadcrumb"},"inLanguage":"fr-FR","potentialAction":[{"@type":"ReadAction","target":["https:\/\/hamatsesa.com\/fr\/product\/caisse-de-jus-naturel-500-ml-pomme-pink-lady-%d7%94%d7%a2%d7%aa%d7%a7\/"]}]},{"@type":"ImageObject","inLanguage":"fr-FR","@id":"https:\/\/hamatsesa.com\/fr\/product\/caisse-de-jus-naturel-500-ml-pomme-pink-lady-%d7%94%d7%a2%d7%aa%d7%a7\/#primaryimage","url":"https:\/\/hamatsesa.com\/wp-content\/uploads\/2025\/11\/\u05e4\u05d9\u05e0\u05e7-\u05dc\u05d9\u05d9\u05d3\u05d9-500.jpg","contentUrl":"https:\/\/hamatsesa.com\/wp-content\/uploads\/2025\/11\/\u05e4\u05d9\u05e0\u05e7-\u05dc\u05d9\u05d9\u05d3\u05d9-500.jpg","width":1748,"height":1748},{"@type":"BreadcrumbList","@id":"https:\/\/hamatsesa.com\/fr\/product\/caisse-de-jus-naturel-500-ml-pomme-pink-lady-%d7%94%d7%a2%d7%aa%d7%a7\/#breadcrumb","itemListElement":[{"@type":"ListItem","position":1,"name":"\u05d3\u05e3 \u05d4\u05d1\u05d9\u05ea","item":"https:\/\/hamatsesa.com\/fr\/maison\/"},{"@type":"ListItem","position":2,"name":"Shop","item":"https:\/\/hamatsesa.com\/shop\/"},{"@type":"ListItem","position":3,"name":"Caisse de jus naturel 500 ml\/ Pomme Pink Lady (\u05d4\u05e2\u05ea\u05e7)"}]},{"@type":"WebSite","@id":"https:\/\/hamatsesa.com\/fr\/#website","url":"https:\/\/hamatsesa.com\/fr\/","name":"\u05d4\u05de\u05ea\u05e1\u05e1\u05d4","description":"\u05d1\u05d9\u05ea \u05e2\u05d9\u05d1\u05d5\u05d3 \u05e4\u05e8\u05d9 \u05d9\u05e9\u05e8\u05d0\u05dc\u05d9","publisher":{"@id":"https:\/\/hamatsesa.com\/fr\/#organization"},"potentialAction":[{"@type":"SearchAction","target":{"@type":"EntryPoint","urlTemplate":"https:\/\/hamatsesa.com\/fr\/?s={search_term_string}"},"query-input":{"@type":"PropertyValueSpecification","valueRequired":true,"valueName":"search_term_string"}}],"inLanguage":"fr-FR"},{"@type":"Organization","@id":"https:\/\/hamatsesa.com\/fr\/#organization","name":"\u05d4\u05de\u05ea\u05e1\u05e1\u05d4","url":"https:\/\/hamatsesa.com\/fr\/","logo":{"@type":"ImageObject","inLanguage":"fr-FR","@id":"https:\/\/hamatsesa.com\/fr\/#\/schema\/logo\/image\/","url":"https:\/\/hamatsesa.com\/wp-content\/uploads\/2020\/12\/-\u05e1\u05d5\u05e4\u05d9-01-e1626073975222.png","contentUrl":"https:\/\/hamatsesa.com\/wp-content\/uploads\/2020\/12\/-\u05e1\u05d5\u05e4\u05d9-01-e1626073975222.png","width":765,"height":600,"caption":"\u05d4\u05de\u05ea\u05e1\u05e1\u05d4"},"image":{"@id":"https:\/\/hamatsesa.com\/fr\/#\/schema\/logo\/image\/"}}]}},"_links":{"self":[{"href":"https:\/\/hamatsesa.com\/fr\/wp-json\/wp\/v2\/product\/11155","targetHints":{"allow":["GET"]}}],"collection":[{"href":"https:\/\/hamatsesa.com\/fr\/wp-json\/wp\/v2\/product"}],"about":[{"href":"https:\/\/hamatsesa.com\/fr\/wp-json\/wp\/v2\/types\/product"}],"version-history":[{"count":1,"href":"https:\/\/hamatsesa.com\/fr\/wp-json\/wp\/v2\/product\/11155\/revisions"}],"predecessor-version":[{"id":11181,"href":"https:\/\/hamatsesa.com\/fr\/wp-json\/wp\/v2\/product\/11155\/revisions\/11181"}],"wp:featuredmedia":[{"embeddable":true,"href":"https:\/\/hamatsesa.com\/fr\/wp-json\/wp\/v2\/media\/11176"}],"wp:attachment":[{"href":"https:\/\/hamatsesa.com\/fr\/wp-json\/wp\/v2\/media?parent=11155"}],"wp:term":[{"taxonomy":"product_brand","embeddable":true,"href":"https:\/\/hamatsesa.com\/fr\/wp-json\/wp\/v2\/product_brand?post=11155"},{"taxonomy":"product_cat","embeddable":true,"href":"https:\/\/hamatsesa.com\/fr\/wp-json\/wp\/v2\/product_cat?post=11155"},{"taxonomy":"product_tag","embeddable":true,"href":"https:\/\/hamatsesa.com\/fr\/wp-json\/wp\/v2\/product_tag?post=11155"}],"curies":[{"name":"wp","href":"https:\/\/api.w.org\/{rel}","templated":true}]}}