{"id":10446,"date":"2023-01-01T09:43:23","date_gmt":"2023-01-01T07:43:23","guid":{"rendered":"https:\/\/hamatsesa.com\/product\/carton-cidre-alc-7-750-ml-poire-demi-sec\/"},"modified":"2025-08-12T18:09:40","modified_gmt":"2025-08-12T15:09:40","slug":"carton-cidre-alc-7-750-ml-poire-demi-sec","status":"publish","type":"product","link":"https:\/\/hamatsesa.com\/fr\/product\/carton-cidre-alc-7-750-ml-poire-demi-sec\/","title":{"rendered":"Carton cidre alc 7%\/ 750 ml\/ Poire demi- sec"},"content":{"rendered":"","protected":false},"excerpt":{"rendered":"<p dir=\"rtl\">Carton cidre alc 7%\/ 750 ml\/ Poire demi- sec<\/p>\n<p dir=\"rtl\">12 unit\u00e9s<\/p>\n<p dir=\"rtl\">Cashrout Rabinat<\/p>\n<p dir=\"rtl\">Composition, 100% naturels: Jus de poire(62%), jus de pomme (30%), concentr\u00e9 de jus de pomme (7.99%), levure.<\/p>\n<p dir=\"rtl\">Composition, 100% naturels<\/p>\n<p dir=\"rtl\">Sans additifs (conservateurs, ar\u00f4mes ou colorants artificiels).<\/p>\n<p dir=\"rtl\">A conserver au frais<\/p>\n<p dir=\"rtl\">Il est recommand\u00e9 de boire frais.<\/p>\n","protected":false},"featured_media":10445,"template":"","meta":{"site-sidebar-layout":"default","site-content-layout":"default","ast-site-content-layout":"default","site-content-style":"default","site-sidebar-style":"default","ast-global-header-display":"","ast-banner-title-visibility":"","ast-main-header-display":"","ast-hfb-above-header-display":"","ast-hfb-below-header-display":"","ast-hfb-mobile-header-display":"","site-post-title":"","ast-breadcrumbs-content":"","ast-featured-img":"","footer-sml-layout":"","theme-transparent-header-meta":"default","adv-header-id-meta":"","stick-header-meta":"","header-above-stick-meta":"","header-main-stick-meta":"","header-below-stick-meta":"","astra-migrate-meta-layouts":"set","ast-page-background-enabled":"default","ast-page-background-meta":{"desktop":{"background-color":"","background-image":"","background-repeat":"repeat","background-position":"center center","background-size":"auto","background-attachment":"scroll","background-type":"","background-media":"","overlay-type":"","overlay-color":"","overlay-opacity":"","overlay-gradient":""},"tablet":{"background-color":"","background-image":"","background-repeat":"repeat","background-position":"center center","background-size":"auto","background-attachment":"scroll","background-type":"","background-media":"","overlay-type":"","overlay-color":"","overlay-opacity":"","overlay-gradient":""},"mobile":{"background-color":"","background-image":"","background-repeat":"repeat","background-position":"center center","background-size":"auto","background-attachment":"scroll","background-type":"","background-media":"","overlay-type":"","overlay-color":"","overlay-opacity":"","overlay-gradient":""}},"ast-content-background-meta":{"desktop":{"background-color":"var(--ast-global-color-5)","background-image":"","background-repeat":"repeat","background-position":"center center","background-size":"auto","background-attachment":"scroll","background-type":"","background-media":"","overlay-type":"","overlay-color":"","overlay-opacity":"","overlay-gradient":""},"tablet":{"background-color":"var(--ast-global-color-5)","background-image":"","background-repeat":"repeat","background-position":"center center","background-size":"auto","background-attachment":"scroll","background-type":"","background-media":"","overlay-type":"","overlay-color":"","overlay-opacity":"","overlay-gradient":""},"mobile":{"background-color":"var(--ast-global-color-5)","background-image":"","background-repeat":"repeat","background-position":"center center","background-size":"auto","background-attachment":"scroll","background-type":"","background-media":"","overlay-type":"","overlay-color":"","overlay-opacity":"","overlay-gradient":""}}},"product_brand":[],"product_cat":[110,114],"product_tag":[],"class_list":{"0":"post-10446","1":"product","2":"type-product","3":"status-publish","4":"has-post-thumbnail","6":"product_cat-general","7":"product_cat-cidres-alcools","8":"desktop-align-left","9":"tablet-align-left","10":"mobile-align-left","12":"first","13":"outofstock","14":"shipping-taxable","15":"purchasable","16":"product-type-simple"},"yoast_head":"<!-- This site is optimized with the Yoast SEO plugin v27.2 - https:\/\/yoast.com\/product\/yoast-seo-wordpress\/ -->\n<title>Carton cidre alc 7%\/ 750 ml\/ Poire demi- sec | \u05d4\u05de\u05ea\u05e1\u05e1\u05d4<\/title>\n<meta name=\"robots\" content=\"index, follow, max-snippet:-1, max-image-preview:large, max-video-preview:-1\" \/>\n<link rel=\"canonical\" href=\"https:\/\/hamatsesa.com\/fr\/product\/carton-cidre-alc-7-750-ml-poire-demi-sec\/\" \/>\n<meta property=\"og:locale\" content=\"fr_FR\" \/>\n<meta property=\"og:type\" content=\"article\" \/>\n<meta property=\"og:title\" content=\"Carton cidre alc 7%\/ 750 ml\/ Poire demi- sec | \u05d4\u05de\u05ea\u05e1\u05e1\u05d4\" \/>\n<meta property=\"og:description\" content=\"Carton cidre alc 7%\/ 750 ml\/ Poire demi- sec 12 unit\u00e9s Cashrout Rabinat Composition, 100% naturels: Jus de poire(62%), jus de pomme (30%), concentr\u00e9 de jus de pomme (7.99%), levure. Composition, 100% naturels Sans additifs (conservateurs, ar\u00f4mes ou colorants artificiels). A conserver au frais Il est recommand\u00e9 de boire frais.\" \/>\n<meta property=\"og:url\" content=\"https:\/\/hamatsesa.com\/fr\/product\/carton-cidre-alc-7-750-ml-poire-demi-sec\/\" \/>\n<meta property=\"og:site_name\" content=\"\u05d4\u05de\u05ea\u05e1\u05e1\u05d4\" \/>\n<meta property=\"article:modified_time\" content=\"2025-08-12T15:09:40+00:00\" \/>\n<meta property=\"og:image\" content=\"https:\/\/hamatsesa.com\/wp-content\/uploads\/2023\/01\/\u05d0\u05e8\u05d2\u05d6-\u05e1\u05d9\u05d9\u05d3\u05e8-\u05d0\u05d2\u05e1\u05d9\u05dd-\u05d7\u05e6\u05d9-\u05d9\u05d1\u05e9-750-scaled.jpg\" \/>\n\t<meta property=\"og:image:width\" content=\"2560\" \/>\n\t<meta property=\"og:image:height\" content=\"1703\" \/>\n\t<meta property=\"og:image:type\" content=\"image\/jpeg\" \/>\n<meta name=\"twitter:card\" content=\"summary_large_image\" \/>\n<script type=\"application\/ld+json\" class=\"yoast-schema-graph\">{\"@context\":\"https:\/\/schema.org\",\"@graph\":[{\"@type\":\"WebPage\",\"@id\":\"https:\/\/hamatsesa.com\/fr\/product\/carton-cidre-alc-7-750-ml-poire-demi-sec\/\",\"url\":\"https:\/\/hamatsesa.com\/fr\/product\/carton-cidre-alc-7-750-ml-poire-demi-sec\/\",\"name\":\"Carton cidre alc 7%\/ 750 ml\/ Poire demi- sec | \u05d4\u05de\u05ea\u05e1\u05e1\u05d4\",\"isPartOf\":{\"@id\":\"https:\/\/hamatsesa.com\/fr\/#website\"},\"primaryImageOfPage\":{\"@id\":\"https:\/\/hamatsesa.com\/fr\/product\/carton-cidre-alc-7-750-ml-poire-demi-sec\/#primaryimage\"},\"image\":{\"@id\":\"https:\/\/hamatsesa.com\/fr\/product\/carton-cidre-alc-7-750-ml-poire-demi-sec\/#primaryimage\"},\"thumbnailUrl\":\"https:\/\/hamatsesa.com\/wp-content\/uploads\/2023\/01\/\u05d0\u05e8\u05d2\u05d6-\u05e1\u05d9\u05d9\u05d3\u05e8-\u05d0\u05d2\u05e1\u05d9\u05dd-\u05d7\u05e6\u05d9-\u05d9\u05d1\u05e9-750-scaled.jpg\",\"datePublished\":\"2023-01-01T07:43:23+00:00\",\"dateModified\":\"2025-08-12T15:09:40+00:00\",\"breadcrumb\":{\"@id\":\"https:\/\/hamatsesa.com\/fr\/product\/carton-cidre-alc-7-750-ml-poire-demi-sec\/#breadcrumb\"},\"inLanguage\":\"fr-FR\",\"potentialAction\":[{\"@type\":\"ReadAction\",\"target\":[\"https:\/\/hamatsesa.com\/fr\/product\/carton-cidre-alc-7-750-ml-poire-demi-sec\/\"]}]},{\"@type\":\"ImageObject\",\"inLanguage\":\"fr-FR\",\"@id\":\"https:\/\/hamatsesa.com\/fr\/product\/carton-cidre-alc-7-750-ml-poire-demi-sec\/#primaryimage\",\"url\":\"https:\/\/hamatsesa.com\/wp-content\/uploads\/2023\/01\/\u05d0\u05e8\u05d2\u05d6-\u05e1\u05d9\u05d9\u05d3\u05e8-\u05d0\u05d2\u05e1\u05d9\u05dd-\u05d7\u05e6\u05d9-\u05d9\u05d1\u05e9-750-scaled.jpg\",\"contentUrl\":\"https:\/\/hamatsesa.com\/wp-content\/uploads\/2023\/01\/\u05d0\u05e8\u05d2\u05d6-\u05e1\u05d9\u05d9\u05d3\u05e8-\u05d0\u05d2\u05e1\u05d9\u05dd-\u05d7\u05e6\u05d9-\u05d9\u05d1\u05e9-750-scaled.jpg\",\"width\":2560,\"height\":1703},{\"@type\":\"BreadcrumbList\",\"@id\":\"https:\/\/hamatsesa.com\/fr\/product\/carton-cidre-alc-7-750-ml-poire-demi-sec\/#breadcrumb\",\"itemListElement\":[{\"@type\":\"ListItem\",\"position\":1,\"name\":\"\u05d3\u05e3 \u05d4\u05d1\u05d9\u05ea\",\"item\":\"https:\/\/hamatsesa.com\/fr\/maison\/\"},{\"@type\":\"ListItem\",\"position\":2,\"name\":\"Shop\",\"item\":\"https:\/\/hamatsesa.com\/shop\/\"},{\"@type\":\"ListItem\",\"position\":3,\"name\":\"Carton cidre alc 7%\/ 750 ml\/ Poire demi- sec\"}]},{\"@type\":\"WebSite\",\"@id\":\"https:\/\/hamatsesa.com\/fr\/#website\",\"url\":\"https:\/\/hamatsesa.com\/fr\/\",\"name\":\"\u05d4\u05de\u05ea\u05e1\u05e1\u05d4\",\"description\":\"\u05d1\u05d9\u05ea \u05e2\u05d9\u05d1\u05d5\u05d3 \u05e4\u05e8\u05d9 \u05d9\u05e9\u05e8\u05d0\u05dc\u05d9\",\"publisher\":{\"@id\":\"https:\/\/hamatsesa.com\/fr\/#organization\"},\"potentialAction\":[{\"@type\":\"SearchAction\",\"target\":{\"@type\":\"EntryPoint\",\"urlTemplate\":\"https:\/\/hamatsesa.com\/fr\/?s={search_term_string}\"},\"query-input\":{\"@type\":\"PropertyValueSpecification\",\"valueRequired\":true,\"valueName\":\"search_term_string\"}}],\"inLanguage\":\"fr-FR\"},{\"@type\":\"Organization\",\"@id\":\"https:\/\/hamatsesa.com\/fr\/#organization\",\"name\":\"\u05d4\u05de\u05ea\u05e1\u05e1\u05d4\",\"url\":\"https:\/\/hamatsesa.com\/fr\/\",\"logo\":{\"@type\":\"ImageObject\",\"inLanguage\":\"fr-FR\",\"@id\":\"https:\/\/hamatsesa.com\/fr\/#\/schema\/logo\/image\/\",\"url\":\"https:\/\/hamatsesa.com\/wp-content\/uploads\/2020\/12\/-\u05e1\u05d5\u05e4\u05d9-01-e1626073975222.png\",\"contentUrl\":\"https:\/\/hamatsesa.com\/wp-content\/uploads\/2020\/12\/-\u05e1\u05d5\u05e4\u05d9-01-e1626073975222.png\",\"width\":765,\"height\":600,\"caption\":\"\u05d4\u05de\u05ea\u05e1\u05e1\u05d4\"},\"image\":{\"@id\":\"https:\/\/hamatsesa.com\/fr\/#\/schema\/logo\/image\/\"}}]}<\/script>\n<!-- \/ Yoast SEO plugin. -->","yoast_head_json":{"title":"Carton cidre alc 7%\/ 750 ml\/ Poire demi- sec | \u05d4\u05de\u05ea\u05e1\u05e1\u05d4","robots":{"index":"index","follow":"follow","max-snippet":"max-snippet:-1","max-image-preview":"max-image-preview:large","max-video-preview":"max-video-preview:-1"},"canonical":"https:\/\/hamatsesa.com\/fr\/product\/carton-cidre-alc-7-750-ml-poire-demi-sec\/","og_locale":"fr_FR","og_type":"article","og_title":"Carton cidre alc 7%\/ 750 ml\/ Poire demi- sec | \u05d4\u05de\u05ea\u05e1\u05e1\u05d4","og_description":"Carton cidre alc 7%\/ 750 ml\/ Poire demi- sec 12 unit\u00e9s Cashrout Rabinat Composition, 100% naturels: Jus de poire(62%), jus de pomme (30%), concentr\u00e9 de jus de pomme (7.99%), levure. Composition, 100% naturels Sans additifs (conservateurs, ar\u00f4mes ou colorants artificiels). A conserver au frais Il est recommand\u00e9 de boire frais.","og_url":"https:\/\/hamatsesa.com\/fr\/product\/carton-cidre-alc-7-750-ml-poire-demi-sec\/","og_site_name":"\u05d4\u05de\u05ea\u05e1\u05e1\u05d4","article_modified_time":"2025-08-12T15:09:40+00:00","og_image":[{"width":2560,"height":1703,"url":"https:\/\/hamatsesa.com\/wp-content\/uploads\/2023\/01\/\u05d0\u05e8\u05d2\u05d6-\u05e1\u05d9\u05d9\u05d3\u05e8-\u05d0\u05d2\u05e1\u05d9\u05dd-\u05d7\u05e6\u05d9-\u05d9\u05d1\u05e9-750-scaled.jpg","type":"image\/jpeg"}],"twitter_card":"summary_large_image","schema":{"@context":"https:\/\/schema.org","@graph":[{"@type":"WebPage","@id":"https:\/\/hamatsesa.com\/fr\/product\/carton-cidre-alc-7-750-ml-poire-demi-sec\/","url":"https:\/\/hamatsesa.com\/fr\/product\/carton-cidre-alc-7-750-ml-poire-demi-sec\/","name":"Carton cidre alc 7%\/ 750 ml\/ Poire demi- sec | \u05d4\u05de\u05ea\u05e1\u05e1\u05d4","isPartOf":{"@id":"https:\/\/hamatsesa.com\/fr\/#website"},"primaryImageOfPage":{"@id":"https:\/\/hamatsesa.com\/fr\/product\/carton-cidre-alc-7-750-ml-poire-demi-sec\/#primaryimage"},"image":{"@id":"https:\/\/hamatsesa.com\/fr\/product\/carton-cidre-alc-7-750-ml-poire-demi-sec\/#primaryimage"},"thumbnailUrl":"https:\/\/hamatsesa.com\/wp-content\/uploads\/2023\/01\/\u05d0\u05e8\u05d2\u05d6-\u05e1\u05d9\u05d9\u05d3\u05e8-\u05d0\u05d2\u05e1\u05d9\u05dd-\u05d7\u05e6\u05d9-\u05d9\u05d1\u05e9-750-scaled.jpg","datePublished":"2023-01-01T07:43:23+00:00","dateModified":"2025-08-12T15:09:40+00:00","breadcrumb":{"@id":"https:\/\/hamatsesa.com\/fr\/product\/carton-cidre-alc-7-750-ml-poire-demi-sec\/#breadcrumb"},"inLanguage":"fr-FR","potentialAction":[{"@type":"ReadAction","target":["https:\/\/hamatsesa.com\/fr\/product\/carton-cidre-alc-7-750-ml-poire-demi-sec\/"]}]},{"@type":"ImageObject","inLanguage":"fr-FR","@id":"https:\/\/hamatsesa.com\/fr\/product\/carton-cidre-alc-7-750-ml-poire-demi-sec\/#primaryimage","url":"https:\/\/hamatsesa.com\/wp-content\/uploads\/2023\/01\/\u05d0\u05e8\u05d2\u05d6-\u05e1\u05d9\u05d9\u05d3\u05e8-\u05d0\u05d2\u05e1\u05d9\u05dd-\u05d7\u05e6\u05d9-\u05d9\u05d1\u05e9-750-scaled.jpg","contentUrl":"https:\/\/hamatsesa.com\/wp-content\/uploads\/2023\/01\/\u05d0\u05e8\u05d2\u05d6-\u05e1\u05d9\u05d9\u05d3\u05e8-\u05d0\u05d2\u05e1\u05d9\u05dd-\u05d7\u05e6\u05d9-\u05d9\u05d1\u05e9-750-scaled.jpg","width":2560,"height":1703},{"@type":"BreadcrumbList","@id":"https:\/\/hamatsesa.com\/fr\/product\/carton-cidre-alc-7-750-ml-poire-demi-sec\/#breadcrumb","itemListElement":[{"@type":"ListItem","position":1,"name":"\u05d3\u05e3 \u05d4\u05d1\u05d9\u05ea","item":"https:\/\/hamatsesa.com\/fr\/maison\/"},{"@type":"ListItem","position":2,"name":"Shop","item":"https:\/\/hamatsesa.com\/shop\/"},{"@type":"ListItem","position":3,"name":"Carton cidre alc 7%\/ 750 ml\/ Poire demi- sec"}]},{"@type":"WebSite","@id":"https:\/\/hamatsesa.com\/fr\/#website","url":"https:\/\/hamatsesa.com\/fr\/","name":"\u05d4\u05de\u05ea\u05e1\u05e1\u05d4","description":"\u05d1\u05d9\u05ea \u05e2\u05d9\u05d1\u05d5\u05d3 \u05e4\u05e8\u05d9 \u05d9\u05e9\u05e8\u05d0\u05dc\u05d9","publisher":{"@id":"https:\/\/hamatsesa.com\/fr\/#organization"},"potentialAction":[{"@type":"SearchAction","target":{"@type":"EntryPoint","urlTemplate":"https:\/\/hamatsesa.com\/fr\/?s={search_term_string}"},"query-input":{"@type":"PropertyValueSpecification","valueRequired":true,"valueName":"search_term_string"}}],"inLanguage":"fr-FR"},{"@type":"Organization","@id":"https:\/\/hamatsesa.com\/fr\/#organization","name":"\u05d4\u05de\u05ea\u05e1\u05e1\u05d4","url":"https:\/\/hamatsesa.com\/fr\/","logo":{"@type":"ImageObject","inLanguage":"fr-FR","@id":"https:\/\/hamatsesa.com\/fr\/#\/schema\/logo\/image\/","url":"https:\/\/hamatsesa.com\/wp-content\/uploads\/2020\/12\/-\u05e1\u05d5\u05e4\u05d9-01-e1626073975222.png","contentUrl":"https:\/\/hamatsesa.com\/wp-content\/uploads\/2020\/12\/-\u05e1\u05d5\u05e4\u05d9-01-e1626073975222.png","width":765,"height":600,"caption":"\u05d4\u05de\u05ea\u05e1\u05e1\u05d4"},"image":{"@id":"https:\/\/hamatsesa.com\/fr\/#\/schema\/logo\/image\/"}}]}},"_links":{"self":[{"href":"https:\/\/hamatsesa.com\/fr\/wp-json\/wp\/v2\/product\/10446","targetHints":{"allow":["GET"]}}],"collection":[{"href":"https:\/\/hamatsesa.com\/fr\/wp-json\/wp\/v2\/product"}],"about":[{"href":"https:\/\/hamatsesa.com\/fr\/wp-json\/wp\/v2\/types\/product"}],"version-history":[{"count":1,"href":"https:\/\/hamatsesa.com\/fr\/wp-json\/wp\/v2\/product\/10446\/revisions"}],"predecessor-version":[{"id":10567,"href":"https:\/\/hamatsesa.com\/fr\/wp-json\/wp\/v2\/product\/10446\/revisions\/10567"}],"wp:featuredmedia":[{"embeddable":true,"href":"https:\/\/hamatsesa.com\/fr\/wp-json\/wp\/v2\/media\/10445"}],"wp:attachment":[{"href":"https:\/\/hamatsesa.com\/fr\/wp-json\/wp\/v2\/media?parent=10446"}],"wp:term":[{"taxonomy":"product_brand","embeddable":true,"href":"https:\/\/hamatsesa.com\/fr\/wp-json\/wp\/v2\/product_brand?post=10446"},{"taxonomy":"product_cat","embeddable":true,"href":"https:\/\/hamatsesa.com\/fr\/wp-json\/wp\/v2\/product_cat?post=10446"},{"taxonomy":"product_tag","embeddable":true,"href":"https:\/\/hamatsesa.com\/fr\/wp-json\/wp\/v2\/product_tag?post=10446"}],"curies":[{"name":"wp","href":"https:\/\/api.w.org\/{rel}","templated":true}]}}