{"id":10405,"date":"2025-11-09T13:14:01","date_gmt":"2025-11-09T11:14:01","guid":{"rendered":"https:\/\/hamatsesa.com\/product\/ktzavot-cidre-de-pomme-type-doree-7-alc-750-ml\/"},"modified":"2025-08-12T18:42:57","modified_gmt":"2025-08-12T15:42:57","slug":"ktzavot-cidre-de-pomme-type-doree-7-alc-750-ml","status":"publish","type":"product","link":"https:\/\/hamatsesa.com\/fr\/product\/ktzavot-cidre-de-pomme-type-doree-7-alc-750-ml\/","title":{"rendered":"Ktzavot\/ Cidre de pomme type Dor\u00e9e\/ 7% alc\/ 750 ml"},"content":{"rendered":"","protected":false},"excerpt":{"rendered":"<p><strong>Cidre de pomme dor\u00e9, sec, 7 % d\u2019alcool<\/strong>, 750 ml<\/p>\n<p><em><strong>Ktzavot\/ Cidre de pomme<\/strong><\/em><br \/>\nMac\u00e9ration de pommes avec leur peau, pressage intense. Un cidre \u00e0 la pr\u00e9sence affirm\u00e9e. Une touche de ch\u00eane, l\u00e9g\u00e8rement p\u00e9tillant.<\/p>\n<p>Juste avant Roch Hachana, nous sommes ravis de vous proposer un cidre dor\u00e9 \u00e9labor\u00e9 \u00e0 partir de pommes Pink Lady, vieilli avec une mac\u00e9ration sur copeaux de ch\u00eane fran\u00e7ais.<br \/>\n<strong>Une \u00e9dition limit\u00e9e \u00e0 seulement 6000 bouteilles<\/strong>.<\/p>\n<p>Au-del\u00e0 de son go\u00fbt remarquable, ce cidre incarne pour nous une nouvelle \u00e9tape :<br \/>\n* Offrir un filet de s\u00e9curit\u00e9 aux agriculteurs<br \/>\n* Redonner de la valeur aux fruits \u00ab imparfaits \u00bb<br \/>\n* Agir concr\u00e8tement pour la r\u00e9duction du gaspillage alimentaire \u00ab\u00a0\u00a0\u00bbKtzavot\u00a0\u00bb\u00a0\u00bb signifie les extr\u00e9mit\u00e9s \u2013 un hommage aux fruits rest\u00e9s dans les vergers apr\u00e8s la r\u00e9colte, ou \u00e9cart\u00e9s en station de tri.<br \/>\nCe cidre est \u00e9labor\u00e9 \u00e0 100 % \u00e0 partir de fruits sauv\u00e9s, autrement destin\u00e9s au gaspillage. \u00ab\u00a0<\/p>\n","protected":false},"featured_media":10407,"template":"","meta":{"site-sidebar-layout":"default","site-content-layout":"default","ast-site-content-layout":"default","site-content-style":"default","site-sidebar-style":"default","ast-global-header-display":"","ast-banner-title-visibility":"","ast-main-header-display":"","ast-hfb-above-header-display":"","ast-hfb-below-header-display":"","ast-hfb-mobile-header-display":"","site-post-title":"","ast-breadcrumbs-content":"","ast-featured-img":"","footer-sml-layout":"","theme-transparent-header-meta":"default","adv-header-id-meta":"","stick-header-meta":"","header-above-stick-meta":"","header-main-stick-meta":"","header-below-stick-meta":"","astra-migrate-meta-layouts":"set","ast-page-background-enabled":"default","ast-page-background-meta":{"desktop":{"background-color":"","background-image":"","background-repeat":"repeat","background-position":"center center","background-size":"auto","background-attachment":"scroll","background-type":"","background-media":"","overlay-type":"","overlay-color":"","overlay-opacity":"","overlay-gradient":""},"tablet":{"background-color":"","background-image":"","background-repeat":"repeat","background-position":"center center","background-size":"auto","background-attachment":"scroll","background-type":"","background-media":"","overlay-type":"","overlay-color":"","overlay-opacity":"","overlay-gradient":""},"mobile":{"background-color":"","background-image":"","background-repeat":"repeat","background-position":"center center","background-size":"auto","background-attachment":"scroll","background-type":"","background-media":"","overlay-type":"","overlay-color":"","overlay-opacity":"","overlay-gradient":""}},"ast-content-background-meta":{"desktop":{"background-color":"var(--ast-global-color-5)","background-image":"","background-repeat":"repeat","background-position":"center center","background-size":"auto","background-attachment":"scroll","background-type":"","background-media":"","overlay-type":"","overlay-color":"","overlay-opacity":"","overlay-gradient":""},"tablet":{"background-color":"var(--ast-global-color-5)","background-image":"","background-repeat":"repeat","background-position":"center center","background-size":"auto","background-attachment":"scroll","background-type":"","background-media":"","overlay-type":"","overlay-color":"","overlay-opacity":"","overlay-gradient":""},"mobile":{"background-color":"var(--ast-global-color-5)","background-image":"","background-repeat":"repeat","background-position":"center center","background-size":"auto","background-attachment":"scroll","background-type":"","background-media":"","overlay-type":"","overlay-color":"","overlay-opacity":"","overlay-gradient":""}}},"product_brand":[],"product_cat":[114],"product_tag":[],"class_list":{"0":"post-10405","1":"product","2":"type-product","3":"status-publish","4":"has-post-thumbnail","6":"product_cat-cidres-alcools","7":"desktop-align-left","8":"tablet-align-left","9":"mobile-align-left","11":"first","12":"instock","13":"shipping-taxable","14":"purchasable","15":"product-type-simple"},"yoast_head":"<!-- This site is optimized with the Yoast SEO plugin v27.2 - https:\/\/yoast.com\/product\/yoast-seo-wordpress\/ -->\n<title>Ktzavot\/ Cidre de pomme type Dor\u00e9e\/ 7% alc\/ 750 ml | \u05d4\u05de\u05ea\u05e1\u05e1\u05d4<\/title>\n<meta name=\"robots\" content=\"index, follow, max-snippet:-1, max-image-preview:large, max-video-preview:-1\" \/>\n<link rel=\"canonical\" href=\"https:\/\/hamatsesa.com\/fr\/product\/ktzavot-cidre-de-pomme-type-doree-7-alc-750-ml\/\" \/>\n<meta property=\"og:locale\" content=\"fr_FR\" \/>\n<meta property=\"og:type\" content=\"article\" \/>\n<meta property=\"og:title\" content=\"Ktzavot\/ Cidre de pomme type Dor\u00e9e\/ 7% alc\/ 750 ml | \u05d4\u05de\u05ea\u05e1\u05e1\u05d4\" \/>\n<meta property=\"og:description\" content=\"Cidre de pomme dor\u00e9, sec, 7 % d\u2019alcool, 750 ml  Ktzavot\/ Cidre de pomme Mac\u00e9ration de pommes avec leur peau, pressage intense. Un cidre \u00e0 la pr\u00e9sence affirm\u00e9e. Une touche de ch\u00eane, l\u00e9g\u00e8rement p\u00e9tillant.  Juste avant Roch Hachana, nous sommes ravis de vous proposer un cidre dor\u00e9 \u00e9labor\u00e9 \u00e0 partir de pommes Pink Lady, vieilli avec une mac\u00e9ration sur copeaux de ch\u00eane fran\u00e7ais. Une \u00e9dition limit\u00e9e \u00e0 seulement 6000 bouteilles.  Au-del\u00e0 de son go\u00fbt remarquable, ce cidre incarne pour nous une nouvelle \u00e9tape : * Offrir un filet de s\u00e9curit\u00e9 aux agriculteurs * Redonner de la valeur aux fruits \u00ab imparfaits \u00bb * Agir concr\u00e8tement pour la r\u00e9duction du gaspillage alimentaire &quot;&quot;Ktzavot&quot;&quot; signifie les extr\u00e9mit\u00e9s \u2013 un hommage aux fruits rest\u00e9s dans les vergers apr\u00e8s la r\u00e9colte, ou \u00e9cart\u00e9s en station de tri. Ce cidre est \u00e9labor\u00e9 \u00e0 100 % \u00e0 partir de fruits sauv\u00e9s, autrement destin\u00e9s au gaspillage. &quot;\" \/>\n<meta property=\"og:url\" content=\"https:\/\/hamatsesa.com\/fr\/product\/ktzavot-cidre-de-pomme-type-doree-7-alc-750-ml\/\" \/>\n<meta property=\"og:site_name\" content=\"\u05d4\u05de\u05ea\u05e1\u05e1\u05d4\" \/>\n<meta property=\"og:image\" content=\"https:\/\/hamatsesa.com\/wp-content\/uploads\/2022\/12\/\u05e7\u05e6\u05d5\u05d5\u05ea1.jpg\" \/>\n\t<meta property=\"og:image:width\" content=\"1200\" \/>\n\t<meta property=\"og:image:height\" content=\"798\" \/>\n\t<meta property=\"og:image:type\" content=\"image\/jpeg\" \/>\n<meta name=\"twitter:card\" content=\"summary_large_image\" \/>\n<meta name=\"twitter:label1\" content=\"Dur\u00e9e de lecture estim\u00e9e\" \/>\n\t<meta name=\"twitter:data1\" content=\"1 minute\" \/>\n<script type=\"application\/ld+json\" class=\"yoast-schema-graph\">{\"@context\":\"https:\/\/schema.org\",\"@graph\":[{\"@type\":\"WebPage\",\"@id\":\"https:\/\/hamatsesa.com\/fr\/product\/ktzavot-cidre-de-pomme-type-doree-7-alc-750-ml\/\",\"url\":\"https:\/\/hamatsesa.com\/fr\/product\/ktzavot-cidre-de-pomme-type-doree-7-alc-750-ml\/\",\"name\":\"Ktzavot\/ Cidre de pomme type Dor\u00e9e\/ 7% alc\/ 750 ml | \u05d4\u05de\u05ea\u05e1\u05e1\u05d4\",\"isPartOf\":{\"@id\":\"https:\/\/hamatsesa.com\/fr\/#website\"},\"primaryImageOfPage\":{\"@id\":\"https:\/\/hamatsesa.com\/fr\/product\/ktzavot-cidre-de-pomme-type-doree-7-alc-750-ml\/#primaryimage\"},\"image\":{\"@id\":\"https:\/\/hamatsesa.com\/fr\/product\/ktzavot-cidre-de-pomme-type-doree-7-alc-750-ml\/#primaryimage\"},\"thumbnailUrl\":\"https:\/\/hamatsesa.com\/wp-content\/uploads\/2022\/12\/\u05e7\u05e6\u05d5\u05d5\u05ea1.jpg\",\"datePublished\":\"2025-11-09T11:14:01+00:00\",\"breadcrumb\":{\"@id\":\"https:\/\/hamatsesa.com\/fr\/product\/ktzavot-cidre-de-pomme-type-doree-7-alc-750-ml\/#breadcrumb\"},\"inLanguage\":\"fr-FR\",\"potentialAction\":[{\"@type\":\"ReadAction\",\"target\":[\"https:\/\/hamatsesa.com\/fr\/product\/ktzavot-cidre-de-pomme-type-doree-7-alc-750-ml\/\"]}]},{\"@type\":\"ImageObject\",\"inLanguage\":\"fr-FR\",\"@id\":\"https:\/\/hamatsesa.com\/fr\/product\/ktzavot-cidre-de-pomme-type-doree-7-alc-750-ml\/#primaryimage\",\"url\":\"https:\/\/hamatsesa.com\/wp-content\/uploads\/2022\/12\/\u05e7\u05e6\u05d5\u05d5\u05ea1.jpg\",\"contentUrl\":\"https:\/\/hamatsesa.com\/wp-content\/uploads\/2022\/12\/\u05e7\u05e6\u05d5\u05d5\u05ea1.jpg\",\"width\":1200,\"height\":798},{\"@type\":\"BreadcrumbList\",\"@id\":\"https:\/\/hamatsesa.com\/fr\/product\/ktzavot-cidre-de-pomme-type-doree-7-alc-750-ml\/#breadcrumb\",\"itemListElement\":[{\"@type\":\"ListItem\",\"position\":1,\"name\":\"\u05d3\u05e3 \u05d4\u05d1\u05d9\u05ea\",\"item\":\"https:\/\/hamatsesa.com\/fr\/maison\/\"},{\"@type\":\"ListItem\",\"position\":2,\"name\":\"Shop\",\"item\":\"https:\/\/hamatsesa.com\/shop\/\"},{\"@type\":\"ListItem\",\"position\":3,\"name\":\"Ktzavot\/ Cidre de pomme type Dor\u00e9e\/ 7% alc\/ 750 ml\"}]},{\"@type\":\"WebSite\",\"@id\":\"https:\/\/hamatsesa.com\/fr\/#website\",\"url\":\"https:\/\/hamatsesa.com\/fr\/\",\"name\":\"\u05d4\u05de\u05ea\u05e1\u05e1\u05d4\",\"description\":\"\u05d1\u05d9\u05ea \u05e2\u05d9\u05d1\u05d5\u05d3 \u05e4\u05e8\u05d9 \u05d9\u05e9\u05e8\u05d0\u05dc\u05d9\",\"publisher\":{\"@id\":\"https:\/\/hamatsesa.com\/fr\/#organization\"},\"potentialAction\":[{\"@type\":\"SearchAction\",\"target\":{\"@type\":\"EntryPoint\",\"urlTemplate\":\"https:\/\/hamatsesa.com\/fr\/?s={search_term_string}\"},\"query-input\":{\"@type\":\"PropertyValueSpecification\",\"valueRequired\":true,\"valueName\":\"search_term_string\"}}],\"inLanguage\":\"fr-FR\"},{\"@type\":\"Organization\",\"@id\":\"https:\/\/hamatsesa.com\/fr\/#organization\",\"name\":\"\u05d4\u05de\u05ea\u05e1\u05e1\u05d4\",\"url\":\"https:\/\/hamatsesa.com\/fr\/\",\"logo\":{\"@type\":\"ImageObject\",\"inLanguage\":\"fr-FR\",\"@id\":\"https:\/\/hamatsesa.com\/fr\/#\/schema\/logo\/image\/\",\"url\":\"https:\/\/hamatsesa.com\/wp-content\/uploads\/2020\/12\/-\u05e1\u05d5\u05e4\u05d9-01-e1626073975222.png\",\"contentUrl\":\"https:\/\/hamatsesa.com\/wp-content\/uploads\/2020\/12\/-\u05e1\u05d5\u05e4\u05d9-01-e1626073975222.png\",\"width\":765,\"height\":600,\"caption\":\"\u05d4\u05de\u05ea\u05e1\u05e1\u05d4\"},\"image\":{\"@id\":\"https:\/\/hamatsesa.com\/fr\/#\/schema\/logo\/image\/\"}}]}<\/script>\n<!-- \/ Yoast SEO plugin. -->","yoast_head_json":{"title":"Ktzavot\/ Cidre de pomme type Dor\u00e9e\/ 7% alc\/ 750 ml | \u05d4\u05de\u05ea\u05e1\u05e1\u05d4","robots":{"index":"index","follow":"follow","max-snippet":"max-snippet:-1","max-image-preview":"max-image-preview:large","max-video-preview":"max-video-preview:-1"},"canonical":"https:\/\/hamatsesa.com\/fr\/product\/ktzavot-cidre-de-pomme-type-doree-7-alc-750-ml\/","og_locale":"fr_FR","og_type":"article","og_title":"Ktzavot\/ Cidre de pomme type Dor\u00e9e\/ 7% alc\/ 750 ml | \u05d4\u05de\u05ea\u05e1\u05e1\u05d4","og_description":"Cidre de pomme dor\u00e9, sec, 7 % d\u2019alcool, 750 ml  Ktzavot\/ Cidre de pomme Mac\u00e9ration de pommes avec leur peau, pressage intense. Un cidre \u00e0 la pr\u00e9sence affirm\u00e9e. Une touche de ch\u00eane, l\u00e9g\u00e8rement p\u00e9tillant.  Juste avant Roch Hachana, nous sommes ravis de vous proposer un cidre dor\u00e9 \u00e9labor\u00e9 \u00e0 partir de pommes Pink Lady, vieilli avec une mac\u00e9ration sur copeaux de ch\u00eane fran\u00e7ais. Une \u00e9dition limit\u00e9e \u00e0 seulement 6000 bouteilles.  Au-del\u00e0 de son go\u00fbt remarquable, ce cidre incarne pour nous une nouvelle \u00e9tape : * Offrir un filet de s\u00e9curit\u00e9 aux agriculteurs * Redonner de la valeur aux fruits \u00ab imparfaits \u00bb * Agir concr\u00e8tement pour la r\u00e9duction du gaspillage alimentaire \"\"Ktzavot\"\" signifie les extr\u00e9mit\u00e9s \u2013 un hommage aux fruits rest\u00e9s dans les vergers apr\u00e8s la r\u00e9colte, ou \u00e9cart\u00e9s en station de tri. Ce cidre est \u00e9labor\u00e9 \u00e0 100 % \u00e0 partir de fruits sauv\u00e9s, autrement destin\u00e9s au gaspillage. \"","og_url":"https:\/\/hamatsesa.com\/fr\/product\/ktzavot-cidre-de-pomme-type-doree-7-alc-750-ml\/","og_site_name":"\u05d4\u05de\u05ea\u05e1\u05e1\u05d4","og_image":[{"width":1200,"height":798,"url":"https:\/\/hamatsesa.com\/wp-content\/uploads\/2022\/12\/\u05e7\u05e6\u05d5\u05d5\u05ea1.jpg","type":"image\/jpeg"}],"twitter_card":"summary_large_image","twitter_misc":{"Dur\u00e9e de lecture estim\u00e9e":"1 minute"},"schema":{"@context":"https:\/\/schema.org","@graph":[{"@type":"WebPage","@id":"https:\/\/hamatsesa.com\/fr\/product\/ktzavot-cidre-de-pomme-type-doree-7-alc-750-ml\/","url":"https:\/\/hamatsesa.com\/fr\/product\/ktzavot-cidre-de-pomme-type-doree-7-alc-750-ml\/","name":"Ktzavot\/ Cidre de pomme type Dor\u00e9e\/ 7% alc\/ 750 ml | \u05d4\u05de\u05ea\u05e1\u05e1\u05d4","isPartOf":{"@id":"https:\/\/hamatsesa.com\/fr\/#website"},"primaryImageOfPage":{"@id":"https:\/\/hamatsesa.com\/fr\/product\/ktzavot-cidre-de-pomme-type-doree-7-alc-750-ml\/#primaryimage"},"image":{"@id":"https:\/\/hamatsesa.com\/fr\/product\/ktzavot-cidre-de-pomme-type-doree-7-alc-750-ml\/#primaryimage"},"thumbnailUrl":"https:\/\/hamatsesa.com\/wp-content\/uploads\/2022\/12\/\u05e7\u05e6\u05d5\u05d5\u05ea1.jpg","datePublished":"2025-11-09T11:14:01+00:00","breadcrumb":{"@id":"https:\/\/hamatsesa.com\/fr\/product\/ktzavot-cidre-de-pomme-type-doree-7-alc-750-ml\/#breadcrumb"},"inLanguage":"fr-FR","potentialAction":[{"@type":"ReadAction","target":["https:\/\/hamatsesa.com\/fr\/product\/ktzavot-cidre-de-pomme-type-doree-7-alc-750-ml\/"]}]},{"@type":"ImageObject","inLanguage":"fr-FR","@id":"https:\/\/hamatsesa.com\/fr\/product\/ktzavot-cidre-de-pomme-type-doree-7-alc-750-ml\/#primaryimage","url":"https:\/\/hamatsesa.com\/wp-content\/uploads\/2022\/12\/\u05e7\u05e6\u05d5\u05d5\u05ea1.jpg","contentUrl":"https:\/\/hamatsesa.com\/wp-content\/uploads\/2022\/12\/\u05e7\u05e6\u05d5\u05d5\u05ea1.jpg","width":1200,"height":798},{"@type":"BreadcrumbList","@id":"https:\/\/hamatsesa.com\/fr\/product\/ktzavot-cidre-de-pomme-type-doree-7-alc-750-ml\/#breadcrumb","itemListElement":[{"@type":"ListItem","position":1,"name":"\u05d3\u05e3 \u05d4\u05d1\u05d9\u05ea","item":"https:\/\/hamatsesa.com\/fr\/maison\/"},{"@type":"ListItem","position":2,"name":"Shop","item":"https:\/\/hamatsesa.com\/shop\/"},{"@type":"ListItem","position":3,"name":"Ktzavot\/ Cidre de pomme type Dor\u00e9e\/ 7% alc\/ 750 ml"}]},{"@type":"WebSite","@id":"https:\/\/hamatsesa.com\/fr\/#website","url":"https:\/\/hamatsesa.com\/fr\/","name":"\u05d4\u05de\u05ea\u05e1\u05e1\u05d4","description":"\u05d1\u05d9\u05ea \u05e2\u05d9\u05d1\u05d5\u05d3 \u05e4\u05e8\u05d9 \u05d9\u05e9\u05e8\u05d0\u05dc\u05d9","publisher":{"@id":"https:\/\/hamatsesa.com\/fr\/#organization"},"potentialAction":[{"@type":"SearchAction","target":{"@type":"EntryPoint","urlTemplate":"https:\/\/hamatsesa.com\/fr\/?s={search_term_string}"},"query-input":{"@type":"PropertyValueSpecification","valueRequired":true,"valueName":"search_term_string"}}],"inLanguage":"fr-FR"},{"@type":"Organization","@id":"https:\/\/hamatsesa.com\/fr\/#organization","name":"\u05d4\u05de\u05ea\u05e1\u05e1\u05d4","url":"https:\/\/hamatsesa.com\/fr\/","logo":{"@type":"ImageObject","inLanguage":"fr-FR","@id":"https:\/\/hamatsesa.com\/fr\/#\/schema\/logo\/image\/","url":"https:\/\/hamatsesa.com\/wp-content\/uploads\/2020\/12\/-\u05e1\u05d5\u05e4\u05d9-01-e1626073975222.png","contentUrl":"https:\/\/hamatsesa.com\/wp-content\/uploads\/2020\/12\/-\u05e1\u05d5\u05e4\u05d9-01-e1626073975222.png","width":765,"height":600,"caption":"\u05d4\u05de\u05ea\u05e1\u05e1\u05d4"},"image":{"@id":"https:\/\/hamatsesa.com\/fr\/#\/schema\/logo\/image\/"}}]}},"_links":{"self":[{"href":"https:\/\/hamatsesa.com\/fr\/wp-json\/wp\/v2\/product\/10405","targetHints":{"allow":["GET"]}}],"collection":[{"href":"https:\/\/hamatsesa.com\/fr\/wp-json\/wp\/v2\/product"}],"about":[{"href":"https:\/\/hamatsesa.com\/fr\/wp-json\/wp\/v2\/types\/product"}],"version-history":[{"count":1,"href":"https:\/\/hamatsesa.com\/fr\/wp-json\/wp\/v2\/product\/10405\/revisions"}],"predecessor-version":[{"id":10563,"href":"https:\/\/hamatsesa.com\/fr\/wp-json\/wp\/v2\/product\/10405\/revisions\/10563"}],"wp:featuredmedia":[{"embeddable":true,"href":"https:\/\/hamatsesa.com\/fr\/wp-json\/wp\/v2\/media\/10407"}],"wp:attachment":[{"href":"https:\/\/hamatsesa.com\/fr\/wp-json\/wp\/v2\/media?parent=10405"}],"wp:term":[{"taxonomy":"product_brand","embeddable":true,"href":"https:\/\/hamatsesa.com\/fr\/wp-json\/wp\/v2\/product_brand?post=10405"},{"taxonomy":"product_cat","embeddable":true,"href":"https:\/\/hamatsesa.com\/fr\/wp-json\/wp\/v2\/product_cat?post=10405"},{"taxonomy":"product_tag","embeddable":true,"href":"https:\/\/hamatsesa.com\/fr\/wp-json\/wp\/v2\/product_tag?post=10405"}],"curies":[{"name":"wp","href":"https:\/\/api.w.org\/{rel}","templated":true}]}}