{"id":10391,"date":"2022-03-01T17:22:34","date_gmt":"2022-03-01T15:22:34","guid":{"rendered":"https:\/\/hamatsesa.com\/product\/coffret-2-bouteilles-ktzavot-1poires-1-pommes\/"},"modified":"2025-08-12T18:07:49","modified_gmt":"2025-08-12T15:07:49","slug":"coffret-2-bouteilles-ktzavot-1poires-1-pommes","status":"publish","type":"product","link":"https:\/\/hamatsesa.com\/fr\/product\/coffret-2-bouteilles-ktzavot-1poires-1-pommes\/","title":{"rendered":"Coffret 2 bouteilles Ktzavot, 1Poires, 1 Pommes"},"content":{"rendered":"","protected":false},"excerpt":{"rendered":"<p><strong>Un coffret magnifique comprenant :<\/strong><\/p>\n<p><strong>2 bouteilles de cidre chacune:<\/strong><\/p>\n<ul>\n<li><strong> 1 bouteille de cidre de pommes dor\u00e9cidre dor\u00e9, sec \u2013 7 % d\u2019alcool,<\/strong> 750 ml<\/li>\n<li><strong>1 bouteille de cidre de poires dor\u00e9cidre dor\u00e9, sec \u2013 7 % d\u2019alcoo<\/strong>l, 750 ml<\/li>\n<li><\/li>\n<\/ul>\n<p><em><strong>\u00ab\u00a0\u00a0\u00bbKtzavot \u2013 Cidre Dor\u00e9\u00a0\u00bb\u00a0\u00bb<\/strong><\/em><br \/>\nMac\u00e9ration de pommes ou de poires enti\u00e8res avec leur peau, pressage intense.<br \/>\nUn cidre au caract\u00e8re affirm\u00e9, l\u00e9g\u00e8rement p\u00e9tillant, avec une touche subtile de ch\u00eane fran\u00e7ais.<\/p>\n<p>Nous sommes heureux\u00b7ses de vous proposer un cidre dor\u00e9, \u00e9labor\u00e9 \u00e0 partir de poires ou de pommes Pink Lady vieillies et mac\u00e9r\u00e9es avec des copeaux de ch\u00eane fran\u00e7ais.<\/p>\n<p>Au-del\u00e0 de son go\u00fbt remarquable, ce cidre incarne pour nous une nouvelle \u00e9tape : &#x1f350; Offrir un filet de s\u00e9curit\u00e9 aux agriculteurs<br \/>\n&#x1f350; Redonner de la valeur aux fruits \u00ab imparfaits \u00bb<br \/>\n&#x1f350; Agir concr\u00e8tement pour la r\u00e9duction du gaspillage alimentaire \u00ab\u00a0\u00a0\u00bbKtzavot\u00a0\u00bb\u00a0\u00bb signifie les extr\u00e9mit\u00e9s \u2013 un hommage aux fruits rest\u00e9s dans les vergers apr\u00e8s la r\u00e9colte, ou \u00e9cart\u00e9s en station de tri.<br \/>\nCe cidre est \u00e9labor\u00e9 \u00e0 100 % \u00e0 partir de fruits sauv\u00e9s, autrement destin\u00e9s au gaspillage. \u00ab\u00a0<\/p>\n","protected":false},"featured_media":10390,"template":"","meta":{"site-sidebar-layout":"default","site-content-layout":"default","ast-site-content-layout":"default","site-content-style":"default","site-sidebar-style":"default","ast-global-header-display":"","ast-banner-title-visibility":"","ast-main-header-display":"","ast-hfb-above-header-display":"","ast-hfb-below-header-display":"","ast-hfb-mobile-header-display":"","site-post-title":"","ast-breadcrumbs-content":"","ast-featured-img":"","footer-sml-layout":"","theme-transparent-header-meta":"default","adv-header-id-meta":"","stick-header-meta":"","header-above-stick-meta":"","header-main-stick-meta":"","header-below-stick-meta":"","astra-migrate-meta-layouts":"set","ast-page-background-enabled":"default","ast-page-background-meta":{"desktop":{"background-color":"","background-image":"","background-repeat":"repeat","background-position":"center center","background-size":"auto","background-attachment":"scroll","background-type":"","background-media":"","overlay-type":"","overlay-color":"","overlay-opacity":"","overlay-gradient":""},"tablet":{"background-color":"","background-image":"","background-repeat":"repeat","background-position":"center center","background-size":"auto","background-attachment":"scroll","background-type":"","background-media":"","overlay-type":"","overlay-color":"","overlay-opacity":"","overlay-gradient":""},"mobile":{"background-color":"","background-image":"","background-repeat":"repeat","background-position":"center center","background-size":"auto","background-attachment":"scroll","background-type":"","background-media":"","overlay-type":"","overlay-color":"","overlay-opacity":"","overlay-gradient":""}},"ast-content-background-meta":{"desktop":{"background-color":"var(--ast-global-color-5)","background-image":"","background-repeat":"repeat","background-position":"center center","background-size":"auto","background-attachment":"scroll","background-type":"","background-media":"","overlay-type":"","overlay-color":"","overlay-opacity":"","overlay-gradient":""},"tablet":{"background-color":"var(--ast-global-color-5)","background-image":"","background-repeat":"repeat","background-position":"center center","background-size":"auto","background-attachment":"scroll","background-type":"","background-media":"","overlay-type":"","overlay-color":"","overlay-opacity":"","overlay-gradient":""},"mobile":{"background-color":"var(--ast-global-color-5)","background-image":"","background-repeat":"repeat","background-position":"center center","background-size":"auto","background-attachment":"scroll","background-type":"","background-media":"","overlay-type":"","overlay-color":"","overlay-opacity":"","overlay-gradient":""}}},"product_brand":[],"product_cat":[114],"product_tag":[],"class_list":{"0":"post-10391","1":"product","2":"type-product","3":"status-publish","4":"has-post-thumbnail","6":"product_cat-cidres-alcools","7":"desktop-align-left","8":"tablet-align-left","9":"mobile-align-left","11":"first","12":"instock","13":"shipping-taxable","14":"purchasable","15":"product-type-simple"},"yoast_head":"<!-- This site is optimized with the Yoast SEO plugin v27.2 - https:\/\/yoast.com\/product\/yoast-seo-wordpress\/ -->\n<title>Coffret 2 bouteilles Ktzavot, 1Poires, 1 Pommes | \u05d4\u05de\u05ea\u05e1\u05e1\u05d4<\/title>\n<meta name=\"robots\" content=\"index, follow, max-snippet:-1, max-image-preview:large, max-video-preview:-1\" \/>\n<link rel=\"canonical\" href=\"https:\/\/hamatsesa.com\/fr\/product\/coffret-2-bouteilles-ktzavot-1poires-1-pommes\/\" \/>\n<meta property=\"og:locale\" content=\"fr_FR\" \/>\n<meta property=\"og:type\" content=\"article\" \/>\n<meta property=\"og:title\" content=\"Coffret 2 bouteilles Ktzavot, 1Poires, 1 Pommes | \u05d4\u05de\u05ea\u05e1\u05e1\u05d4\" \/>\n<meta property=\"og:description\" content=\"Un coffret magnifique comprenant :  2 bouteilles de cidre chacune:    1 bouteille de cidre de pommes dor\u00e9cidre dor\u00e9, sec \u2013 7 % d\u2019alcool, 750 ml  1 bouteille de cidre de poires dor\u00e9cidre dor\u00e9, sec \u2013 7 % d\u2019alcool, 750 ml    &quot;&quot;Ktzavot \u2013 Cidre Dor\u00e9&quot;&quot; Mac\u00e9ration de pommes ou de poires enti\u00e8res avec leur peau, pressage intense. Un cidre au caract\u00e8re affirm\u00e9, l\u00e9g\u00e8rement p\u00e9tillant, avec une touche subtile de ch\u00eane fran\u00e7ais.  Nous sommes heureux\u00b7ses de vous proposer un cidre dor\u00e9, \u00e9labor\u00e9 \u00e0 partir de poires ou de pommes Pink Lady vieillies et mac\u00e9r\u00e9es avec des copeaux de ch\u00eane fran\u00e7ais.  Au-del\u00e0 de son go\u00fbt remarquable, ce cidre incarne pour nous une nouvelle \u00e9tape : &#x1f350; Offrir un filet de s\u00e9curit\u00e9 aux agriculteurs &#x1f350; Redonner de la valeur aux fruits \u00ab imparfaits \u00bb &#x1f350; Agir concr\u00e8tement pour la r\u00e9duction du gaspillage alimentaire &quot;&quot;Ktzavot&quot;&quot; signifie les extr\u00e9mit\u00e9s \u2013 un hommage aux fruits rest\u00e9s dans les vergers apr\u00e8s la r\u00e9colte, ou \u00e9cart\u00e9s en station de tri. Ce cidre est \u00e9labor\u00e9 \u00e0 100 % \u00e0 partir de fruits sauv\u00e9s, autrement destin\u00e9s au gaspillage. &quot;\" \/>\n<meta property=\"og:url\" content=\"https:\/\/hamatsesa.com\/fr\/product\/coffret-2-bouteilles-ktzavot-1poires-1-pommes\/\" \/>\n<meta property=\"og:site_name\" content=\"\u05d4\u05de\u05ea\u05e1\u05e1\u05d4\" \/>\n<meta property=\"article:modified_time\" content=\"2025-08-12T15:07:49+00:00\" \/>\n<meta property=\"og:image\" content=\"https:\/\/hamatsesa.com\/wp-content\/uploads\/2024\/01\/\u05e7\u05e6\u05d5\u05d5\u05ea-\u05d0\u05d2\u05e1-\u05d5\u05ea\u05e4\u05d5\u05d7-\u05d6\u05d5\u05d2-1024x681.png\" \/>\n\t<meta property=\"og:image:width\" content=\"1024\" \/>\n\t<meta property=\"og:image:height\" content=\"681\" \/>\n\t<meta property=\"og:image:type\" content=\"image\/png\" \/>\n<meta name=\"twitter:card\" content=\"summary_large_image\" \/>\n<script type=\"application\/ld+json\" class=\"yoast-schema-graph\">{\"@context\":\"https:\/\/schema.org\",\"@graph\":[{\"@type\":\"WebPage\",\"@id\":\"https:\/\/hamatsesa.com\/fr\/product\/coffret-2-bouteilles-ktzavot-1poires-1-pommes\/\",\"url\":\"https:\/\/hamatsesa.com\/fr\/product\/coffret-2-bouteilles-ktzavot-1poires-1-pommes\/\",\"name\":\"Coffret 2 bouteilles Ktzavot, 1Poires, 1 Pommes | \u05d4\u05de\u05ea\u05e1\u05e1\u05d4\",\"isPartOf\":{\"@id\":\"https:\/\/hamatsesa.com\/fr\/#website\"},\"primaryImageOfPage\":{\"@id\":\"https:\/\/hamatsesa.com\/fr\/product\/coffret-2-bouteilles-ktzavot-1poires-1-pommes\/#primaryimage\"},\"image\":{\"@id\":\"https:\/\/hamatsesa.com\/fr\/product\/coffret-2-bouteilles-ktzavot-1poires-1-pommes\/#primaryimage\"},\"thumbnailUrl\":\"https:\/\/hamatsesa.com\/wp-content\/uploads\/2024\/01\/\u05e7\u05e6\u05d5\u05d5\u05ea-\u05d0\u05d2\u05e1-\u05d5\u05ea\u05e4\u05d5\u05d7-\u05d6\u05d5\u05d2.png\",\"datePublished\":\"2022-03-01T15:22:34+00:00\",\"dateModified\":\"2025-08-12T15:07:49+00:00\",\"breadcrumb\":{\"@id\":\"https:\/\/hamatsesa.com\/fr\/product\/coffret-2-bouteilles-ktzavot-1poires-1-pommes\/#breadcrumb\"},\"inLanguage\":\"fr-FR\",\"potentialAction\":[{\"@type\":\"ReadAction\",\"target\":[\"https:\/\/hamatsesa.com\/fr\/product\/coffret-2-bouteilles-ktzavot-1poires-1-pommes\/\"]}]},{\"@type\":\"ImageObject\",\"inLanguage\":\"fr-FR\",\"@id\":\"https:\/\/hamatsesa.com\/fr\/product\/coffret-2-bouteilles-ktzavot-1poires-1-pommes\/#primaryimage\",\"url\":\"https:\/\/hamatsesa.com\/wp-content\/uploads\/2024\/01\/\u05e7\u05e6\u05d5\u05d5\u05ea-\u05d0\u05d2\u05e1-\u05d5\u05ea\u05e4\u05d5\u05d7-\u05d6\u05d5\u05d2.png\",\"contentUrl\":\"https:\/\/hamatsesa.com\/wp-content\/uploads\/2024\/01\/\u05e7\u05e6\u05d5\u05d5\u05ea-\u05d0\u05d2\u05e1-\u05d5\u05ea\u05e4\u05d5\u05d7-\u05d6\u05d5\u05d2.png\",\"width\":4903,\"height\":3262},{\"@type\":\"BreadcrumbList\",\"@id\":\"https:\/\/hamatsesa.com\/fr\/product\/coffret-2-bouteilles-ktzavot-1poires-1-pommes\/#breadcrumb\",\"itemListElement\":[{\"@type\":\"ListItem\",\"position\":1,\"name\":\"\u05d3\u05e3 \u05d4\u05d1\u05d9\u05ea\",\"item\":\"https:\/\/hamatsesa.com\/fr\/maison\/\"},{\"@type\":\"ListItem\",\"position\":2,\"name\":\"Shop\",\"item\":\"https:\/\/hamatsesa.com\/shop\/\"},{\"@type\":\"ListItem\",\"position\":3,\"name\":\"Coffret 2 bouteilles Ktzavot, 1Poires, 1 Pommes\"}]},{\"@type\":\"WebSite\",\"@id\":\"https:\/\/hamatsesa.com\/fr\/#website\",\"url\":\"https:\/\/hamatsesa.com\/fr\/\",\"name\":\"\u05d4\u05de\u05ea\u05e1\u05e1\u05d4\",\"description\":\"\u05d1\u05d9\u05ea \u05e2\u05d9\u05d1\u05d5\u05d3 \u05e4\u05e8\u05d9 \u05d9\u05e9\u05e8\u05d0\u05dc\u05d9\",\"publisher\":{\"@id\":\"https:\/\/hamatsesa.com\/fr\/#organization\"},\"potentialAction\":[{\"@type\":\"SearchAction\",\"target\":{\"@type\":\"EntryPoint\",\"urlTemplate\":\"https:\/\/hamatsesa.com\/fr\/?s={search_term_string}\"},\"query-input\":{\"@type\":\"PropertyValueSpecification\",\"valueRequired\":true,\"valueName\":\"search_term_string\"}}],\"inLanguage\":\"fr-FR\"},{\"@type\":\"Organization\",\"@id\":\"https:\/\/hamatsesa.com\/fr\/#organization\",\"name\":\"\u05d4\u05de\u05ea\u05e1\u05e1\u05d4\",\"url\":\"https:\/\/hamatsesa.com\/fr\/\",\"logo\":{\"@type\":\"ImageObject\",\"inLanguage\":\"fr-FR\",\"@id\":\"https:\/\/hamatsesa.com\/fr\/#\/schema\/logo\/image\/\",\"url\":\"https:\/\/hamatsesa.com\/wp-content\/uploads\/2020\/12\/-\u05e1\u05d5\u05e4\u05d9-01-e1626073975222.png\",\"contentUrl\":\"https:\/\/hamatsesa.com\/wp-content\/uploads\/2020\/12\/-\u05e1\u05d5\u05e4\u05d9-01-e1626073975222.png\",\"width\":765,\"height\":600,\"caption\":\"\u05d4\u05de\u05ea\u05e1\u05e1\u05d4\"},\"image\":{\"@id\":\"https:\/\/hamatsesa.com\/fr\/#\/schema\/logo\/image\/\"}}]}<\/script>\n<!-- \/ Yoast SEO plugin. -->","yoast_head_json":{"title":"Coffret 2 bouteilles Ktzavot, 1Poires, 1 Pommes | \u05d4\u05de\u05ea\u05e1\u05e1\u05d4","robots":{"index":"index","follow":"follow","max-snippet":"max-snippet:-1","max-image-preview":"max-image-preview:large","max-video-preview":"max-video-preview:-1"},"canonical":"https:\/\/hamatsesa.com\/fr\/product\/coffret-2-bouteilles-ktzavot-1poires-1-pommes\/","og_locale":"fr_FR","og_type":"article","og_title":"Coffret 2 bouteilles Ktzavot, 1Poires, 1 Pommes | \u05d4\u05de\u05ea\u05e1\u05e1\u05d4","og_description":"Un coffret magnifique comprenant :  2 bouteilles de cidre chacune:    1 bouteille de cidre de pommes dor\u00e9cidre dor\u00e9, sec \u2013 7 % d\u2019alcool, 750 ml  1 bouteille de cidre de poires dor\u00e9cidre dor\u00e9, sec \u2013 7 % d\u2019alcool, 750 ml    \"\"Ktzavot \u2013 Cidre Dor\u00e9\"\" Mac\u00e9ration de pommes ou de poires enti\u00e8res avec leur peau, pressage intense. Un cidre au caract\u00e8re affirm\u00e9, l\u00e9g\u00e8rement p\u00e9tillant, avec une touche subtile de ch\u00eane fran\u00e7ais.  Nous sommes heureux\u00b7ses de vous proposer un cidre dor\u00e9, \u00e9labor\u00e9 \u00e0 partir de poires ou de pommes Pink Lady vieillies et mac\u00e9r\u00e9es avec des copeaux de ch\u00eane fran\u00e7ais.  Au-del\u00e0 de son go\u00fbt remarquable, ce cidre incarne pour nous une nouvelle \u00e9tape : &#x1f350; Offrir un filet de s\u00e9curit\u00e9 aux agriculteurs &#x1f350; Redonner de la valeur aux fruits \u00ab imparfaits \u00bb &#x1f350; Agir concr\u00e8tement pour la r\u00e9duction du gaspillage alimentaire \"\"Ktzavot\"\" signifie les extr\u00e9mit\u00e9s \u2013 un hommage aux fruits rest\u00e9s dans les vergers apr\u00e8s la r\u00e9colte, ou \u00e9cart\u00e9s en station de tri. Ce cidre est \u00e9labor\u00e9 \u00e0 100 % \u00e0 partir de fruits sauv\u00e9s, autrement destin\u00e9s au gaspillage. \"","og_url":"https:\/\/hamatsesa.com\/fr\/product\/coffret-2-bouteilles-ktzavot-1poires-1-pommes\/","og_site_name":"\u05d4\u05de\u05ea\u05e1\u05e1\u05d4","article_modified_time":"2025-08-12T15:07:49+00:00","og_image":[{"width":1024,"height":681,"url":"https:\/\/hamatsesa.com\/wp-content\/uploads\/2024\/01\/\u05e7\u05e6\u05d5\u05d5\u05ea-\u05d0\u05d2\u05e1-\u05d5\u05ea\u05e4\u05d5\u05d7-\u05d6\u05d5\u05d2-1024x681.png","type":"image\/png"}],"twitter_card":"summary_large_image","schema":{"@context":"https:\/\/schema.org","@graph":[{"@type":"WebPage","@id":"https:\/\/hamatsesa.com\/fr\/product\/coffret-2-bouteilles-ktzavot-1poires-1-pommes\/","url":"https:\/\/hamatsesa.com\/fr\/product\/coffret-2-bouteilles-ktzavot-1poires-1-pommes\/","name":"Coffret 2 bouteilles Ktzavot, 1Poires, 1 Pommes | \u05d4\u05de\u05ea\u05e1\u05e1\u05d4","isPartOf":{"@id":"https:\/\/hamatsesa.com\/fr\/#website"},"primaryImageOfPage":{"@id":"https:\/\/hamatsesa.com\/fr\/product\/coffret-2-bouteilles-ktzavot-1poires-1-pommes\/#primaryimage"},"image":{"@id":"https:\/\/hamatsesa.com\/fr\/product\/coffret-2-bouteilles-ktzavot-1poires-1-pommes\/#primaryimage"},"thumbnailUrl":"https:\/\/hamatsesa.com\/wp-content\/uploads\/2024\/01\/\u05e7\u05e6\u05d5\u05d5\u05ea-\u05d0\u05d2\u05e1-\u05d5\u05ea\u05e4\u05d5\u05d7-\u05d6\u05d5\u05d2.png","datePublished":"2022-03-01T15:22:34+00:00","dateModified":"2025-08-12T15:07:49+00:00","breadcrumb":{"@id":"https:\/\/hamatsesa.com\/fr\/product\/coffret-2-bouteilles-ktzavot-1poires-1-pommes\/#breadcrumb"},"inLanguage":"fr-FR","potentialAction":[{"@type":"ReadAction","target":["https:\/\/hamatsesa.com\/fr\/product\/coffret-2-bouteilles-ktzavot-1poires-1-pommes\/"]}]},{"@type":"ImageObject","inLanguage":"fr-FR","@id":"https:\/\/hamatsesa.com\/fr\/product\/coffret-2-bouteilles-ktzavot-1poires-1-pommes\/#primaryimage","url":"https:\/\/hamatsesa.com\/wp-content\/uploads\/2024\/01\/\u05e7\u05e6\u05d5\u05d5\u05ea-\u05d0\u05d2\u05e1-\u05d5\u05ea\u05e4\u05d5\u05d7-\u05d6\u05d5\u05d2.png","contentUrl":"https:\/\/hamatsesa.com\/wp-content\/uploads\/2024\/01\/\u05e7\u05e6\u05d5\u05d5\u05ea-\u05d0\u05d2\u05e1-\u05d5\u05ea\u05e4\u05d5\u05d7-\u05d6\u05d5\u05d2.png","width":4903,"height":3262},{"@type":"BreadcrumbList","@id":"https:\/\/hamatsesa.com\/fr\/product\/coffret-2-bouteilles-ktzavot-1poires-1-pommes\/#breadcrumb","itemListElement":[{"@type":"ListItem","position":1,"name":"\u05d3\u05e3 \u05d4\u05d1\u05d9\u05ea","item":"https:\/\/hamatsesa.com\/fr\/maison\/"},{"@type":"ListItem","position":2,"name":"Shop","item":"https:\/\/hamatsesa.com\/shop\/"},{"@type":"ListItem","position":3,"name":"Coffret 2 bouteilles Ktzavot, 1Poires, 1 Pommes"}]},{"@type":"WebSite","@id":"https:\/\/hamatsesa.com\/fr\/#website","url":"https:\/\/hamatsesa.com\/fr\/","name":"\u05d4\u05de\u05ea\u05e1\u05e1\u05d4","description":"\u05d1\u05d9\u05ea \u05e2\u05d9\u05d1\u05d5\u05d3 \u05e4\u05e8\u05d9 \u05d9\u05e9\u05e8\u05d0\u05dc\u05d9","publisher":{"@id":"https:\/\/hamatsesa.com\/fr\/#organization"},"potentialAction":[{"@type":"SearchAction","target":{"@type":"EntryPoint","urlTemplate":"https:\/\/hamatsesa.com\/fr\/?s={search_term_string}"},"query-input":{"@type":"PropertyValueSpecification","valueRequired":true,"valueName":"search_term_string"}}],"inLanguage":"fr-FR"},{"@type":"Organization","@id":"https:\/\/hamatsesa.com\/fr\/#organization","name":"\u05d4\u05de\u05ea\u05e1\u05e1\u05d4","url":"https:\/\/hamatsesa.com\/fr\/","logo":{"@type":"ImageObject","inLanguage":"fr-FR","@id":"https:\/\/hamatsesa.com\/fr\/#\/schema\/logo\/image\/","url":"https:\/\/hamatsesa.com\/wp-content\/uploads\/2020\/12\/-\u05e1\u05d5\u05e4\u05d9-01-e1626073975222.png","contentUrl":"https:\/\/hamatsesa.com\/wp-content\/uploads\/2020\/12\/-\u05e1\u05d5\u05e4\u05d9-01-e1626073975222.png","width":765,"height":600,"caption":"\u05d4\u05de\u05ea\u05e1\u05e1\u05d4"},"image":{"@id":"https:\/\/hamatsesa.com\/fr\/#\/schema\/logo\/image\/"}}]}},"_links":{"self":[{"href":"https:\/\/hamatsesa.com\/fr\/wp-json\/wp\/v2\/product\/10391","targetHints":{"allow":["GET"]}}],"collection":[{"href":"https:\/\/hamatsesa.com\/fr\/wp-json\/wp\/v2\/product"}],"about":[{"href":"https:\/\/hamatsesa.com\/fr\/wp-json\/wp\/v2\/types\/product"}],"version-history":[{"count":1,"href":"https:\/\/hamatsesa.com\/fr\/wp-json\/wp\/v2\/product\/10391\/revisions"}],"predecessor-version":[{"id":10565,"href":"https:\/\/hamatsesa.com\/fr\/wp-json\/wp\/v2\/product\/10391\/revisions\/10565"}],"wp:featuredmedia":[{"embeddable":true,"href":"https:\/\/hamatsesa.com\/fr\/wp-json\/wp\/v2\/media\/10390"}],"wp:attachment":[{"href":"https:\/\/hamatsesa.com\/fr\/wp-json\/wp\/v2\/media?parent=10391"}],"wp:term":[{"taxonomy":"product_brand","embeddable":true,"href":"https:\/\/hamatsesa.com\/fr\/wp-json\/wp\/v2\/product_brand?post=10391"},{"taxonomy":"product_cat","embeddable":true,"href":"https:\/\/hamatsesa.com\/fr\/wp-json\/wp\/v2\/product_cat?post=10391"},{"taxonomy":"product_tag","embeddable":true,"href":"https:\/\/hamatsesa.com\/fr\/wp-json\/wp\/v2\/product_tag?post=10391"}],"curies":[{"name":"wp","href":"https:\/\/api.w.org\/{rel}","templated":true}]}}