{"id":10384,"date":"2022-02-02T09:35:47","date_gmt":"2022-02-02T07:35:47","guid":{"rendered":"https:\/\/hamatsesa.com\/product\/coffret-2-bouteilles-ktzavot-poire\/"},"modified":"2025-08-12T18:04:42","modified_gmt":"2025-08-12T15:04:42","slug":"coffret-2-bouteilles-ktzavot-poire","status":"publish","type":"product","link":"https:\/\/hamatsesa.com\/fr\/product\/coffret-2-bouteilles-ktzavot-poire\/","title":{"rendered":"Coffret 2 bouteilles Ktzavot Poire"},"content":{"rendered":"","protected":false},"excerpt":{"rendered":"<p><strong>\u00ab\u00a0Un coffret magnifique comprenant :<\/strong><\/p>\n<p><strong>2 bouteilles de cidre de poire dor\u00e9, sec \u2013 7 % d\u2019alcool,<\/strong> 750 ml<\/p>\n<p><em><strong>cidre<\/strong><\/em> de poire dor\u00e9<br \/>\nMac\u00e9ration de poires enti\u00e8res avec leur peau, pressage intense.<br \/>\nUn cidre \u00e0 la pr\u00e9sence pleine et affirm\u00e9e, l\u00e9g\u00e8rement p\u00e9tillant, avec une touche d\u00e9licate de ch\u00eane fran\u00e7ais.<\/p>\n<p>Nous sommes ravis de vous proposer ce cidre dor\u00e9 unique, \u00e9labor\u00e9 \u00e0 partir de poires Lady vieillies et infus\u00e9es avec des copeaux de ch\u00eane fran\u00e7ais.<\/p>\n<p>Mais ce n\u2019est pas tout :<br \/>\nCe cidre raconte aussi une histoire.<br \/>\nC\u2019est la premi\u00e8re fois que nous mettons en lumi\u00e8re notre engagement profond : &#x2714;&#xfe0f; Cr\u00e9er un filet de s\u00e9curit\u00e9 pour les agriculteurs<br \/>\n&#x2714;&#xfe0f; Donner de la valeur aux fruits imparfaits<br \/>\n&#x2714;&#xfe0f; Lutter activement contre le gaspillage alimentaire\u00a0\u00bb<\/p>\n","protected":false},"featured_media":10385,"template":"","meta":{"site-sidebar-layout":"default","site-content-layout":"default","ast-site-content-layout":"default","site-content-style":"default","site-sidebar-style":"default","ast-global-header-display":"","ast-banner-title-visibility":"","ast-main-header-display":"","ast-hfb-above-header-display":"","ast-hfb-below-header-display":"","ast-hfb-mobile-header-display":"","site-post-title":"","ast-breadcrumbs-content":"","ast-featured-img":"","footer-sml-layout":"","theme-transparent-header-meta":"default","adv-header-id-meta":"","stick-header-meta":"","header-above-stick-meta":"","header-main-stick-meta":"","header-below-stick-meta":"","astra-migrate-meta-layouts":"set","ast-page-background-enabled":"default","ast-page-background-meta":{"desktop":{"background-color":"","background-image":"","background-repeat":"repeat","background-position":"center center","background-size":"auto","background-attachment":"scroll","background-type":"","background-media":"","overlay-type":"","overlay-color":"","overlay-opacity":"","overlay-gradient":""},"tablet":{"background-color":"","background-image":"","background-repeat":"repeat","background-position":"center center","background-size":"auto","background-attachment":"scroll","background-type":"","background-media":"","overlay-type":"","overlay-color":"","overlay-opacity":"","overlay-gradient":""},"mobile":{"background-color":"","background-image":"","background-repeat":"repeat","background-position":"center center","background-size":"auto","background-attachment":"scroll","background-type":"","background-media":"","overlay-type":"","overlay-color":"","overlay-opacity":"","overlay-gradient":""}},"ast-content-background-meta":{"desktop":{"background-color":"var(--ast-global-color-5)","background-image":"","background-repeat":"repeat","background-position":"center center","background-size":"auto","background-attachment":"scroll","background-type":"","background-media":"","overlay-type":"","overlay-color":"","overlay-opacity":"","overlay-gradient":""},"tablet":{"background-color":"var(--ast-global-color-5)","background-image":"","background-repeat":"repeat","background-position":"center center","background-size":"auto","background-attachment":"scroll","background-type":"","background-media":"","overlay-type":"","overlay-color":"","overlay-opacity":"","overlay-gradient":""},"mobile":{"background-color":"var(--ast-global-color-5)","background-image":"","background-repeat":"repeat","background-position":"center center","background-size":"auto","background-attachment":"scroll","background-type":"","background-media":"","overlay-type":"","overlay-color":"","overlay-opacity":"","overlay-gradient":""}}},"product_brand":[],"product_cat":[114],"product_tag":[],"class_list":{"0":"post-10384","1":"product","2":"type-product","3":"status-publish","4":"has-post-thumbnail","6":"product_cat-cidres-alcools","7":"desktop-align-left","8":"tablet-align-left","9":"mobile-align-left","11":"first","12":"instock","13":"shipping-taxable","14":"purchasable","15":"product-type-simple"},"yoast_head":"<!-- This site is optimized with the Yoast SEO plugin v27.2 - https:\/\/yoast.com\/product\/yoast-seo-wordpress\/ -->\n<title>Coffret 2 bouteilles Ktzavot Poire | \u05d4\u05de\u05ea\u05e1\u05e1\u05d4<\/title>\n<meta name=\"robots\" content=\"index, follow, max-snippet:-1, max-image-preview:large, max-video-preview:-1\" \/>\n<link rel=\"canonical\" href=\"https:\/\/hamatsesa.com\/fr\/product\/coffret-2-bouteilles-ktzavot-poire\/\" \/>\n<meta property=\"og:locale\" content=\"fr_FR\" \/>\n<meta property=\"og:type\" content=\"article\" \/>\n<meta property=\"og:title\" content=\"Coffret 2 bouteilles Ktzavot Poire | \u05d4\u05de\u05ea\u05e1\u05e1\u05d4\" \/>\n<meta property=\"og:description\" content=\"&quot;Un coffret magnifique comprenant :  2 bouteilles de cidre de poire dor\u00e9, sec \u2013 7 % d\u2019alcool, 750 ml  cidre de poire dor\u00e9 Mac\u00e9ration de poires enti\u00e8res avec leur peau, pressage intense. Un cidre \u00e0 la pr\u00e9sence pleine et affirm\u00e9e, l\u00e9g\u00e8rement p\u00e9tillant, avec une touche d\u00e9licate de ch\u00eane fran\u00e7ais.  Nous sommes ravis de vous proposer ce cidre dor\u00e9 unique, \u00e9labor\u00e9 \u00e0 partir de poires Lady vieillies et infus\u00e9es avec des copeaux de ch\u00eane fran\u00e7ais.  Mais ce n\u2019est pas tout : Ce cidre raconte aussi une histoire. C\u2019est la premi\u00e8re fois que nous mettons en lumi\u00e8re notre engagement profond : &#x2714;&#xfe0f; Cr\u00e9er un filet de s\u00e9curit\u00e9 pour les agriculteurs &#x2714;&#xfe0f; Donner de la valeur aux fruits imparfaits &#x2714;&#xfe0f; Lutter activement contre le gaspillage alimentaire&quot;\" \/>\n<meta property=\"og:url\" content=\"https:\/\/hamatsesa.com\/fr\/product\/coffret-2-bouteilles-ktzavot-poire\/\" \/>\n<meta property=\"og:site_name\" content=\"\u05d4\u05de\u05ea\u05e1\u05e1\u05d4\" \/>\n<meta property=\"article:modified_time\" content=\"2025-08-12T15:04:42+00:00\" \/>\n<meta property=\"og:image\" content=\"https:\/\/hamatsesa.com\/wp-content\/uploads\/2024\/01\/\u05e7\u05e6\u05d5\u05d5\u05ea-\u05d0\u05d2\u05e1\u05d9\u05dd-\u05d6\u05d5\u05d2-1024x681.png\" \/>\n\t<meta property=\"og:image:width\" content=\"1024\" \/>\n\t<meta property=\"og:image:height\" content=\"681\" \/>\n\t<meta property=\"og:image:type\" content=\"image\/png\" \/>\n<meta name=\"twitter:card\" content=\"summary_large_image\" \/>\n<script type=\"application\/ld+json\" class=\"yoast-schema-graph\">{\"@context\":\"https:\/\/schema.org\",\"@graph\":[{\"@type\":\"WebPage\",\"@id\":\"https:\/\/hamatsesa.com\/fr\/product\/coffret-2-bouteilles-ktzavot-poire\/\",\"url\":\"https:\/\/hamatsesa.com\/fr\/product\/coffret-2-bouteilles-ktzavot-poire\/\",\"name\":\"Coffret 2 bouteilles Ktzavot Poire | \u05d4\u05de\u05ea\u05e1\u05e1\u05d4\",\"isPartOf\":{\"@id\":\"https:\/\/hamatsesa.com\/fr\/#website\"},\"primaryImageOfPage\":{\"@id\":\"https:\/\/hamatsesa.com\/fr\/product\/coffret-2-bouteilles-ktzavot-poire\/#primaryimage\"},\"image\":{\"@id\":\"https:\/\/hamatsesa.com\/fr\/product\/coffret-2-bouteilles-ktzavot-poire\/#primaryimage\"},\"thumbnailUrl\":\"https:\/\/hamatsesa.com\/wp-content\/uploads\/2024\/01\/\u05e7\u05e6\u05d5\u05d5\u05ea-\u05d0\u05d2\u05e1\u05d9\u05dd-\u05d6\u05d5\u05d2.png\",\"datePublished\":\"2022-02-02T07:35:47+00:00\",\"dateModified\":\"2025-08-12T15:04:42+00:00\",\"breadcrumb\":{\"@id\":\"https:\/\/hamatsesa.com\/fr\/product\/coffret-2-bouteilles-ktzavot-poire\/#breadcrumb\"},\"inLanguage\":\"fr-FR\",\"potentialAction\":[{\"@type\":\"ReadAction\",\"target\":[\"https:\/\/hamatsesa.com\/fr\/product\/coffret-2-bouteilles-ktzavot-poire\/\"]}]},{\"@type\":\"ImageObject\",\"inLanguage\":\"fr-FR\",\"@id\":\"https:\/\/hamatsesa.com\/fr\/product\/coffret-2-bouteilles-ktzavot-poire\/#primaryimage\",\"url\":\"https:\/\/hamatsesa.com\/wp-content\/uploads\/2024\/01\/\u05e7\u05e6\u05d5\u05d5\u05ea-\u05d0\u05d2\u05e1\u05d9\u05dd-\u05d6\u05d5\u05d2.png\",\"contentUrl\":\"https:\/\/hamatsesa.com\/wp-content\/uploads\/2024\/01\/\u05e7\u05e6\u05d5\u05d5\u05ea-\u05d0\u05d2\u05e1\u05d9\u05dd-\u05d6\u05d5\u05d2.png\",\"width\":4903,\"height\":3262},{\"@type\":\"BreadcrumbList\",\"@id\":\"https:\/\/hamatsesa.com\/fr\/product\/coffret-2-bouteilles-ktzavot-poire\/#breadcrumb\",\"itemListElement\":[{\"@type\":\"ListItem\",\"position\":1,\"name\":\"\u05d3\u05e3 \u05d4\u05d1\u05d9\u05ea\",\"item\":\"https:\/\/hamatsesa.com\/fr\/maison\/\"},{\"@type\":\"ListItem\",\"position\":2,\"name\":\"Shop\",\"item\":\"https:\/\/hamatsesa.com\/shop\/\"},{\"@type\":\"ListItem\",\"position\":3,\"name\":\"Coffret 2 bouteilles Ktzavot Poire\"}]},{\"@type\":\"WebSite\",\"@id\":\"https:\/\/hamatsesa.com\/fr\/#website\",\"url\":\"https:\/\/hamatsesa.com\/fr\/\",\"name\":\"\u05d4\u05de\u05ea\u05e1\u05e1\u05d4\",\"description\":\"\u05d1\u05d9\u05ea \u05e2\u05d9\u05d1\u05d5\u05d3 \u05e4\u05e8\u05d9 \u05d9\u05e9\u05e8\u05d0\u05dc\u05d9\",\"publisher\":{\"@id\":\"https:\/\/hamatsesa.com\/fr\/#organization\"},\"potentialAction\":[{\"@type\":\"SearchAction\",\"target\":{\"@type\":\"EntryPoint\",\"urlTemplate\":\"https:\/\/hamatsesa.com\/fr\/?s={search_term_string}\"},\"query-input\":{\"@type\":\"PropertyValueSpecification\",\"valueRequired\":true,\"valueName\":\"search_term_string\"}}],\"inLanguage\":\"fr-FR\"},{\"@type\":\"Organization\",\"@id\":\"https:\/\/hamatsesa.com\/fr\/#organization\",\"name\":\"\u05d4\u05de\u05ea\u05e1\u05e1\u05d4\",\"url\":\"https:\/\/hamatsesa.com\/fr\/\",\"logo\":{\"@type\":\"ImageObject\",\"inLanguage\":\"fr-FR\",\"@id\":\"https:\/\/hamatsesa.com\/fr\/#\/schema\/logo\/image\/\",\"url\":\"https:\/\/hamatsesa.com\/wp-content\/uploads\/2020\/12\/-\u05e1\u05d5\u05e4\u05d9-01-e1626073975222.png\",\"contentUrl\":\"https:\/\/hamatsesa.com\/wp-content\/uploads\/2020\/12\/-\u05e1\u05d5\u05e4\u05d9-01-e1626073975222.png\",\"width\":765,\"height\":600,\"caption\":\"\u05d4\u05de\u05ea\u05e1\u05e1\u05d4\"},\"image\":{\"@id\":\"https:\/\/hamatsesa.com\/fr\/#\/schema\/logo\/image\/\"}}]}<\/script>\n<!-- \/ Yoast SEO plugin. -->","yoast_head_json":{"title":"Coffret 2 bouteilles Ktzavot Poire | \u05d4\u05de\u05ea\u05e1\u05e1\u05d4","robots":{"index":"index","follow":"follow","max-snippet":"max-snippet:-1","max-image-preview":"max-image-preview:large","max-video-preview":"max-video-preview:-1"},"canonical":"https:\/\/hamatsesa.com\/fr\/product\/coffret-2-bouteilles-ktzavot-poire\/","og_locale":"fr_FR","og_type":"article","og_title":"Coffret 2 bouteilles Ktzavot Poire | \u05d4\u05de\u05ea\u05e1\u05e1\u05d4","og_description":"\"Un coffret magnifique comprenant :  2 bouteilles de cidre de poire dor\u00e9, sec \u2013 7 % d\u2019alcool, 750 ml  cidre de poire dor\u00e9 Mac\u00e9ration de poires enti\u00e8res avec leur peau, pressage intense. Un cidre \u00e0 la pr\u00e9sence pleine et affirm\u00e9e, l\u00e9g\u00e8rement p\u00e9tillant, avec une touche d\u00e9licate de ch\u00eane fran\u00e7ais.  Nous sommes ravis de vous proposer ce cidre dor\u00e9 unique, \u00e9labor\u00e9 \u00e0 partir de poires Lady vieillies et infus\u00e9es avec des copeaux de ch\u00eane fran\u00e7ais.  Mais ce n\u2019est pas tout : Ce cidre raconte aussi une histoire. C\u2019est la premi\u00e8re fois que nous mettons en lumi\u00e8re notre engagement profond : &#x2714;&#xfe0f; Cr\u00e9er un filet de s\u00e9curit\u00e9 pour les agriculteurs &#x2714;&#xfe0f; Donner de la valeur aux fruits imparfaits &#x2714;&#xfe0f; Lutter activement contre le gaspillage alimentaire\"","og_url":"https:\/\/hamatsesa.com\/fr\/product\/coffret-2-bouteilles-ktzavot-poire\/","og_site_name":"\u05d4\u05de\u05ea\u05e1\u05e1\u05d4","article_modified_time":"2025-08-12T15:04:42+00:00","og_image":[{"width":1024,"height":681,"url":"https:\/\/hamatsesa.com\/wp-content\/uploads\/2024\/01\/\u05e7\u05e6\u05d5\u05d5\u05ea-\u05d0\u05d2\u05e1\u05d9\u05dd-\u05d6\u05d5\u05d2-1024x681.png","type":"image\/png"}],"twitter_card":"summary_large_image","schema":{"@context":"https:\/\/schema.org","@graph":[{"@type":"WebPage","@id":"https:\/\/hamatsesa.com\/fr\/product\/coffret-2-bouteilles-ktzavot-poire\/","url":"https:\/\/hamatsesa.com\/fr\/product\/coffret-2-bouteilles-ktzavot-poire\/","name":"Coffret 2 bouteilles Ktzavot Poire | \u05d4\u05de\u05ea\u05e1\u05e1\u05d4","isPartOf":{"@id":"https:\/\/hamatsesa.com\/fr\/#website"},"primaryImageOfPage":{"@id":"https:\/\/hamatsesa.com\/fr\/product\/coffret-2-bouteilles-ktzavot-poire\/#primaryimage"},"image":{"@id":"https:\/\/hamatsesa.com\/fr\/product\/coffret-2-bouteilles-ktzavot-poire\/#primaryimage"},"thumbnailUrl":"https:\/\/hamatsesa.com\/wp-content\/uploads\/2024\/01\/\u05e7\u05e6\u05d5\u05d5\u05ea-\u05d0\u05d2\u05e1\u05d9\u05dd-\u05d6\u05d5\u05d2.png","datePublished":"2022-02-02T07:35:47+00:00","dateModified":"2025-08-12T15:04:42+00:00","breadcrumb":{"@id":"https:\/\/hamatsesa.com\/fr\/product\/coffret-2-bouteilles-ktzavot-poire\/#breadcrumb"},"inLanguage":"fr-FR","potentialAction":[{"@type":"ReadAction","target":["https:\/\/hamatsesa.com\/fr\/product\/coffret-2-bouteilles-ktzavot-poire\/"]}]},{"@type":"ImageObject","inLanguage":"fr-FR","@id":"https:\/\/hamatsesa.com\/fr\/product\/coffret-2-bouteilles-ktzavot-poire\/#primaryimage","url":"https:\/\/hamatsesa.com\/wp-content\/uploads\/2024\/01\/\u05e7\u05e6\u05d5\u05d5\u05ea-\u05d0\u05d2\u05e1\u05d9\u05dd-\u05d6\u05d5\u05d2.png","contentUrl":"https:\/\/hamatsesa.com\/wp-content\/uploads\/2024\/01\/\u05e7\u05e6\u05d5\u05d5\u05ea-\u05d0\u05d2\u05e1\u05d9\u05dd-\u05d6\u05d5\u05d2.png","width":4903,"height":3262},{"@type":"BreadcrumbList","@id":"https:\/\/hamatsesa.com\/fr\/product\/coffret-2-bouteilles-ktzavot-poire\/#breadcrumb","itemListElement":[{"@type":"ListItem","position":1,"name":"\u05d3\u05e3 \u05d4\u05d1\u05d9\u05ea","item":"https:\/\/hamatsesa.com\/fr\/maison\/"},{"@type":"ListItem","position":2,"name":"Shop","item":"https:\/\/hamatsesa.com\/shop\/"},{"@type":"ListItem","position":3,"name":"Coffret 2 bouteilles Ktzavot Poire"}]},{"@type":"WebSite","@id":"https:\/\/hamatsesa.com\/fr\/#website","url":"https:\/\/hamatsesa.com\/fr\/","name":"\u05d4\u05de\u05ea\u05e1\u05e1\u05d4","description":"\u05d1\u05d9\u05ea \u05e2\u05d9\u05d1\u05d5\u05d3 \u05e4\u05e8\u05d9 \u05d9\u05e9\u05e8\u05d0\u05dc\u05d9","publisher":{"@id":"https:\/\/hamatsesa.com\/fr\/#organization"},"potentialAction":[{"@type":"SearchAction","target":{"@type":"EntryPoint","urlTemplate":"https:\/\/hamatsesa.com\/fr\/?s={search_term_string}"},"query-input":{"@type":"PropertyValueSpecification","valueRequired":true,"valueName":"search_term_string"}}],"inLanguage":"fr-FR"},{"@type":"Organization","@id":"https:\/\/hamatsesa.com\/fr\/#organization","name":"\u05d4\u05de\u05ea\u05e1\u05e1\u05d4","url":"https:\/\/hamatsesa.com\/fr\/","logo":{"@type":"ImageObject","inLanguage":"fr-FR","@id":"https:\/\/hamatsesa.com\/fr\/#\/schema\/logo\/image\/","url":"https:\/\/hamatsesa.com\/wp-content\/uploads\/2020\/12\/-\u05e1\u05d5\u05e4\u05d9-01-e1626073975222.png","contentUrl":"https:\/\/hamatsesa.com\/wp-content\/uploads\/2020\/12\/-\u05e1\u05d5\u05e4\u05d9-01-e1626073975222.png","width":765,"height":600,"caption":"\u05d4\u05de\u05ea\u05e1\u05e1\u05d4"},"image":{"@id":"https:\/\/hamatsesa.com\/fr\/#\/schema\/logo\/image\/"}}]}},"_links":{"self":[{"href":"https:\/\/hamatsesa.com\/fr\/wp-json\/wp\/v2\/product\/10384","targetHints":{"allow":["GET"]}}],"collection":[{"href":"https:\/\/hamatsesa.com\/fr\/wp-json\/wp\/v2\/product"}],"about":[{"href":"https:\/\/hamatsesa.com\/fr\/wp-json\/wp\/v2\/types\/product"}],"version-history":[{"count":1,"href":"https:\/\/hamatsesa.com\/fr\/wp-json\/wp\/v2\/product\/10384\/revisions"}],"predecessor-version":[{"id":10561,"href":"https:\/\/hamatsesa.com\/fr\/wp-json\/wp\/v2\/product\/10384\/revisions\/10561"}],"wp:featuredmedia":[{"embeddable":true,"href":"https:\/\/hamatsesa.com\/fr\/wp-json\/wp\/v2\/media\/10385"}],"wp:attachment":[{"href":"https:\/\/hamatsesa.com\/fr\/wp-json\/wp\/v2\/media?parent=10384"}],"wp:term":[{"taxonomy":"product_brand","embeddable":true,"href":"https:\/\/hamatsesa.com\/fr\/wp-json\/wp\/v2\/product_brand?post=10384"},{"taxonomy":"product_cat","embeddable":true,"href":"https:\/\/hamatsesa.com\/fr\/wp-json\/wp\/v2\/product_cat?post=10384"},{"taxonomy":"product_tag","embeddable":true,"href":"https:\/\/hamatsesa.com\/fr\/wp-json\/wp\/v2\/product_tag?post=10384"}],"curies":[{"name":"wp","href":"https:\/\/api.w.org\/{rel}","templated":true}]}}