{"id":10376,"date":"2023-11-07T18:09:07","date_gmt":"2023-11-07T16:09:07","guid":{"rendered":"https:\/\/hamatsesa.com\/product\/caisse-de-jus-petillant-280-ml-pommes\/"},"modified":"2025-08-12T13:34:45","modified_gmt":"2025-08-12T10:34:45","slug":"caisse-de-jus-petillant-280-ml-pommes","status":"publish","type":"product","link":"https:\/\/hamatsesa.com\/fr\/product\/caisse-de-jus-petillant-280-ml-pommes\/","title":{"rendered":"Caisse de jus p\u00e9tillant 280 ml\/ Pommes"},"content":{"rendered":"","protected":false},"excerpt":{"rendered":"<p>\u00ab\u00a0Caisse de jus p\u00e9tillant de pommes \u2013 280 ml<\/p>\n<p>30 unit\u00e9s par caisse<\/p>\n<p>casher Rabinat<\/p>\n<p>Ingr\u00e9dients :91 % jus de pommes, 9 % eau<\/p>\n<p>Uniquement des ingr\u00e9dients naturels<\/p>\n<p>Sans conservateurs ni ar\u00f4mes artificiels<\/p>\n<p>Conserver au frais, \u00e0 l&rsquo;hombre, consommer frais<\/p>\n","protected":false},"featured_media":10377,"template":"","meta":{"site-sidebar-layout":"default","site-content-layout":"default","ast-site-content-layout":"default","site-content-style":"default","site-sidebar-style":"default","ast-global-header-display":"","ast-banner-title-visibility":"","ast-main-header-display":"","ast-hfb-above-header-display":"","ast-hfb-below-header-display":"","ast-hfb-mobile-header-display":"","site-post-title":"","ast-breadcrumbs-content":"","ast-featured-img":"","footer-sml-layout":"","theme-transparent-header-meta":"default","adv-header-id-meta":"","stick-header-meta":"","header-above-stick-meta":"","header-main-stick-meta":"","header-below-stick-meta":"","astra-migrate-meta-layouts":"set","ast-page-background-enabled":"default","ast-page-background-meta":{"desktop":{"background-color":"","background-image":"","background-repeat":"repeat","background-position":"center center","background-size":"auto","background-attachment":"scroll","background-type":"","background-media":"","overlay-type":"","overlay-color":"","overlay-opacity":"","overlay-gradient":""},"tablet":{"background-color":"","background-image":"","background-repeat":"repeat","background-position":"center center","background-size":"auto","background-attachment":"scroll","background-type":"","background-media":"","overlay-type":"","overlay-color":"","overlay-opacity":"","overlay-gradient":""},"mobile":{"background-color":"","background-image":"","background-repeat":"repeat","background-position":"center center","background-size":"auto","background-attachment":"scroll","background-type":"","background-media":"","overlay-type":"","overlay-color":"","overlay-opacity":"","overlay-gradient":""}},"ast-content-background-meta":{"desktop":{"background-color":"var(--ast-global-color-5)","background-image":"","background-repeat":"repeat","background-position":"center center","background-size":"auto","background-attachment":"scroll","background-type":"","background-media":"","overlay-type":"","overlay-color":"","overlay-opacity":"","overlay-gradient":""},"tablet":{"background-color":"var(--ast-global-color-5)","background-image":"","background-repeat":"repeat","background-position":"center center","background-size":"auto","background-attachment":"scroll","background-type":"","background-media":"","overlay-type":"","overlay-color":"","overlay-opacity":"","overlay-gradient":""},"mobile":{"background-color":"var(--ast-global-color-5)","background-image":"","background-repeat":"repeat","background-position":"center center","background-size":"auto","background-attachment":"scroll","background-type":"","background-media":"","overlay-type":"","overlay-color":"","overlay-opacity":"","overlay-gradient":""}}},"product_brand":[],"product_cat":[110,111],"product_tag":[],"class_list":{"0":"post-10376","1":"product","2":"type-product","3":"status-publish","4":"has-post-thumbnail","6":"product_cat-general","7":"product_cat-jus-naturels","8":"desktop-align-left","9":"tablet-align-left","10":"mobile-align-left","12":"first","13":"instock","14":"shipping-taxable","15":"purchasable","16":"product-type-simple"},"yoast_head":"<!-- This site is optimized with the Yoast SEO plugin v27.2 - https:\/\/yoast.com\/product\/yoast-seo-wordpress\/ -->\n<title>Caisse de jus p\u00e9tillant 280 ml\/ Pommes | \u05d4\u05de\u05ea\u05e1\u05e1\u05d4<\/title>\n<meta name=\"robots\" content=\"index, follow, max-snippet:-1, max-image-preview:large, max-video-preview:-1\" \/>\n<link rel=\"canonical\" href=\"https:\/\/hamatsesa.com\/fr\/product\/caisse-de-jus-petillant-280-ml-pommes\/\" \/>\n<meta property=\"og:locale\" content=\"fr_FR\" \/>\n<meta property=\"og:type\" content=\"article\" \/>\n<meta property=\"og:title\" content=\"Caisse de jus p\u00e9tillant 280 ml\/ Pommes | \u05d4\u05de\u05ea\u05e1\u05e1\u05d4\" \/>\n<meta property=\"og:description\" content=\"&quot;Caisse de jus p\u00e9tillant de pommes \u2013 280 ml  30 unit\u00e9s par caisse  casher Rabinat  Ingr\u00e9dients :91 % jus de pommes, 9 % eau  Uniquement des ingr\u00e9dients naturels  Sans conservateurs ni ar\u00f4mes artificiels  Conserver au frais, \u00e0 l&#039;hombre, consommer frais\" \/>\n<meta property=\"og:url\" content=\"https:\/\/hamatsesa.com\/fr\/product\/caisse-de-jus-petillant-280-ml-pommes\/\" \/>\n<meta property=\"og:site_name\" content=\"\u05d4\u05de\u05ea\u05e1\u05e1\u05d4\" \/>\n<meta property=\"article:modified_time\" content=\"2025-08-12T10:34:45+00:00\" \/>\n<meta property=\"og:image\" content=\"https:\/\/hamatsesa.com\/wp-content\/uploads\/2023\/11\/\u05d0\u05e8\u05d2\u05d6-\u05de\u05d9\u05e5-\u05de\u05d5\u05d2\u05d6-\u05ea\u05e4\u05d5\u05d7\u05d9\u05dd-1024x681.png\" \/>\n\t<meta property=\"og:image:width\" content=\"1024\" \/>\n\t<meta property=\"og:image:height\" content=\"681\" \/>\n\t<meta property=\"og:image:type\" content=\"image\/png\" \/>\n<meta name=\"twitter:card\" content=\"summary_large_image\" \/>\n<script type=\"application\/ld+json\" class=\"yoast-schema-graph\">{\"@context\":\"https:\/\/schema.org\",\"@graph\":[{\"@type\":\"WebPage\",\"@id\":\"https:\/\/hamatsesa.com\/fr\/product\/caisse-de-jus-petillant-280-ml-pommes\/\",\"url\":\"https:\/\/hamatsesa.com\/fr\/product\/caisse-de-jus-petillant-280-ml-pommes\/\",\"name\":\"Caisse de jus p\u00e9tillant 280 ml\/ Pommes | \u05d4\u05de\u05ea\u05e1\u05e1\u05d4\",\"isPartOf\":{\"@id\":\"https:\/\/hamatsesa.com\/fr\/#website\"},\"primaryImageOfPage\":{\"@id\":\"https:\/\/hamatsesa.com\/fr\/product\/caisse-de-jus-petillant-280-ml-pommes\/#primaryimage\"},\"image\":{\"@id\":\"https:\/\/hamatsesa.com\/fr\/product\/caisse-de-jus-petillant-280-ml-pommes\/#primaryimage\"},\"thumbnailUrl\":\"https:\/\/hamatsesa.com\/wp-content\/uploads\/2023\/11\/\u05d0\u05e8\u05d2\u05d6-\u05de\u05d9\u05e5-\u05de\u05d5\u05d2\u05d6-\u05ea\u05e4\u05d5\u05d7\u05d9\u05dd.png\",\"datePublished\":\"2023-11-07T16:09:07+00:00\",\"dateModified\":\"2025-08-12T10:34:45+00:00\",\"breadcrumb\":{\"@id\":\"https:\/\/hamatsesa.com\/fr\/product\/caisse-de-jus-petillant-280-ml-pommes\/#breadcrumb\"},\"inLanguage\":\"fr-FR\",\"potentialAction\":[{\"@type\":\"ReadAction\",\"target\":[\"https:\/\/hamatsesa.com\/fr\/product\/caisse-de-jus-petillant-280-ml-pommes\/\"]}]},{\"@type\":\"ImageObject\",\"inLanguage\":\"fr-FR\",\"@id\":\"https:\/\/hamatsesa.com\/fr\/product\/caisse-de-jus-petillant-280-ml-pommes\/#primaryimage\",\"url\":\"https:\/\/hamatsesa.com\/wp-content\/uploads\/2023\/11\/\u05d0\u05e8\u05d2\u05d6-\u05de\u05d9\u05e5-\u05de\u05d5\u05d2\u05d6-\u05ea\u05e4\u05d5\u05d7\u05d9\u05dd.png\",\"contentUrl\":\"https:\/\/hamatsesa.com\/wp-content\/uploads\/2023\/11\/\u05d0\u05e8\u05d2\u05d6-\u05de\u05d9\u05e5-\u05de\u05d5\u05d2\u05d6-\u05ea\u05e4\u05d5\u05d7\u05d9\u05dd.png\",\"width\":3508,\"height\":2334},{\"@type\":\"BreadcrumbList\",\"@id\":\"https:\/\/hamatsesa.com\/fr\/product\/caisse-de-jus-petillant-280-ml-pommes\/#breadcrumb\",\"itemListElement\":[{\"@type\":\"ListItem\",\"position\":1,\"name\":\"\u05d3\u05e3 \u05d4\u05d1\u05d9\u05ea\",\"item\":\"https:\/\/hamatsesa.com\/fr\/maison\/\"},{\"@type\":\"ListItem\",\"position\":2,\"name\":\"Shop\",\"item\":\"https:\/\/hamatsesa.com\/shop\/\"},{\"@type\":\"ListItem\",\"position\":3,\"name\":\"Caisse de jus p\u00e9tillant 280 ml\/ Pommes\"}]},{\"@type\":\"WebSite\",\"@id\":\"https:\/\/hamatsesa.com\/fr\/#website\",\"url\":\"https:\/\/hamatsesa.com\/fr\/\",\"name\":\"\u05d4\u05de\u05ea\u05e1\u05e1\u05d4\",\"description\":\"\u05d1\u05d9\u05ea \u05e2\u05d9\u05d1\u05d5\u05d3 \u05e4\u05e8\u05d9 \u05d9\u05e9\u05e8\u05d0\u05dc\u05d9\",\"publisher\":{\"@id\":\"https:\/\/hamatsesa.com\/fr\/#organization\"},\"potentialAction\":[{\"@type\":\"SearchAction\",\"target\":{\"@type\":\"EntryPoint\",\"urlTemplate\":\"https:\/\/hamatsesa.com\/fr\/?s={search_term_string}\"},\"query-input\":{\"@type\":\"PropertyValueSpecification\",\"valueRequired\":true,\"valueName\":\"search_term_string\"}}],\"inLanguage\":\"fr-FR\"},{\"@type\":\"Organization\",\"@id\":\"https:\/\/hamatsesa.com\/fr\/#organization\",\"name\":\"\u05d4\u05de\u05ea\u05e1\u05e1\u05d4\",\"url\":\"https:\/\/hamatsesa.com\/fr\/\",\"logo\":{\"@type\":\"ImageObject\",\"inLanguage\":\"fr-FR\",\"@id\":\"https:\/\/hamatsesa.com\/fr\/#\/schema\/logo\/image\/\",\"url\":\"https:\/\/hamatsesa.com\/wp-content\/uploads\/2020\/12\/-\u05e1\u05d5\u05e4\u05d9-01-e1626073975222.png\",\"contentUrl\":\"https:\/\/hamatsesa.com\/wp-content\/uploads\/2020\/12\/-\u05e1\u05d5\u05e4\u05d9-01-e1626073975222.png\",\"width\":765,\"height\":600,\"caption\":\"\u05d4\u05de\u05ea\u05e1\u05e1\u05d4\"},\"image\":{\"@id\":\"https:\/\/hamatsesa.com\/fr\/#\/schema\/logo\/image\/\"}}]}<\/script>\n<!-- \/ Yoast SEO plugin. -->","yoast_head_json":{"title":"Caisse de jus p\u00e9tillant 280 ml\/ Pommes | \u05d4\u05de\u05ea\u05e1\u05e1\u05d4","robots":{"index":"index","follow":"follow","max-snippet":"max-snippet:-1","max-image-preview":"max-image-preview:large","max-video-preview":"max-video-preview:-1"},"canonical":"https:\/\/hamatsesa.com\/fr\/product\/caisse-de-jus-petillant-280-ml-pommes\/","og_locale":"fr_FR","og_type":"article","og_title":"Caisse de jus p\u00e9tillant 280 ml\/ Pommes | \u05d4\u05de\u05ea\u05e1\u05e1\u05d4","og_description":"\"Caisse de jus p\u00e9tillant de pommes \u2013 280 ml  30 unit\u00e9s par caisse  casher Rabinat  Ingr\u00e9dients :91 % jus de pommes, 9 % eau  Uniquement des ingr\u00e9dients naturels  Sans conservateurs ni ar\u00f4mes artificiels  Conserver au frais, \u00e0 l'hombre, consommer frais","og_url":"https:\/\/hamatsesa.com\/fr\/product\/caisse-de-jus-petillant-280-ml-pommes\/","og_site_name":"\u05d4\u05de\u05ea\u05e1\u05e1\u05d4","article_modified_time":"2025-08-12T10:34:45+00:00","og_image":[{"width":1024,"height":681,"url":"https:\/\/hamatsesa.com\/wp-content\/uploads\/2023\/11\/\u05d0\u05e8\u05d2\u05d6-\u05de\u05d9\u05e5-\u05de\u05d5\u05d2\u05d6-\u05ea\u05e4\u05d5\u05d7\u05d9\u05dd-1024x681.png","type":"image\/png"}],"twitter_card":"summary_large_image","schema":{"@context":"https:\/\/schema.org","@graph":[{"@type":"WebPage","@id":"https:\/\/hamatsesa.com\/fr\/product\/caisse-de-jus-petillant-280-ml-pommes\/","url":"https:\/\/hamatsesa.com\/fr\/product\/caisse-de-jus-petillant-280-ml-pommes\/","name":"Caisse de jus p\u00e9tillant 280 ml\/ Pommes | \u05d4\u05de\u05ea\u05e1\u05e1\u05d4","isPartOf":{"@id":"https:\/\/hamatsesa.com\/fr\/#website"},"primaryImageOfPage":{"@id":"https:\/\/hamatsesa.com\/fr\/product\/caisse-de-jus-petillant-280-ml-pommes\/#primaryimage"},"image":{"@id":"https:\/\/hamatsesa.com\/fr\/product\/caisse-de-jus-petillant-280-ml-pommes\/#primaryimage"},"thumbnailUrl":"https:\/\/hamatsesa.com\/wp-content\/uploads\/2023\/11\/\u05d0\u05e8\u05d2\u05d6-\u05de\u05d9\u05e5-\u05de\u05d5\u05d2\u05d6-\u05ea\u05e4\u05d5\u05d7\u05d9\u05dd.png","datePublished":"2023-11-07T16:09:07+00:00","dateModified":"2025-08-12T10:34:45+00:00","breadcrumb":{"@id":"https:\/\/hamatsesa.com\/fr\/product\/caisse-de-jus-petillant-280-ml-pommes\/#breadcrumb"},"inLanguage":"fr-FR","potentialAction":[{"@type":"ReadAction","target":["https:\/\/hamatsesa.com\/fr\/product\/caisse-de-jus-petillant-280-ml-pommes\/"]}]},{"@type":"ImageObject","inLanguage":"fr-FR","@id":"https:\/\/hamatsesa.com\/fr\/product\/caisse-de-jus-petillant-280-ml-pommes\/#primaryimage","url":"https:\/\/hamatsesa.com\/wp-content\/uploads\/2023\/11\/\u05d0\u05e8\u05d2\u05d6-\u05de\u05d9\u05e5-\u05de\u05d5\u05d2\u05d6-\u05ea\u05e4\u05d5\u05d7\u05d9\u05dd.png","contentUrl":"https:\/\/hamatsesa.com\/wp-content\/uploads\/2023\/11\/\u05d0\u05e8\u05d2\u05d6-\u05de\u05d9\u05e5-\u05de\u05d5\u05d2\u05d6-\u05ea\u05e4\u05d5\u05d7\u05d9\u05dd.png","width":3508,"height":2334},{"@type":"BreadcrumbList","@id":"https:\/\/hamatsesa.com\/fr\/product\/caisse-de-jus-petillant-280-ml-pommes\/#breadcrumb","itemListElement":[{"@type":"ListItem","position":1,"name":"\u05d3\u05e3 \u05d4\u05d1\u05d9\u05ea","item":"https:\/\/hamatsesa.com\/fr\/maison\/"},{"@type":"ListItem","position":2,"name":"Shop","item":"https:\/\/hamatsesa.com\/shop\/"},{"@type":"ListItem","position":3,"name":"Caisse de jus p\u00e9tillant 280 ml\/ Pommes"}]},{"@type":"WebSite","@id":"https:\/\/hamatsesa.com\/fr\/#website","url":"https:\/\/hamatsesa.com\/fr\/","name":"\u05d4\u05de\u05ea\u05e1\u05e1\u05d4","description":"\u05d1\u05d9\u05ea \u05e2\u05d9\u05d1\u05d5\u05d3 \u05e4\u05e8\u05d9 \u05d9\u05e9\u05e8\u05d0\u05dc\u05d9","publisher":{"@id":"https:\/\/hamatsesa.com\/fr\/#organization"},"potentialAction":[{"@type":"SearchAction","target":{"@type":"EntryPoint","urlTemplate":"https:\/\/hamatsesa.com\/fr\/?s={search_term_string}"},"query-input":{"@type":"PropertyValueSpecification","valueRequired":true,"valueName":"search_term_string"}}],"inLanguage":"fr-FR"},{"@type":"Organization","@id":"https:\/\/hamatsesa.com\/fr\/#organization","name":"\u05d4\u05de\u05ea\u05e1\u05e1\u05d4","url":"https:\/\/hamatsesa.com\/fr\/","logo":{"@type":"ImageObject","inLanguage":"fr-FR","@id":"https:\/\/hamatsesa.com\/fr\/#\/schema\/logo\/image\/","url":"https:\/\/hamatsesa.com\/wp-content\/uploads\/2020\/12\/-\u05e1\u05d5\u05e4\u05d9-01-e1626073975222.png","contentUrl":"https:\/\/hamatsesa.com\/wp-content\/uploads\/2020\/12\/-\u05e1\u05d5\u05e4\u05d9-01-e1626073975222.png","width":765,"height":600,"caption":"\u05d4\u05de\u05ea\u05e1\u05e1\u05d4"},"image":{"@id":"https:\/\/hamatsesa.com\/fr\/#\/schema\/logo\/image\/"}}]}},"_links":{"self":[{"href":"https:\/\/hamatsesa.com\/fr\/wp-json\/wp\/v2\/product\/10376","targetHints":{"allow":["GET"]}}],"collection":[{"href":"https:\/\/hamatsesa.com\/fr\/wp-json\/wp\/v2\/product"}],"about":[{"href":"https:\/\/hamatsesa.com\/fr\/wp-json\/wp\/v2\/types\/product"}],"version-history":[{"count":1,"href":"https:\/\/hamatsesa.com\/fr\/wp-json\/wp\/v2\/product\/10376\/revisions"}],"predecessor-version":[{"id":10412,"href":"https:\/\/hamatsesa.com\/fr\/wp-json\/wp\/v2\/product\/10376\/revisions\/10412"}],"wp:featuredmedia":[{"embeddable":true,"href":"https:\/\/hamatsesa.com\/fr\/wp-json\/wp\/v2\/media\/10377"}],"wp:attachment":[{"href":"https:\/\/hamatsesa.com\/fr\/wp-json\/wp\/v2\/media?parent=10376"}],"wp:term":[{"taxonomy":"product_brand","embeddable":true,"href":"https:\/\/hamatsesa.com\/fr\/wp-json\/wp\/v2\/product_brand?post=10376"},{"taxonomy":"product_cat","embeddable":true,"href":"https:\/\/hamatsesa.com\/fr\/wp-json\/wp\/v2\/product_cat?post=10376"},{"taxonomy":"product_tag","embeddable":true,"href":"https:\/\/hamatsesa.com\/fr\/wp-json\/wp\/v2\/product_tag?post=10376"}],"curies":[{"name":"wp","href":"https:\/\/api.w.org\/{rel}","templated":true}]}}