{"id":10275,"date":"2024-07-22T18:11:55","date_gmt":"2024-07-22T15:11:55","guid":{"rendered":"https:\/\/hamatsesa.com\/visites-de-groupes-adaptees-sur-mesure\/"},"modified":"2025-08-01T17:01:06","modified_gmt":"2025-08-01T14:01:06","slug":"visites-de-groupes-adaptees-sur-mesure","status":"publish","type":"page","link":"https:\/\/hamatsesa.com\/fr\/visites-de-groupes-adaptees-sur-mesure\/","title":{"rendered":"visites de groupes adapt\u00e9es sur mesure"},"content":{"rendered":"\t\t<div data-elementor-type=\"wp-page\" data-elementor-id=\"10275\" class=\"elementor elementor-10275\" data-elementor-post-type=\"page\">\n\t\t\t\t\t\t<section class=\"elementor-section elementor-top-section elementor-element elementor-element-d1bbe3a elementor-hidden-mobile elementor-section-boxed elementor-section-height-default elementor-section-height-default\" data-id=\"d1bbe3a\" data-element_type=\"section\" data-e-type=\"section\">\n\t\t\t\t\t\t<div class=\"elementor-container elementor-column-gap-default\">\n\t\t\t\t\t<div class=\"elementor-column elementor-col-100 elementor-top-column elementor-element elementor-element-bd9fbec\" data-id=\"bd9fbec\" data-element_type=\"column\" data-e-type=\"column\">\n\t\t\t<div class=\"elementor-widget-wrap elementor-element-populated\">\n\t\t\t\t\t\t<div class=\"elementor-element elementor-element-c89b0bc elementor-widget elementor-widget-image\" data-id=\"c89b0bc\" data-element_type=\"widget\" data-e-type=\"widget\" data-widget_type=\"image.default\">\n\t\t\t\t<div class=\"elementor-widget-container\">\n\t\t\t\t\t\t\t\t\t\t\t\t\t\t\t<img fetchpriority=\"high\" decoding=\"async\" width=\"2048\" height=\"781\" src=\"https:\/\/hamatsesa.com\/wp-content\/uploads\/2024\/07\/\u05e6\u05d9\u05dc\u05d5\u05dd-\u05de\u05e1\u05da-2024-07-22-\u05d1-18.27.41-2048x781.png\" class=\"attachment-2048x2048 size-2048x2048 wp-image-7788\" alt=\"\" srcset=\"https:\/\/hamatsesa.com\/wp-content\/uploads\/2024\/07\/\u05e6\u05d9\u05dc\u05d5\u05dd-\u05de\u05e1\u05da-2024-07-22-\u05d1-18.27.41-2048x781.png 2048w, https:\/\/hamatsesa.com\/wp-content\/uploads\/2024\/07\/\u05e6\u05d9\u05dc\u05d5\u05dd-\u05de\u05e1\u05da-2024-07-22-\u05d1-18.27.41-300x114.png 300w, https:\/\/hamatsesa.com\/wp-content\/uploads\/2024\/07\/\u05e6\u05d9\u05dc\u05d5\u05dd-\u05de\u05e1\u05da-2024-07-22-\u05d1-18.27.41-1024x390.png 1024w, https:\/\/hamatsesa.com\/wp-content\/uploads\/2024\/07\/\u05e6\u05d9\u05dc\u05d5\u05dd-\u05de\u05e1\u05da-2024-07-22-\u05d1-18.27.41-768x293.png 768w, https:\/\/hamatsesa.com\/wp-content\/uploads\/2024\/07\/\u05e6\u05d9\u05dc\u05d5\u05dd-\u05de\u05e1\u05da-2024-07-22-\u05d1-18.27.41-1536x585.png 1536w, https:\/\/hamatsesa.com\/wp-content\/uploads\/2024\/07\/\u05e6\u05d9\u05dc\u05d5\u05dd-\u05de\u05e1\u05da-2024-07-22-\u05d1-18.27.41-600x229.png 600w, https:\/\/hamatsesa.com\/wp-content\/uploads\/2024\/07\/\u05e6\u05d9\u05dc\u05d5\u05dd-\u05de\u05e1\u05da-2024-07-22-\u05d1-18.27.41-64x24.png 64w\" sizes=\"(max-width: 2048px) 100vw, 2048px\" \/>\t\t\t\t\t\t\t\t\t\t\t\t\t\t\t<\/div>\n\t\t\t\t<\/div>\n\t\t\t\t\t<\/div>\n\t\t<\/div>\n\t\t\t\t\t<\/div>\n\t\t<\/section>\n\t\t\t\t<section class=\"elementor-section elementor-top-section elementor-element elementor-element-cc83766 elementor-hidden-desktop elementor-hidden-tablet elementor-section-boxed elementor-section-height-default elementor-section-height-default\" data-id=\"cc83766\" data-element_type=\"section\" data-e-type=\"section\">\n\t\t\t\t\t\t<div class=\"elementor-container elementor-column-gap-default\">\n\t\t\t\t\t<div class=\"elementor-column elementor-col-100 elementor-top-column elementor-element elementor-element-d49cc52\" data-id=\"d49cc52\" data-element_type=\"column\" data-e-type=\"column\">\n\t\t\t<div class=\"elementor-widget-wrap elementor-element-populated\">\n\t\t\t\t\t\t<div class=\"elementor-element elementor-element-f1b67a5 elementor-widget elementor-widget-image\" data-id=\"f1b67a5\" data-element_type=\"widget\" data-e-type=\"widget\" data-widget_type=\"image.default\">\n\t\t\t\t<div class=\"elementor-widget-container\">\n\t\t\t\t\t\t\t\t\t\t\t\t\t\t\t<img decoding=\"async\" width=\"1962\" height=\"1228\" src=\"https:\/\/hamatsesa.com\/wp-content\/uploads\/2024\/07\/\u05e6\u05d9\u05dc\u05d5\u05dd-\u05de\u05e1\u05da-2024-07-25-\u05d1-9.55.56.png\" class=\"attachment-2048x2048 size-2048x2048 wp-image-7891\" alt=\"\" srcset=\"https:\/\/hamatsesa.com\/wp-content\/uploads\/2024\/07\/\u05e6\u05d9\u05dc\u05d5\u05dd-\u05de\u05e1\u05da-2024-07-25-\u05d1-9.55.56.png 1962w, https:\/\/hamatsesa.com\/wp-content\/uploads\/2024\/07\/\u05e6\u05d9\u05dc\u05d5\u05dd-\u05de\u05e1\u05da-2024-07-25-\u05d1-9.55.56-300x188.png 300w, https:\/\/hamatsesa.com\/wp-content\/uploads\/2024\/07\/\u05e6\u05d9\u05dc\u05d5\u05dd-\u05de\u05e1\u05da-2024-07-25-\u05d1-9.55.56-1024x641.png 1024w, https:\/\/hamatsesa.com\/wp-content\/uploads\/2024\/07\/\u05e6\u05d9\u05dc\u05d5\u05dd-\u05de\u05e1\u05da-2024-07-25-\u05d1-9.55.56-768x481.png 768w, https:\/\/hamatsesa.com\/wp-content\/uploads\/2024\/07\/\u05e6\u05d9\u05dc\u05d5\u05dd-\u05de\u05e1\u05da-2024-07-25-\u05d1-9.55.56-1536x961.png 1536w, https:\/\/hamatsesa.com\/wp-content\/uploads\/2024\/07\/\u05e6\u05d9\u05dc\u05d5\u05dd-\u05de\u05e1\u05da-2024-07-25-\u05d1-9.55.56-600x376.png 600w, https:\/\/hamatsesa.com\/wp-content\/uploads\/2024\/07\/\u05e6\u05d9\u05dc\u05d5\u05dd-\u05de\u05e1\u05da-2024-07-25-\u05d1-9.55.56-64x40.png 64w\" sizes=\"(max-width: 1962px) 100vw, 1962px\" \/>\t\t\t\t\t\t\t\t\t\t\t\t\t\t\t<\/div>\n\t\t\t\t<\/div>\n\t\t\t\t\t<\/div>\n\t\t<\/div>\n\t\t\t\t\t<\/div>\n\t\t<\/section>\n\t\t\t\t<section class=\"elementor-section elementor-top-section elementor-element elementor-element-39ba3f7 elementor-section-boxed elementor-section-height-default elementor-section-height-default\" data-id=\"39ba3f7\" data-element_type=\"section\" data-e-type=\"section\">\n\t\t\t\t\t\t<div class=\"elementor-container elementor-column-gap-default\">\n\t\t\t\t\t<div class=\"elementor-column elementor-col-100 elementor-top-column elementor-element elementor-element-395abec\" data-id=\"395abec\" data-element_type=\"column\" data-e-type=\"column\">\n\t\t\t<div class=\"elementor-widget-wrap elementor-element-populated\">\n\t\t\t\t\t\t<div class=\"elementor-element elementor-element-ef87de8 elementor-widget elementor-widget-text-editor\" data-id=\"ef87de8\" data-element_type=\"widget\" data-e-type=\"widget\" data-widget_type=\"text-editor.default\">\n\t\t\t\t<div class=\"elementor-widget-container\">\n\t\t\t\t\t\t\t\t\t<p><span style=\"font-weight: 400;\">Agent? Guide? Responsable de groupes?<\/span><\/p><p><span style=\"font-weight: 400;\">Contactez-nous afin de planifier une visite adapt\u00e9e \u00e0 vos attentes<\/span><\/p><p><span style=\"font-weight: 400;\"> Possibilit\u00e9 de visite combin\u00e9e avec une conf\u00e9rence, un repas gourmand, un coffret cadeau pour les visiteurs, et bien plus encore..<\/span><\/p>\t\t\t\t\t\t\t\t<\/div>\n\t\t\t\t<\/div>\n\t\t\t\t\t<\/div>\n\t\t<\/div>\n\t\t\t\t\t<\/div>\n\t\t<\/section>\n\t\t\t\t<section class=\"elementor-section elementor-top-section elementor-element elementor-element-0d38268 elementor-section-boxed elementor-section-height-default elementor-section-height-default\" data-id=\"0d38268\" data-element_type=\"section\" data-e-type=\"section\">\n\t\t\t\t\t\t<div class=\"elementor-container elementor-column-gap-default\">\n\t\t\t\t\t<div class=\"elementor-column elementor-col-100 elementor-top-column elementor-element elementor-element-bade0f9\" data-id=\"bade0f9\" data-element_type=\"column\" data-e-type=\"column\">\n\t\t\t<div class=\"elementor-widget-wrap elementor-element-populated\">\n\t\t\t\t\t\t<div class=\"elementor-element elementor-element-00f8323 elementor-align-center elementor-widget elementor-widget-button\" data-id=\"00f8323\" data-element_type=\"widget\" data-e-type=\"widget\" data-widget_type=\"button.default\">\n\t\t\t\t<div class=\"elementor-widget-container\">\n\t\t\t\t\t\t\t\t\t<div class=\"elementor-button-wrapper\">\n\t\t\t\t\t<a class=\"elementor-button elementor-button-link elementor-size-sm\" href=\"https:\/\/api.whatsapp.com\/send?phone=972054-9212705&#038;text=%D7%A9%D7%9C%D7%95%D7%9D%2C%20%D7%90%D7%A9%D7%9E%D7%97%20%D7%9C%D7%A7%D7%91%D7%9C%20%D7%9E%D7%99%D7%93%D7%A2%20%D7%A0%D7%95%D7%A1%D7%A3%20%D7%A2%D7%9C%20%D7%A1%D7%99%D7%95%D7%A8%D7%99%20%D7%94%D7%A7%D7%91%D7%95%D7%A6%D7%95%D7%AA%20%D7%91%D7%9E%D7%AA%D7%A1%D7%A1%D7%94\">\n\t\t\t\t\t\t<span class=\"elementor-button-content-wrapper\">\n\t\t\t\t\t\t\t\t\t<span class=\"elementor-button-text\">Planifier votre visite<\/span>\n\t\t\t\t\t<\/span>\n\t\t\t\t\t<\/a>\n\t\t\t\t<\/div>\n\t\t\t\t\t\t\t\t<\/div>\n\t\t\t\t<\/div>\n\t\t\t\t\t<\/div>\n\t\t<\/div>\n\t\t\t\t\t<\/div>\n\t\t<\/section>\n\t\t\t\t<section class=\"elementor-section elementor-top-section elementor-element elementor-element-27200c8 elementor-section-boxed elementor-section-height-default elementor-section-height-default\" data-id=\"27200c8\" data-element_type=\"section\" data-e-type=\"section\">\n\t\t\t\t\t\t<div class=\"elementor-container elementor-column-gap-default\">\n\t\t\t\t\t<div class=\"elementor-column elementor-col-100 elementor-top-column elementor-element elementor-element-8e802c8\" data-id=\"8e802c8\" data-element_type=\"column\" data-e-type=\"column\">\n\t\t\t<div class=\"elementor-widget-wrap elementor-element-populated\">\n\t\t\t\t\t\t<div class=\"elementor-element elementor-element-0bc457d elementor-widget elementor-widget-text-editor\" data-id=\"0bc457d\" data-element_type=\"widget\" data-e-type=\"widget\" data-widget_type=\"text-editor.default\">\n\t\t\t\t<div class=\"elementor-widget-container\">\n\t\t\t\t\t\t\t\t\t<p>Besoin d\u2019aide?<\/p><p>N\u2019h\u00e9sitez pas \u00e0 nous contacter<\/p><p>Par t\u00e9l\u00e9phone: <a href=\"https:\/\/api.whatsapp.com\/send?phone=972054-9212705&amp;text=%D7%94%D7%99%D7%99%20%D7%90%D7%A9%D7%9E%D7%97%20%D7%9C%D7%A7%D7%91%D7%9C%20%D7%9E%D7%99%D7%93%D7%A2%20%D7%A0%D7%95%D7%A1%D7%A3%20%D7%9C%D7%92%D7%91%D7%99%20%D7%94%D7%A1%D7%99%D7%95%D7%A8%D7%99%D7%9D%20%D7%91%D7%9E%D7%AA%D7%A1%D7%A1%D7%94\">+972 54 921205<\/a><\/p><p>ou par mail: <a href=\"mailto:hamatsesa@gmail.com\">hamatsesa@gmail.com<\/a><\/p>\t\t\t\t\t\t\t\t<\/div>\n\t\t\t\t<\/div>\n\t\t\t\t\t<\/div>\n\t\t<\/div>\n\t\t\t\t\t<\/div>\n\t\t<\/section>\n\t\t\t\t<\/div>\n\t\t","protected":false},"excerpt":{"rendered":"<p>Agent? Guide? Responsable de groupes? Contactez-nous afin de planifier une visite adapt\u00e9e \u00e0 vos attentes Possibilit\u00e9 de visite combin\u00e9e avec une conf\u00e9rence, un repas gourmand, un coffret cadeau pour les visiteurs, et bien plus encore.. Planifier votre visite Besoin d\u2019aide? N\u2019h\u00e9sitez pas \u00e0 nous contacter Par t\u00e9l\u00e9phone: +972 54 921205 ou par mail: hamatsesa@gmail.com<\/p>\n","protected":false},"author":1,"featured_media":0,"parent":0,"menu_order":0,"comment_status":"closed","ping_status":"closed","template":"","meta":{"site-sidebar-layout":"no-sidebar","site-content-layout":"page-builder","ast-site-content-layout":"full-width-container","site-content-style":"default","site-sidebar-style":"default","ast-global-header-display":"","ast-banner-title-visibility":"","ast-main-header-display":"","ast-hfb-above-header-display":"","ast-hfb-below-header-display":"","ast-hfb-mobile-header-display":"","site-post-title":"disabled","ast-breadcrumbs-content":"","ast-featured-img":"disabled","footer-sml-layout":"","theme-transparent-header-meta":"","adv-header-id-meta":"","stick-header-meta":"","header-above-stick-meta":"","header-main-stick-meta":"","header-below-stick-meta":"","astra-migrate-meta-layouts":"default","ast-page-background-enabled":"default","ast-page-background-meta":{"desktop":{"background-color":"","background-image":"","background-repeat":"repeat","background-position":"center center","background-size":"auto","background-attachment":"scroll","background-type":"","background-media":"","overlay-type":"","overlay-color":"","overlay-opacity":"","overlay-gradient":""},"tablet":{"background-color":"","background-image":"","background-repeat":"repeat","background-position":"center center","background-size":"auto","background-attachment":"scroll","background-type":"","background-media":"","overlay-type":"","overlay-color":"","overlay-opacity":"","overlay-gradient":""},"mobile":{"background-color":"","background-image":"","background-repeat":"repeat","background-position":"center center","background-size":"auto","background-attachment":"scroll","background-type":"","background-media":"","overlay-type":"","overlay-color":"","overlay-opacity":"","overlay-gradient":""}},"ast-content-background-meta":{"desktop":{"background-color":"var(--ast-global-color-5)","background-image":"","background-repeat":"repeat","background-position":"center center","background-size":"auto","background-attachment":"scroll","background-type":"","background-media":"","overlay-type":"","overlay-color":"","overlay-opacity":"","overlay-gradient":""},"tablet":{"background-color":"var(--ast-global-color-5)","background-image":"","background-repeat":"repeat","background-position":"center center","background-size":"auto","background-attachment":"scroll","background-type":"","background-media":"","overlay-type":"","overlay-color":"","overlay-opacity":"","overlay-gradient":""},"mobile":{"background-color":"var(--ast-global-color-5)","background-image":"","background-repeat":"repeat","background-position":"center center","background-size":"auto","background-attachment":"scroll","background-type":"","background-media":"","overlay-type":"","overlay-color":"","overlay-opacity":"","overlay-gradient":""}},"footnotes":""},"class_list":["post-10275","page","type-page","status-publish","hentry"],"yoast_head":"<!-- This site is optimized with the Yoast SEO plugin v27.2 - https:\/\/yoast.com\/product\/yoast-seo-wordpress\/ -->\n<title>visites de groupes adapt\u00e9es sur mesure | \u05d4\u05de\u05ea\u05e1\u05e1\u05d4<\/title>\n<meta name=\"robots\" content=\"index, follow, max-snippet:-1, max-image-preview:large, max-video-preview:-1\" \/>\n<link rel=\"canonical\" href=\"https:\/\/hamatsesa.com\/fr\/visites-de-groupes-adaptees-sur-mesure\/\" \/>\n<meta property=\"og:locale\" content=\"fr_FR\" \/>\n<meta property=\"og:type\" content=\"article\" \/>\n<meta property=\"og:title\" content=\"visites de groupes adapt\u00e9es sur mesure | \u05d4\u05de\u05ea\u05e1\u05e1\u05d4\" \/>\n<meta property=\"og:description\" content=\"Agent? Guide? Responsable de groupes? Contactez-nous afin de planifier une visite adapt\u00e9e \u00e0 vos attentes Possibilit\u00e9 de visite combin\u00e9e avec une conf\u00e9rence, un repas gourmand, un coffret cadeau pour les visiteurs, et bien plus encore.. Planifier votre visite Besoin d\u2019aide? N\u2019h\u00e9sitez pas \u00e0 nous contacter Par t\u00e9l\u00e9phone: +972 54 921205 ou par mail: hamatsesa@gmail.com\" \/>\n<meta property=\"og:url\" content=\"https:\/\/hamatsesa.com\/fr\/visites-de-groupes-adaptees-sur-mesure\/\" \/>\n<meta property=\"og:site_name\" content=\"\u05d4\u05de\u05ea\u05e1\u05e1\u05d4\" \/>\n<meta property=\"article:modified_time\" content=\"2025-08-01T14:01:06+00:00\" \/>\n<meta name=\"twitter:card\" content=\"summary_large_image\" \/>\n<script type=\"application\/ld+json\" class=\"yoast-schema-graph\">{\"@context\":\"https:\/\/schema.org\",\"@graph\":[{\"@type\":\"WebPage\",\"@id\":\"https:\/\/hamatsesa.com\/fr\/visites-de-groupes-adaptees-sur-mesure\/\",\"url\":\"https:\/\/hamatsesa.com\/fr\/visites-de-groupes-adaptees-sur-mesure\/\",\"name\":\"visites de groupes adapt\u00e9es sur mesure | \u05d4\u05de\u05ea\u05e1\u05e1\u05d4\",\"isPartOf\":{\"@id\":\"https:\/\/hamatsesa.com\/fr\/#website\"},\"datePublished\":\"2024-07-22T15:11:55+00:00\",\"dateModified\":\"2025-08-01T14:01:06+00:00\",\"breadcrumb\":{\"@id\":\"https:\/\/hamatsesa.com\/fr\/visites-de-groupes-adaptees-sur-mesure\/#breadcrumb\"},\"inLanguage\":\"fr-FR\",\"potentialAction\":[{\"@type\":\"ReadAction\",\"target\":[\"https:\/\/hamatsesa.com\/fr\/visites-de-groupes-adaptees-sur-mesure\/\"]}]},{\"@type\":\"BreadcrumbList\",\"@id\":\"https:\/\/hamatsesa.com\/fr\/visites-de-groupes-adaptees-sur-mesure\/#breadcrumb\",\"itemListElement\":[{\"@type\":\"ListItem\",\"position\":1,\"name\":\"\u05d3\u05e3 \u05d4\u05d1\u05d9\u05ea\",\"item\":\"https:\/\/hamatsesa.com\/fr\/maison\/\"},{\"@type\":\"ListItem\",\"position\":2,\"name\":\"visites de groupes adapt\u00e9es sur mesure\"}]},{\"@type\":\"WebSite\",\"@id\":\"https:\/\/hamatsesa.com\/fr\/#website\",\"url\":\"https:\/\/hamatsesa.com\/fr\/\",\"name\":\"\u05d4\u05de\u05ea\u05e1\u05e1\u05d4\",\"description\":\"\u05d1\u05d9\u05ea \u05e2\u05d9\u05d1\u05d5\u05d3 \u05e4\u05e8\u05d9 \u05d9\u05e9\u05e8\u05d0\u05dc\u05d9\",\"publisher\":{\"@id\":\"https:\/\/hamatsesa.com\/fr\/#organization\"},\"potentialAction\":[{\"@type\":\"SearchAction\",\"target\":{\"@type\":\"EntryPoint\",\"urlTemplate\":\"https:\/\/hamatsesa.com\/fr\/?s={search_term_string}\"},\"query-input\":{\"@type\":\"PropertyValueSpecification\",\"valueRequired\":true,\"valueName\":\"search_term_string\"}}],\"inLanguage\":\"fr-FR\"},{\"@type\":\"Organization\",\"@id\":\"https:\/\/hamatsesa.com\/fr\/#organization\",\"name\":\"\u05d4\u05de\u05ea\u05e1\u05e1\u05d4\",\"url\":\"https:\/\/hamatsesa.com\/fr\/\",\"logo\":{\"@type\":\"ImageObject\",\"inLanguage\":\"fr-FR\",\"@id\":\"https:\/\/hamatsesa.com\/fr\/#\/schema\/logo\/image\/\",\"url\":\"https:\/\/hamatsesa.com\/wp-content\/uploads\/2020\/12\/-\u05e1\u05d5\u05e4\u05d9-01-e1626073975222.png\",\"contentUrl\":\"https:\/\/hamatsesa.com\/wp-content\/uploads\/2020\/12\/-\u05e1\u05d5\u05e4\u05d9-01-e1626073975222.png\",\"width\":765,\"height\":600,\"caption\":\"\u05d4\u05de\u05ea\u05e1\u05e1\u05d4\"},\"image\":{\"@id\":\"https:\/\/hamatsesa.com\/fr\/#\/schema\/logo\/image\/\"}}]}<\/script>\n<!-- \/ Yoast SEO plugin. -->","yoast_head_json":{"title":"visites de groupes adapt\u00e9es sur mesure | \u05d4\u05de\u05ea\u05e1\u05e1\u05d4","robots":{"index":"index","follow":"follow","max-snippet":"max-snippet:-1","max-image-preview":"max-image-preview:large","max-video-preview":"max-video-preview:-1"},"canonical":"https:\/\/hamatsesa.com\/fr\/visites-de-groupes-adaptees-sur-mesure\/","og_locale":"fr_FR","og_type":"article","og_title":"visites de groupes adapt\u00e9es sur mesure | \u05d4\u05de\u05ea\u05e1\u05e1\u05d4","og_description":"Agent? Guide? Responsable de groupes? Contactez-nous afin de planifier une visite adapt\u00e9e \u00e0 vos attentes Possibilit\u00e9 de visite combin\u00e9e avec une conf\u00e9rence, un repas gourmand, un coffret cadeau pour les visiteurs, et bien plus encore.. Planifier votre visite Besoin d\u2019aide? N\u2019h\u00e9sitez pas \u00e0 nous contacter Par t\u00e9l\u00e9phone: +972 54 921205 ou par mail: hamatsesa@gmail.com","og_url":"https:\/\/hamatsesa.com\/fr\/visites-de-groupes-adaptees-sur-mesure\/","og_site_name":"\u05d4\u05de\u05ea\u05e1\u05e1\u05d4","article_modified_time":"2025-08-01T14:01:06+00:00","twitter_card":"summary_large_image","schema":{"@context":"https:\/\/schema.org","@graph":[{"@type":"WebPage","@id":"https:\/\/hamatsesa.com\/fr\/visites-de-groupes-adaptees-sur-mesure\/","url":"https:\/\/hamatsesa.com\/fr\/visites-de-groupes-adaptees-sur-mesure\/","name":"visites de groupes adapt\u00e9es sur mesure | \u05d4\u05de\u05ea\u05e1\u05e1\u05d4","isPartOf":{"@id":"https:\/\/hamatsesa.com\/fr\/#website"},"datePublished":"2024-07-22T15:11:55+00:00","dateModified":"2025-08-01T14:01:06+00:00","breadcrumb":{"@id":"https:\/\/hamatsesa.com\/fr\/visites-de-groupes-adaptees-sur-mesure\/#breadcrumb"},"inLanguage":"fr-FR","potentialAction":[{"@type":"ReadAction","target":["https:\/\/hamatsesa.com\/fr\/visites-de-groupes-adaptees-sur-mesure\/"]}]},{"@type":"BreadcrumbList","@id":"https:\/\/hamatsesa.com\/fr\/visites-de-groupes-adaptees-sur-mesure\/#breadcrumb","itemListElement":[{"@type":"ListItem","position":1,"name":"\u05d3\u05e3 \u05d4\u05d1\u05d9\u05ea","item":"https:\/\/hamatsesa.com\/fr\/maison\/"},{"@type":"ListItem","position":2,"name":"visites de groupes adapt\u00e9es sur mesure"}]},{"@type":"WebSite","@id":"https:\/\/hamatsesa.com\/fr\/#website","url":"https:\/\/hamatsesa.com\/fr\/","name":"\u05d4\u05de\u05ea\u05e1\u05e1\u05d4","description":"\u05d1\u05d9\u05ea \u05e2\u05d9\u05d1\u05d5\u05d3 \u05e4\u05e8\u05d9 \u05d9\u05e9\u05e8\u05d0\u05dc\u05d9","publisher":{"@id":"https:\/\/hamatsesa.com\/fr\/#organization"},"potentialAction":[{"@type":"SearchAction","target":{"@type":"EntryPoint","urlTemplate":"https:\/\/hamatsesa.com\/fr\/?s={search_term_string}"},"query-input":{"@type":"PropertyValueSpecification","valueRequired":true,"valueName":"search_term_string"}}],"inLanguage":"fr-FR"},{"@type":"Organization","@id":"https:\/\/hamatsesa.com\/fr\/#organization","name":"\u05d4\u05de\u05ea\u05e1\u05e1\u05d4","url":"https:\/\/hamatsesa.com\/fr\/","logo":{"@type":"ImageObject","inLanguage":"fr-FR","@id":"https:\/\/hamatsesa.com\/fr\/#\/schema\/logo\/image\/","url":"https:\/\/hamatsesa.com\/wp-content\/uploads\/2020\/12\/-\u05e1\u05d5\u05e4\u05d9-01-e1626073975222.png","contentUrl":"https:\/\/hamatsesa.com\/wp-content\/uploads\/2020\/12\/-\u05e1\u05d5\u05e4\u05d9-01-e1626073975222.png","width":765,"height":600,"caption":"\u05d4\u05de\u05ea\u05e1\u05e1\u05d4"},"image":{"@id":"https:\/\/hamatsesa.com\/fr\/#\/schema\/logo\/image\/"}}]}},"_links":{"self":[{"href":"https:\/\/hamatsesa.com\/fr\/wp-json\/wp\/v2\/pages\/10275","targetHints":{"allow":["GET"]}}],"collection":[{"href":"https:\/\/hamatsesa.com\/fr\/wp-json\/wp\/v2\/pages"}],"about":[{"href":"https:\/\/hamatsesa.com\/fr\/wp-json\/wp\/v2\/types\/page"}],"author":[{"embeddable":true,"href":"https:\/\/hamatsesa.com\/fr\/wp-json\/wp\/v2\/users\/1"}],"replies":[{"embeddable":true,"href":"https:\/\/hamatsesa.com\/fr\/wp-json\/wp\/v2\/comments?post=10275"}],"version-history":[{"count":1,"href":"https:\/\/hamatsesa.com\/fr\/wp-json\/wp\/v2\/pages\/10275\/revisions"}],"predecessor-version":[{"id":10279,"href":"https:\/\/hamatsesa.com\/fr\/wp-json\/wp\/v2\/pages\/10275\/revisions\/10279"}],"wp:attachment":[{"href":"https:\/\/hamatsesa.com\/fr\/wp-json\/wp\/v2\/media?parent=10275"}],"curies":[{"name":"wp","href":"https:\/\/api.w.org\/{rel}","templated":true}]}}