{"id":10273,"date":"2024-11-27T17:29:34","date_gmt":"2024-11-27T15:29:34","guid":{"rendered":"https:\/\/hamatsesa.com\/declaration-pour-la-mobilite-reduite\/"},"modified":"2025-08-01T16:25:01","modified_gmt":"2025-08-01T13:25:01","slug":"declaration-pour-la-mobilite-reduite","status":"publish","type":"page","link":"https:\/\/hamatsesa.com\/fr\/declaration-pour-la-mobilite-reduite\/","title":{"rendered":"D\u00e9claration pour la mobilit\u00e9 r\u00e9duite"},"content":{"rendered":"\n<h3 class=\"wp-block-heading\">Hamatsessa &#8211; lieu deTraitement de fruits, Collines de J\u00e9rusalem<\/h3>\n\n<p>Hamatsessa Sarl (No de st\u00e9 516753928) responsable du site \u201cHamatsesa.com\u201d <\/p>\n\n<p>Nous attachons une grande importance \u00e0 la fourniture d\u2019un service \u00e9quitable \u00e0 tous les citoyens, ainsi qu\u2019\u00e0 l\u2019am\u00e9lioration de l\u2019acc\u00e8s aux services pour les personnes en situation de handicap.<br\/>Nous investissons des ressources consid\u00e9rables dans l\u2019accessibilit\u00e9 de notre site web et de nos supports <\/p>\n\n<p>En Isra\u00ebl, environ 20 % de la population sont des personnes en situation de handicap n\u00e9cessitant un acc\u00e8s num\u00e9rique adapt\u00e9 afin de pouvoir consulter des informations et b\u00e9n\u00e9ficier de services g\u00e9n\u00e9raux.<\/p>\n\n<p>Faciliter l&rsquo;\u2019accessibilit\u00e9 du site de \u00ab\u00a0HaMatessa\u00a0\u00bb Sarl. afin de le rendre plus convivial et facile \u00e0 utiliser pour les populations ayant des besoins sp\u00e9cifiques, r\u00e9sultant notamment de handicaps moteurs divers, de troubles cognitifs, de d\u00e9ficiences visuelles telles que la basse vision, la c\u00e9cit\u00e9 ou le daltonisme, de troubles auditifs ainsi que pour les personnes \u00e2g\u00e9es.<\/p>\n\n<p>Sur ce site, nous utilisons l\u2019extension \u00ab One Click Accessibility \u00bb afin d\u2019am\u00e9liorer l\u2019accessibilit\u00e9 pour les personnes en situation de handicap<\/p>\n\n<h3 class=\"wp-block-heading\"><strong>Niveau d\u2019accessibilit\u00e9 du site \u2013 AA<\/strong><\/h3>\n\n<p>Nous avons adapt\u00e9 l\u2019accessibilit\u00e9 du site aux navigateurs courants et \u00e0 l\u2019utilisation sur t\u00e9l\u00e9phone portable dans la mesure du possible.<\/p>\n\n<p>Nous nous effor\u00e7ons de respecter les exigences du R\u00e8glement sur l\u2019\u00e9galit\u00e9 des droits des personnes en situation de handicap (5688-2013) au niveau AA<\/p>\n\n<p style=\"font-size:31px\"><strong>comment activer le mode accessibilit\u00e9 sur le site<\/strong><\/p>\n\n<p>Sur le site, une ic\u00f4ne d\u2019accessibilit\u00e9 est affich\u00e9e (g\u00e9n\u00e9ralement sur les c\u00f4t\u00e9s de la page).<br\/>En cliquant sur cette ic\u00f4ne, un menu d\u2019accessibilit\u00e9 s\u2019ouvre.<br\/>Apr\u00e8s avoir choisi la fonction souhait\u00e9e dans le menu, veuillez patienter pendant le rechargement de la page et l\u2019application des modifications n\u00e9cessaires \u00e0 l\u2019affichage.  <\/p>\n\n<p>Si vous souhaitez annuler l\u2019action, cliquez de nouveau sur la m\u00eame fonction dans le menu.<br\/>Dans tous les cas, il est possible de r\u00e9initialiser les param\u00e8tres d\u2019accessibilit\u00e9. <\/p>\n\n<p>Le logiciel fonctionne sur les navigateurs populaires : Chrome, Firefox, Safari, Opera, sous r\u00e9serve des conditions du fabricant.<br\/>La navigation en mode accessibilit\u00e9 est recommand\u00e9e avec le navigateur Chrome.<br\/>Le site offre une structure s\u00e9mantique adapt\u00e9e aux technologies d\u2019assistance et prend en charge l\u2019utilisation courante du clavier, notamment avec les touches fl\u00e9ch\u00e9es, Entr\u00e9e et \u00c9chap pour sortir des menus et fen\u00eatres. <\/p>\n\n<h3 class=\"wp-block-heading\"><strong>Exceptions<\/strong><\/h3>\n\n<p>Il est important de noter que, malgr\u00e9 nos efforts pour rendre toutes les pages et tous les \u00e9l\u00e9ments du site accessibles, il est possible que certaines parties ou fonctionnalit\u00e9s ne soient pas encore correctement accessibles ou n\u2019aient pas encore \u00e9t\u00e9 adapt\u00e9es. Nous nous engageons \u00e0 am\u00e9liorer continuellement l\u2019accessibilit\u00e9 de notre site, dans le cadre de notre volont\u00e9 de permettre \u00e0 l\u2019ensemble de la population, y compris les personnes en situation de handicap, d\u2019en faire usage. <\/p>\n\n<h3 class=\"wp-block-heading\"><strong>Accessibilit\u00e9 du lieu<\/strong><\/h3>\n\n<p>Place de stationnement pour personnes handicap\u00e9es \u2013 non disponible<\/p>\n\n<p>Acc\u00e8s en fauteuil roulant \u2013 disponible pour l\u2019atelier \/ l\u2019espace de production. Non disponible pour le centre de visite.<br\/>Contactez-nous pour une visite pour personnes \u00e0 mobilit\u00e9 r\u00e9duite  <\/p>\n\n<p>Toilettes pour personnes \u00e0 mobilit\u00e9 r\u00e9duite &#8211; valable<\/p>\n\n<p>Pas d\u2019ascenseur<\/p>\n\n<h3 class=\"wp-block-heading\"><strong>Contact pour une visite pour personnes \u00e0 mobilit\u00e9 r\u00e9duite<\/strong><\/h3>\n\n<p>Si vous rencontrez un probl\u00e8me d\u2019accessibilit\u00e9 sur notre site, nous serons ravis de recevoir vos remarques et demandes en contactant notre r\u00e9f\u00e9rent accessibilit\u00e9, afin de traiter le probl\u00e8me de la mani\u00e8re la plus efficace possible<br\/>Nous vous recommandons vivement de fournir des d\u00e9tails, autant que possible: <\/p>\n\n<p>Description du probl\u00e8me<\/p>\n\n<p>Quelle action avez-vous tent\u00e9<\/p>\n\n<p>donner le lien de la page de navigation<\/p>\n\n<p>Type de navigateur et sa version<\/p>\n\n<p>Syst\u00e8me d\u2019exploitation<\/p>\n\n<p>Type de technologie d\u2019assistance (si utilis\u00e9e)<\/p>\n\n<p>La soci\u00e9t\u00e9 \u201cHaMatsessea\u201d Sarl. mettra tout en oeuvre pour rendre le site aussi accessible que possible et \u00e0 r\u00e9pondre aux demandes de mani\u00e8re professionnelle et rapide.<\/p>\n\n<h3 class=\"wp-block-heading\">R\u00e9f\u00e9rent accessibilit\u00e9<\/h3>\n\n<p>Tomer Tsur<\/p>\n\n<p>A contacter par tel: +972 544733051<br\/>o\u00f9 par Mail:hamatsesa@gmail.com<\/p>\n\n<p><\/p>\n","protected":false},"excerpt":{"rendered":"<p>Hamatsessa &#8211; lieu deTraitement de fruits, Collines de J\u00e9rusalem Hamatsessa Sarl (No de st\u00e9 516753928) responsable du site \u201cHamatsesa.com\u201d Nous attachons une grande importance \u00e0 la fourniture d\u2019un service \u00e9quitable \u00e0 tous les citoyens, ainsi qu\u2019\u00e0 l\u2019am\u00e9lioration de l\u2019acc\u00e8s aux services pour les personnes en situation de handicap.Nous investissons des ressources consid\u00e9rables dans l\u2019accessibilit\u00e9 de [&hellip;]<\/p>\n","protected":false},"author":1,"featured_media":0,"parent":0,"menu_order":0,"comment_status":"closed","ping_status":"closed","template":"","meta":{"site-sidebar-layout":"default","site-content-layout":"default","ast-site-content-layout":"default","site-content-style":"default","site-sidebar-style":"default","ast-global-header-display":"","ast-banner-title-visibility":"","ast-main-header-display":"","ast-hfb-above-header-display":"","ast-hfb-below-header-display":"","ast-hfb-mobile-header-display":"","site-post-title":"","ast-breadcrumbs-content":"","ast-featured-img":"","footer-sml-layout":"","theme-transparent-header-meta":"default","adv-header-id-meta":"","stick-header-meta":"","header-above-stick-meta":"","header-main-stick-meta":"","header-below-stick-meta":"","astra-migrate-meta-layouts":"default","ast-page-background-enabled":"default","ast-page-background-meta":{"desktop":{"background-color":"","background-image":"","background-repeat":"repeat","background-position":"center center","background-size":"auto","background-attachment":"scroll","background-type":"","background-media":"","overlay-type":"","overlay-color":"","overlay-opacity":"","overlay-gradient":""},"tablet":{"background-color":"","background-image":"","background-repeat":"repeat","background-position":"center center","background-size":"auto","background-attachment":"scroll","background-type":"","background-media":"","overlay-type":"","overlay-color":"","overlay-opacity":"","overlay-gradient":""},"mobile":{"background-color":"","background-image":"","background-repeat":"repeat","background-position":"center center","background-size":"auto","background-attachment":"scroll","background-type":"","background-media":"","overlay-type":"","overlay-color":"","overlay-opacity":"","overlay-gradient":""}},"ast-content-background-meta":{"desktop":{"background-color":"var(--ast-global-color-5)","background-image":"","background-repeat":"repeat","background-position":"center center","background-size":"auto","background-attachment":"scroll","background-type":"","background-media":"","overlay-type":"","overlay-color":"","overlay-opacity":"","overlay-gradient":""},"tablet":{"background-color":"var(--ast-global-color-5)","background-image":"","background-repeat":"repeat","background-position":"center center","background-size":"auto","background-attachment":"scroll","background-type":"","background-media":"","overlay-type":"","overlay-color":"","overlay-opacity":"","overlay-gradient":""},"mobile":{"background-color":"var(--ast-global-color-5)","background-image":"","background-repeat":"repeat","background-position":"center center","background-size":"auto","background-attachment":"scroll","background-type":"","background-media":"","overlay-type":"","overlay-color":"","overlay-opacity":"","overlay-gradient":""}},"footnotes":""},"class_list":["post-10273","page","type-page","status-publish","hentry"],"yoast_head":"<!-- This site is optimized with the Yoast SEO plugin v27.2 - https:\/\/yoast.com\/product\/yoast-seo-wordpress\/ -->\n<title>D\u00e9claration pour la mobilit\u00e9 r\u00e9duite | \u05d4\u05de\u05ea\u05e1\u05e1\u05d4<\/title>\n<meta name=\"robots\" content=\"index, follow, max-snippet:-1, max-image-preview:large, max-video-preview:-1\" \/>\n<link rel=\"canonical\" href=\"https:\/\/hamatsesa.com\/fr\/declaration-pour-la-mobilite-reduite\/\" \/>\n<meta property=\"og:locale\" content=\"fr_FR\" \/>\n<meta property=\"og:type\" content=\"article\" \/>\n<meta property=\"og:title\" content=\"D\u00e9claration pour la mobilit\u00e9 r\u00e9duite | \u05d4\u05de\u05ea\u05e1\u05e1\u05d4\" \/>\n<meta property=\"og:description\" content=\"Hamatsessa &#8211; lieu deTraitement de fruits, Collines de J\u00e9rusalem Hamatsessa Sarl (No de st\u00e9 516753928) responsable du site \u201cHamatsesa.com\u201d Nous attachons une grande importance \u00e0 la fourniture d\u2019un service \u00e9quitable \u00e0 tous les citoyens, ainsi qu\u2019\u00e0 l\u2019am\u00e9lioration de l\u2019acc\u00e8s aux services pour les personnes en situation de handicap.Nous investissons des ressources consid\u00e9rables dans l\u2019accessibilit\u00e9 de [&hellip;]\" \/>\n<meta property=\"og:url\" content=\"https:\/\/hamatsesa.com\/fr\/declaration-pour-la-mobilite-reduite\/\" \/>\n<meta property=\"og:site_name\" content=\"\u05d4\u05de\u05ea\u05e1\u05e1\u05d4\" \/>\n<meta property=\"article:modified_time\" content=\"2025-08-01T13:25:01+00:00\" \/>\n<meta name=\"twitter:card\" content=\"summary_large_image\" \/>\n<meta name=\"twitter:label1\" content=\"Dur\u00e9e de lecture estim\u00e9e\" \/>\n\t<meta name=\"twitter:data1\" content=\"3 minutes\" \/>\n<script type=\"application\/ld+json\" class=\"yoast-schema-graph\">{\"@context\":\"https:\/\/schema.org\",\"@graph\":[{\"@type\":\"WebPage\",\"@id\":\"https:\/\/hamatsesa.com\/fr\/declaration-pour-la-mobilite-reduite\/\",\"url\":\"https:\/\/hamatsesa.com\/fr\/declaration-pour-la-mobilite-reduite\/\",\"name\":\"D\u00e9claration pour la mobilit\u00e9 r\u00e9duite | \u05d4\u05de\u05ea\u05e1\u05e1\u05d4\",\"isPartOf\":{\"@id\":\"https:\/\/hamatsesa.com\/fr\/#website\"},\"datePublished\":\"2024-11-27T15:29:34+00:00\",\"dateModified\":\"2025-08-01T13:25:01+00:00\",\"breadcrumb\":{\"@id\":\"https:\/\/hamatsesa.com\/fr\/declaration-pour-la-mobilite-reduite\/#breadcrumb\"},\"inLanguage\":\"fr-FR\",\"potentialAction\":[{\"@type\":\"ReadAction\",\"target\":[\"https:\/\/hamatsesa.com\/fr\/declaration-pour-la-mobilite-reduite\/\"]}]},{\"@type\":\"BreadcrumbList\",\"@id\":\"https:\/\/hamatsesa.com\/fr\/declaration-pour-la-mobilite-reduite\/#breadcrumb\",\"itemListElement\":[{\"@type\":\"ListItem\",\"position\":1,\"name\":\"\u05d3\u05e3 \u05d4\u05d1\u05d9\u05ea\",\"item\":\"https:\/\/hamatsesa.com\/fr\/maison\/\"},{\"@type\":\"ListItem\",\"position\":2,\"name\":\"D\u00e9claration pour la mobilit\u00e9 r\u00e9duite\"}]},{\"@type\":\"WebSite\",\"@id\":\"https:\/\/hamatsesa.com\/fr\/#website\",\"url\":\"https:\/\/hamatsesa.com\/fr\/\",\"name\":\"\u05d4\u05de\u05ea\u05e1\u05e1\u05d4\",\"description\":\"\u05d1\u05d9\u05ea \u05e2\u05d9\u05d1\u05d5\u05d3 \u05e4\u05e8\u05d9 \u05d9\u05e9\u05e8\u05d0\u05dc\u05d9\",\"publisher\":{\"@id\":\"https:\/\/hamatsesa.com\/fr\/#organization\"},\"potentialAction\":[{\"@type\":\"SearchAction\",\"target\":{\"@type\":\"EntryPoint\",\"urlTemplate\":\"https:\/\/hamatsesa.com\/fr\/?s={search_term_string}\"},\"query-input\":{\"@type\":\"PropertyValueSpecification\",\"valueRequired\":true,\"valueName\":\"search_term_string\"}}],\"inLanguage\":\"fr-FR\"},{\"@type\":\"Organization\",\"@id\":\"https:\/\/hamatsesa.com\/fr\/#organization\",\"name\":\"\u05d4\u05de\u05ea\u05e1\u05e1\u05d4\",\"url\":\"https:\/\/hamatsesa.com\/fr\/\",\"logo\":{\"@type\":\"ImageObject\",\"inLanguage\":\"fr-FR\",\"@id\":\"https:\/\/hamatsesa.com\/fr\/#\/schema\/logo\/image\/\",\"url\":\"https:\/\/hamatsesa.com\/wp-content\/uploads\/2020\/12\/-\u05e1\u05d5\u05e4\u05d9-01-e1626073975222.png\",\"contentUrl\":\"https:\/\/hamatsesa.com\/wp-content\/uploads\/2020\/12\/-\u05e1\u05d5\u05e4\u05d9-01-e1626073975222.png\",\"width\":765,\"height\":600,\"caption\":\"\u05d4\u05de\u05ea\u05e1\u05e1\u05d4\"},\"image\":{\"@id\":\"https:\/\/hamatsesa.com\/fr\/#\/schema\/logo\/image\/\"}}]}<\/script>\n<!-- \/ Yoast SEO plugin. -->","yoast_head_json":{"title":"D\u00e9claration pour la mobilit\u00e9 r\u00e9duite | \u05d4\u05de\u05ea\u05e1\u05e1\u05d4","robots":{"index":"index","follow":"follow","max-snippet":"max-snippet:-1","max-image-preview":"max-image-preview:large","max-video-preview":"max-video-preview:-1"},"canonical":"https:\/\/hamatsesa.com\/fr\/declaration-pour-la-mobilite-reduite\/","og_locale":"fr_FR","og_type":"article","og_title":"D\u00e9claration pour la mobilit\u00e9 r\u00e9duite | \u05d4\u05de\u05ea\u05e1\u05e1\u05d4","og_description":"Hamatsessa &#8211; lieu deTraitement de fruits, Collines de J\u00e9rusalem Hamatsessa Sarl (No de st\u00e9 516753928) responsable du site \u201cHamatsesa.com\u201d Nous attachons une grande importance \u00e0 la fourniture d\u2019un service \u00e9quitable \u00e0 tous les citoyens, ainsi qu\u2019\u00e0 l\u2019am\u00e9lioration de l\u2019acc\u00e8s aux services pour les personnes en situation de handicap.Nous investissons des ressources consid\u00e9rables dans l\u2019accessibilit\u00e9 de [&hellip;]","og_url":"https:\/\/hamatsesa.com\/fr\/declaration-pour-la-mobilite-reduite\/","og_site_name":"\u05d4\u05de\u05ea\u05e1\u05e1\u05d4","article_modified_time":"2025-08-01T13:25:01+00:00","twitter_card":"summary_large_image","twitter_misc":{"Dur\u00e9e de lecture estim\u00e9e":"3 minutes"},"schema":{"@context":"https:\/\/schema.org","@graph":[{"@type":"WebPage","@id":"https:\/\/hamatsesa.com\/fr\/declaration-pour-la-mobilite-reduite\/","url":"https:\/\/hamatsesa.com\/fr\/declaration-pour-la-mobilite-reduite\/","name":"D\u00e9claration pour la mobilit\u00e9 r\u00e9duite | \u05d4\u05de\u05ea\u05e1\u05e1\u05d4","isPartOf":{"@id":"https:\/\/hamatsesa.com\/fr\/#website"},"datePublished":"2024-11-27T15:29:34+00:00","dateModified":"2025-08-01T13:25:01+00:00","breadcrumb":{"@id":"https:\/\/hamatsesa.com\/fr\/declaration-pour-la-mobilite-reduite\/#breadcrumb"},"inLanguage":"fr-FR","potentialAction":[{"@type":"ReadAction","target":["https:\/\/hamatsesa.com\/fr\/declaration-pour-la-mobilite-reduite\/"]}]},{"@type":"BreadcrumbList","@id":"https:\/\/hamatsesa.com\/fr\/declaration-pour-la-mobilite-reduite\/#breadcrumb","itemListElement":[{"@type":"ListItem","position":1,"name":"\u05d3\u05e3 \u05d4\u05d1\u05d9\u05ea","item":"https:\/\/hamatsesa.com\/fr\/maison\/"},{"@type":"ListItem","position":2,"name":"D\u00e9claration pour la mobilit\u00e9 r\u00e9duite"}]},{"@type":"WebSite","@id":"https:\/\/hamatsesa.com\/fr\/#website","url":"https:\/\/hamatsesa.com\/fr\/","name":"\u05d4\u05de\u05ea\u05e1\u05e1\u05d4","description":"\u05d1\u05d9\u05ea \u05e2\u05d9\u05d1\u05d5\u05d3 \u05e4\u05e8\u05d9 \u05d9\u05e9\u05e8\u05d0\u05dc\u05d9","publisher":{"@id":"https:\/\/hamatsesa.com\/fr\/#organization"},"potentialAction":[{"@type":"SearchAction","target":{"@type":"EntryPoint","urlTemplate":"https:\/\/hamatsesa.com\/fr\/?s={search_term_string}"},"query-input":{"@type":"PropertyValueSpecification","valueRequired":true,"valueName":"search_term_string"}}],"inLanguage":"fr-FR"},{"@type":"Organization","@id":"https:\/\/hamatsesa.com\/fr\/#organization","name":"\u05d4\u05de\u05ea\u05e1\u05e1\u05d4","url":"https:\/\/hamatsesa.com\/fr\/","logo":{"@type":"ImageObject","inLanguage":"fr-FR","@id":"https:\/\/hamatsesa.com\/fr\/#\/schema\/logo\/image\/","url":"https:\/\/hamatsesa.com\/wp-content\/uploads\/2020\/12\/-\u05e1\u05d5\u05e4\u05d9-01-e1626073975222.png","contentUrl":"https:\/\/hamatsesa.com\/wp-content\/uploads\/2020\/12\/-\u05e1\u05d5\u05e4\u05d9-01-e1626073975222.png","width":765,"height":600,"caption":"\u05d4\u05de\u05ea\u05e1\u05e1\u05d4"},"image":{"@id":"https:\/\/hamatsesa.com\/fr\/#\/schema\/logo\/image\/"}}]}},"_links":{"self":[{"href":"https:\/\/hamatsesa.com\/fr\/wp-json\/wp\/v2\/pages\/10273","targetHints":{"allow":["GET"]}}],"collection":[{"href":"https:\/\/hamatsesa.com\/fr\/wp-json\/wp\/v2\/pages"}],"about":[{"href":"https:\/\/hamatsesa.com\/fr\/wp-json\/wp\/v2\/types\/page"}],"author":[{"embeddable":true,"href":"https:\/\/hamatsesa.com\/fr\/wp-json\/wp\/v2\/users\/1"}],"replies":[{"embeddable":true,"href":"https:\/\/hamatsesa.com\/fr\/wp-json\/wp\/v2\/comments?post=10273"}],"version-history":[{"count":1,"href":"https:\/\/hamatsesa.com\/fr\/wp-json\/wp\/v2\/pages\/10273\/revisions"}],"predecessor-version":[{"id":10274,"href":"https:\/\/hamatsesa.com\/fr\/wp-json\/wp\/v2\/pages\/10273\/revisions\/10274"}],"wp:attachment":[{"href":"https:\/\/hamatsesa.com\/fr\/wp-json\/wp\/v2\/media?parent=10273"}],"curies":[{"name":"wp","href":"https:\/\/api.w.org\/{rel}","templated":true}]}}