{"id":10270,"date":"2021-04-29T10:52:28","date_gmt":"2021-04-29T07:52:28","guid":{"rendered":"https:\/\/hamatsesa.com\/regles-de-confidentialite\/"},"modified":"2025-08-01T15:59:49","modified_gmt":"2025-08-01T12:59:49","slug":"regles-de-confidentialite","status":"publish","type":"page","link":"https:\/\/hamatsesa.com\/fr\/regles-de-confidentialite\/","title":{"rendered":"R\u00e8gles de confidentialit\u00e9"},"content":{"rendered":"\n<h2 class=\"wp-block-heading\">Hamatsessa &#8211; usine de traitement de fruits, Collines de J\u00e9rusalem<\/h2>\n\n<p>Lien du site:<br\/>https:\/\/hamatsesa.com.<\/p>\n\n<h2 class=\"wp-block-heading\">R\u00e8gles de livraison et retours:<\/h2>\n\n<p>Montant de la livraison \u00e0 domicile: 42 Sh<\/p>\n\n<p>Livraison gratuite: pour un montant de 300 Sh et plus<\/p>\n\n<p> d\u00e9lais de livraison dans, zone Centre ( J\u00e9rusalem et le \u201cCorridor\u201d de J\u00e9rusalem, et de Guedera \u00e0 Netanya): 7 jours ouvrables<\/p>\n\n<p>Dans le rest du pays, livraison dans les 14 jours ouvrables (par sous-traitant)<\/p>\n\n<p>Aucun retour acc\u00e9pt\u00e9<\/p>\n\n<p>En cas de produit d\u00e9fectueux, merci de nous contacter.<br\/>Le retour du produit se fera sur rendez-vous et avec notre accord pr\u00e9alable<\/p>\n\n<p style=\"font-size:31px\">Bon Cadeau<\/p>\n\n<p> Bon cadeau : bon qui donne droit de recevoir un produit ou un service en \u00e9change, \u00e0 l\u2019exception de toute contrepartie mon\u00e9taire<\/p>\n\n<p>Le Bon cadeau est personnel et ne peut \u00eatre transmis<\/p>\n\n<p>Un seul bon valable par achat.<\/p>\n\n<p><\/p>\n\n<h3 class=\"wp-block-heading\"> Contacts <\/h3>\n\n<p>Tel 054-4733087  <\/p>\n\n<p>Mail: hamatsesa@gmail.com <\/p>\n\n<h3 class=\"wp-block-heading\">Cookies<\/h3>\n\n<p>Lorsque vous laissez un commentaire sur notre site, vous avez la possibilit\u00e9 de choisir si vous souhaitez que votre nom, votre adresse e-mail et l\u2019URL de votre site soient enregistr\u00e9s dans des cookies.<br\/>Ces cookies sont utilis\u00e9s pour votre confort, afin que vous n\u2019ayez pas \u00e0 ressaisir ces informations lors d\u2019un prochain commentaire.<br\/>Les cookies seront conserv\u00e9s pendant une dur\u00e9e d\u2019un an.  <\/p>\n\n<p>Si vous visitez la page de connexion de notre site, un cookie temporaire sera cr\u00e9\u00e9 afin de d\u00e9terminer si votre navigateur accepte les cookies.<br\/>Ce cookie ne contient aucune donn\u00e9e personnelle et est supprim\u00e9 automatiquement \u00e0 la fermeture de votre navigateur. <\/p>\n\n<p>Lorsque vous vous connectez, plusieurs cookies seront enregistr\u00e9s afin de m\u00e9moriser vos informations de connexion ainsi que vos pr\u00e9f\u00e9rences d\u2019affichage.<br\/>Les cookies de connexion sont valides pendant deux jours, tandis que les cookies de pr\u00e9f\u00e9rences d\u2019\u00e9cran sont valables pendant un an.<br\/>Si vous s\u00e9lectionnez l\u2019option \u00ab Se souvenir de moi \u00bb, vos informations de connexion seront conserv\u00e9es pendant deux semaines.<br\/>En cas de d\u00e9connexion, les cookies de connexion seront supprim\u00e9s automatiquement.   <\/p>\n\n<p>Si vous \u00e9ditez ou publiez un article, un cookie suppl\u00e9mentaire sera enregistr\u00e9 dans votre navigateur.<br\/>Ce cookie ne contient aucune donn\u00e9e personnelle ; il sert uniquement \u00e0 indiquer l\u2019identifiant de l\u2019article que vous venez de modifier.<br\/>Il expirera au bout d\u2019un jour.  <\/p>\n\n<h3 class=\"wp-block-heading\">Contenu int\u00e9gr\u00e9 provenant d\u2019autres sites<\/h3>\n\n<p>Les articles ou publications sur ce site peuvent inclure du contenu int\u00e9gr\u00e9 (par exemple des vid\u00e9os, des images, des articles, etc.).<br\/>Le contenu int\u00e9gr\u00e9 depuis d\u2019autres sites web est trait\u00e9 de la m\u00eame mani\u00e8re qu\u2019une visite directe de l\u2019utilisateur sur ces sites externes. <\/p>\n\n<p>Ces sites web peuvent collecter des donn\u00e9es vous concernant, utiliser des cookies, int\u00e9grer des outils d\u2019un tiers suppl\u00e9mentaire, et surveiller vos interactions avec le contenu int\u00e9gr\u00e9, y compris si vous avez un compte et que vous \u00eates connect\u00e9 \u00e0 ces sites.<\/p>\n\n<h2 class=\"wp-block-heading\">Combien de temps conserverons-nous vos informations<\/h2>\n\n<p>Si vous laissez un commentaire sur notre site, le commentaire ainsi que les donn\u00e9es seront conserv\u00e9s ind\u00e9finiment.<br\/>Cela nous permet de reconna\u00eetre et d\u2019approuver automatiquement les commentaires suivants, sans les conserver dans une fichier<\/p>\n\n<p>Les informations fournies sur notre site seront, \u00e9ventuellement, stock\u00e9es dans le profil utilisateur.<br\/>Tous les utilisateurs peuvent voir, modifier ou supprimer leurs informations personnelles \u00e0 tout moment (\u00e0 l\u2019exception de leur nom d\u2019utilisateur, qui ne peut pas \u00eatre modifi\u00e9).<br\/>Les administrateurs du site peuvent \u00e9galement voir et modifier ces informations  <\/p>\n\n<h2 class=\"wp-block-heading\">Quels sont vos droits sur vos donn\u00e9es?<\/h2>\n\n<p>Si vous avez un compte sur ce site ou si vous y avez laiss\u00e9 des commentaires, vous pouvez demander \u00e0 recevoir un fichier contenant toutes les donn\u00e9es personnelles que nous d\u00e9tenons \u00e0 votre sujet, y compris celles que vous nous avez fournies.<br\/> Vous pouvez \u00e9galement demander la suppression de toutes les donn\u00e9es personnelles vous concernant.<br\/> Cela n\u2019inclut pas les donn\u00e9es que nous sommes tenus de conserver \u00e0 des fins administratives, l\u00e9gales ou de s\u00e9curit\u00e9  <\/p>\n\n<h2 class=\"wp-block-heading\">Annulation d\u2019achat<\/h2>\n\n<p>Annulation d\u2019une transaction conform\u00e9ment au R\u00e8glement sur la protection du consommateur (Annulation de transaction), 2010, et \u00e0 la Loi sur la protection du consommateur, 1981<\/p>\n","protected":false},"excerpt":{"rendered":"<p>Hamatsessa &#8211; usine de traitement de fruits, Collines de J\u00e9rusalem Lien du site:https:\/\/hamatsesa.com. R\u00e8gles de livraison et retours: Montant de la livraison \u00e0 domicile: 42 Sh Livraison gratuite: pour un montant de 300 Sh et plus d\u00e9lais de livraison dans, zone Centre ( J\u00e9rusalem et le \u201cCorridor\u201d de J\u00e9rusalem, et de Guedera \u00e0 Netanya): 7 [&hellip;]<\/p>\n","protected":false},"author":1,"featured_media":0,"parent":0,"menu_order":0,"comment_status":"closed","ping_status":"closed","template":"","meta":{"site-sidebar-layout":"default","site-content-layout":"default","ast-site-content-layout":"default","site-content-style":"default","site-sidebar-style":"default","ast-global-header-display":"","ast-banner-title-visibility":"","ast-main-header-display":"","ast-hfb-above-header-display":"","ast-hfb-below-header-display":"","ast-hfb-mobile-header-display":"","site-post-title":"","ast-breadcrumbs-content":"","ast-featured-img":"","footer-sml-layout":"","theme-transparent-header-meta":"default","adv-header-id-meta":"","stick-header-meta":"","header-above-stick-meta":"","header-main-stick-meta":"","header-below-stick-meta":"","astra-migrate-meta-layouts":"default","ast-page-background-enabled":"default","ast-page-background-meta":{"desktop":{"background-color":"","background-image":"","background-repeat":"repeat","background-position":"center center","background-size":"auto","background-attachment":"scroll","background-type":"","background-media":"","overlay-type":"","overlay-color":"","overlay-opacity":"","overlay-gradient":""},"tablet":{"background-color":"","background-image":"","background-repeat":"repeat","background-position":"center center","background-size":"auto","background-attachment":"scroll","background-type":"","background-media":"","overlay-type":"","overlay-color":"","overlay-opacity":"","overlay-gradient":""},"mobile":{"background-color":"","background-image":"","background-repeat":"repeat","background-position":"center center","background-size":"auto","background-attachment":"scroll","background-type":"","background-media":"","overlay-type":"","overlay-color":"","overlay-opacity":"","overlay-gradient":""}},"ast-content-background-meta":{"desktop":{"background-color":"var(--ast-global-color-5)","background-image":"","background-repeat":"repeat","background-position":"center center","background-size":"auto","background-attachment":"scroll","background-type":"","background-media":"","overlay-type":"","overlay-color":"","overlay-opacity":"","overlay-gradient":""},"tablet":{"background-color":"var(--ast-global-color-5)","background-image":"","background-repeat":"repeat","background-position":"center center","background-size":"auto","background-attachment":"scroll","background-type":"","background-media":"","overlay-type":"","overlay-color":"","overlay-opacity":"","overlay-gradient":""},"mobile":{"background-color":"var(--ast-global-color-5)","background-image":"","background-repeat":"repeat","background-position":"center center","background-size":"auto","background-attachment":"scroll","background-type":"","background-media":"","overlay-type":"","overlay-color":"","overlay-opacity":"","overlay-gradient":""}},"footnotes":""},"class_list":["post-10270","page","type-page","status-publish","hentry"],"yoast_head":"<!-- This site is optimized with the Yoast SEO plugin v27.2 - https:\/\/yoast.com\/product\/yoast-seo-wordpress\/ -->\n<title>R\u00e8gles de confidentialit\u00e9 | \u05d4\u05de\u05ea\u05e1\u05e1\u05d4<\/title>\n<meta name=\"robots\" content=\"index, follow, max-snippet:-1, max-image-preview:large, max-video-preview:-1\" \/>\n<link rel=\"canonical\" href=\"https:\/\/hamatsesa.com\/fr\/regles-de-confidentialite\/\" \/>\n<meta property=\"og:locale\" content=\"fr_FR\" \/>\n<meta property=\"og:type\" content=\"article\" \/>\n<meta property=\"og:title\" content=\"R\u00e8gles de confidentialit\u00e9 | \u05d4\u05de\u05ea\u05e1\u05e1\u05d4\" \/>\n<meta property=\"og:description\" content=\"Hamatsessa &#8211; usine de traitement de fruits, Collines de J\u00e9rusalem Lien du site:https:\/\/hamatsesa.com. R\u00e8gles de livraison et retours: Montant de la livraison \u00e0 domicile: 42 Sh Livraison gratuite: pour un montant de 300 Sh et plus d\u00e9lais de livraison dans, zone Centre ( J\u00e9rusalem et le \u201cCorridor\u201d de J\u00e9rusalem, et de Guedera \u00e0 Netanya): 7 [&hellip;]\" \/>\n<meta property=\"og:url\" content=\"https:\/\/hamatsesa.com\/fr\/regles-de-confidentialite\/\" \/>\n<meta property=\"og:site_name\" content=\"\u05d4\u05de\u05ea\u05e1\u05e1\u05d4\" \/>\n<meta property=\"article:modified_time\" content=\"2025-08-01T12:59:49+00:00\" \/>\n<meta name=\"twitter:card\" content=\"summary_large_image\" \/>\n<meta name=\"twitter:label1\" content=\"Dur\u00e9e de lecture estim\u00e9e\" \/>\n\t<meta name=\"twitter:data1\" content=\"3 minutes\" \/>\n<script type=\"application\/ld+json\" class=\"yoast-schema-graph\">{\"@context\":\"https:\/\/schema.org\",\"@graph\":[{\"@type\":\"WebPage\",\"@id\":\"https:\/\/hamatsesa.com\/fr\/regles-de-confidentialite\/\",\"url\":\"https:\/\/hamatsesa.com\/fr\/regles-de-confidentialite\/\",\"name\":\"R\u00e8gles de confidentialit\u00e9 | \u05d4\u05de\u05ea\u05e1\u05e1\u05d4\",\"isPartOf\":{\"@id\":\"https:\/\/hamatsesa.com\/fr\/#website\"},\"datePublished\":\"2021-04-29T07:52:28+00:00\",\"dateModified\":\"2025-08-01T12:59:49+00:00\",\"breadcrumb\":{\"@id\":\"https:\/\/hamatsesa.com\/fr\/regles-de-confidentialite\/#breadcrumb\"},\"inLanguage\":\"fr-FR\",\"potentialAction\":[{\"@type\":\"ReadAction\",\"target\":[\"https:\/\/hamatsesa.com\/fr\/regles-de-confidentialite\/\"]}]},{\"@type\":\"BreadcrumbList\",\"@id\":\"https:\/\/hamatsesa.com\/fr\/regles-de-confidentialite\/#breadcrumb\",\"itemListElement\":[{\"@type\":\"ListItem\",\"position\":1,\"name\":\"\u05d3\u05e3 \u05d4\u05d1\u05d9\u05ea\",\"item\":\"https:\/\/hamatsesa.com\/fr\/maison\/\"},{\"@type\":\"ListItem\",\"position\":2,\"name\":\"R\u00e8gles de confidentialit\u00e9\"}]},{\"@type\":\"WebSite\",\"@id\":\"https:\/\/hamatsesa.com\/fr\/#website\",\"url\":\"https:\/\/hamatsesa.com\/fr\/\",\"name\":\"\u05d4\u05de\u05ea\u05e1\u05e1\u05d4\",\"description\":\"\u05d1\u05d9\u05ea \u05e2\u05d9\u05d1\u05d5\u05d3 \u05e4\u05e8\u05d9 \u05d9\u05e9\u05e8\u05d0\u05dc\u05d9\",\"publisher\":{\"@id\":\"https:\/\/hamatsesa.com\/fr\/#organization\"},\"potentialAction\":[{\"@type\":\"SearchAction\",\"target\":{\"@type\":\"EntryPoint\",\"urlTemplate\":\"https:\/\/hamatsesa.com\/fr\/?s={search_term_string}\"},\"query-input\":{\"@type\":\"PropertyValueSpecification\",\"valueRequired\":true,\"valueName\":\"search_term_string\"}}],\"inLanguage\":\"fr-FR\"},{\"@type\":\"Organization\",\"@id\":\"https:\/\/hamatsesa.com\/fr\/#organization\",\"name\":\"\u05d4\u05de\u05ea\u05e1\u05e1\u05d4\",\"url\":\"https:\/\/hamatsesa.com\/fr\/\",\"logo\":{\"@type\":\"ImageObject\",\"inLanguage\":\"fr-FR\",\"@id\":\"https:\/\/hamatsesa.com\/fr\/#\/schema\/logo\/image\/\",\"url\":\"https:\/\/hamatsesa.com\/wp-content\/uploads\/2020\/12\/-\u05e1\u05d5\u05e4\u05d9-01-e1626073975222.png\",\"contentUrl\":\"https:\/\/hamatsesa.com\/wp-content\/uploads\/2020\/12\/-\u05e1\u05d5\u05e4\u05d9-01-e1626073975222.png\",\"width\":765,\"height\":600,\"caption\":\"\u05d4\u05de\u05ea\u05e1\u05e1\u05d4\"},\"image\":{\"@id\":\"https:\/\/hamatsesa.com\/fr\/#\/schema\/logo\/image\/\"}}]}<\/script>\n<!-- \/ Yoast SEO plugin. -->","yoast_head_json":{"title":"R\u00e8gles de confidentialit\u00e9 | \u05d4\u05de\u05ea\u05e1\u05e1\u05d4","robots":{"index":"index","follow":"follow","max-snippet":"max-snippet:-1","max-image-preview":"max-image-preview:large","max-video-preview":"max-video-preview:-1"},"canonical":"https:\/\/hamatsesa.com\/fr\/regles-de-confidentialite\/","og_locale":"fr_FR","og_type":"article","og_title":"R\u00e8gles de confidentialit\u00e9 | \u05d4\u05de\u05ea\u05e1\u05e1\u05d4","og_description":"Hamatsessa &#8211; usine de traitement de fruits, Collines de J\u00e9rusalem Lien du site:https:\/\/hamatsesa.com. R\u00e8gles de livraison et retours: Montant de la livraison \u00e0 domicile: 42 Sh Livraison gratuite: pour un montant de 300 Sh et plus d\u00e9lais de livraison dans, zone Centre ( J\u00e9rusalem et le \u201cCorridor\u201d de J\u00e9rusalem, et de Guedera \u00e0 Netanya): 7 [&hellip;]","og_url":"https:\/\/hamatsesa.com\/fr\/regles-de-confidentialite\/","og_site_name":"\u05d4\u05de\u05ea\u05e1\u05e1\u05d4","article_modified_time":"2025-08-01T12:59:49+00:00","twitter_card":"summary_large_image","twitter_misc":{"Dur\u00e9e de lecture estim\u00e9e":"3 minutes"},"schema":{"@context":"https:\/\/schema.org","@graph":[{"@type":"WebPage","@id":"https:\/\/hamatsesa.com\/fr\/regles-de-confidentialite\/","url":"https:\/\/hamatsesa.com\/fr\/regles-de-confidentialite\/","name":"R\u00e8gles de confidentialit\u00e9 | \u05d4\u05de\u05ea\u05e1\u05e1\u05d4","isPartOf":{"@id":"https:\/\/hamatsesa.com\/fr\/#website"},"datePublished":"2021-04-29T07:52:28+00:00","dateModified":"2025-08-01T12:59:49+00:00","breadcrumb":{"@id":"https:\/\/hamatsesa.com\/fr\/regles-de-confidentialite\/#breadcrumb"},"inLanguage":"fr-FR","potentialAction":[{"@type":"ReadAction","target":["https:\/\/hamatsesa.com\/fr\/regles-de-confidentialite\/"]}]},{"@type":"BreadcrumbList","@id":"https:\/\/hamatsesa.com\/fr\/regles-de-confidentialite\/#breadcrumb","itemListElement":[{"@type":"ListItem","position":1,"name":"\u05d3\u05e3 \u05d4\u05d1\u05d9\u05ea","item":"https:\/\/hamatsesa.com\/fr\/maison\/"},{"@type":"ListItem","position":2,"name":"R\u00e8gles de confidentialit\u00e9"}]},{"@type":"WebSite","@id":"https:\/\/hamatsesa.com\/fr\/#website","url":"https:\/\/hamatsesa.com\/fr\/","name":"\u05d4\u05de\u05ea\u05e1\u05e1\u05d4","description":"\u05d1\u05d9\u05ea \u05e2\u05d9\u05d1\u05d5\u05d3 \u05e4\u05e8\u05d9 \u05d9\u05e9\u05e8\u05d0\u05dc\u05d9","publisher":{"@id":"https:\/\/hamatsesa.com\/fr\/#organization"},"potentialAction":[{"@type":"SearchAction","target":{"@type":"EntryPoint","urlTemplate":"https:\/\/hamatsesa.com\/fr\/?s={search_term_string}"},"query-input":{"@type":"PropertyValueSpecification","valueRequired":true,"valueName":"search_term_string"}}],"inLanguage":"fr-FR"},{"@type":"Organization","@id":"https:\/\/hamatsesa.com\/fr\/#organization","name":"\u05d4\u05de\u05ea\u05e1\u05e1\u05d4","url":"https:\/\/hamatsesa.com\/fr\/","logo":{"@type":"ImageObject","inLanguage":"fr-FR","@id":"https:\/\/hamatsesa.com\/fr\/#\/schema\/logo\/image\/","url":"https:\/\/hamatsesa.com\/wp-content\/uploads\/2020\/12\/-\u05e1\u05d5\u05e4\u05d9-01-e1626073975222.png","contentUrl":"https:\/\/hamatsesa.com\/wp-content\/uploads\/2020\/12\/-\u05e1\u05d5\u05e4\u05d9-01-e1626073975222.png","width":765,"height":600,"caption":"\u05d4\u05de\u05ea\u05e1\u05e1\u05d4"},"image":{"@id":"https:\/\/hamatsesa.com\/fr\/#\/schema\/logo\/image\/"}}]}},"_links":{"self":[{"href":"https:\/\/hamatsesa.com\/fr\/wp-json\/wp\/v2\/pages\/10270","targetHints":{"allow":["GET"]}}],"collection":[{"href":"https:\/\/hamatsesa.com\/fr\/wp-json\/wp\/v2\/pages"}],"about":[{"href":"https:\/\/hamatsesa.com\/fr\/wp-json\/wp\/v2\/types\/page"}],"author":[{"embeddable":true,"href":"https:\/\/hamatsesa.com\/fr\/wp-json\/wp\/v2\/users\/1"}],"replies":[{"embeddable":true,"href":"https:\/\/hamatsesa.com\/fr\/wp-json\/wp\/v2\/comments?post=10270"}],"version-history":[{"count":1,"href":"https:\/\/hamatsesa.com\/fr\/wp-json\/wp\/v2\/pages\/10270\/revisions"}],"predecessor-version":[{"id":10271,"href":"https:\/\/hamatsesa.com\/fr\/wp-json\/wp\/v2\/pages\/10270\/revisions\/10271"}],"wp:attachment":[{"href":"https:\/\/hamatsesa.com\/fr\/wp-json\/wp\/v2\/media?parent=10270"}],"curies":[{"name":"wp","href":"https:\/\/api.w.org\/{rel}","templated":true}]}}